{"id":8103,"date":"2025-12-02T10:59:33","date_gmt":"2025-12-02T10:59:33","guid":{"rendered":"https:\/\/longwellprofessional.com\/?post_type=product&#038;p=8103"},"modified":"2025-12-02T12:00:14","modified_gmt":"2025-12-02T12:00:14","slug":"champu-silver-nature-100ml","status":"publish","type":"product","link":"https:\/\/longwellprofessional.com\/en\/champu-silver-nature-100ml\/","title":{"rendered":"Champ\u00fa Silver Nature 100ml"},"content":{"rendered":"<p data-path-to-node=\"4\">The<b> Champ\u00fa Silver Nature Longwell <\/b>est\u00e1\u00a0formulado espec\u00edficamente para el cuidado y mantenimiento de cabellos grises, blancos o decolorados. Este tratamiento destaca por su capacidad para neutralizar los tonos amarillentos indeseados, realzando la pureza del blanco y devolviendo al cabello su brillo original.<\/p>\n<p data-path-to-node=\"5\">Lo que hace \u00fanica a su f\u00f3rmula es que cuenta con un <b>92% de ingredientes naturales<\/b> y est\u00e1 totalmente <b>libre de sulfatos<\/b>. Enriquecido con un complejo de Aceite de Germen de Trigo, Aceite de Oliva, Extracto de Aloe Vera y \u00c1cido Hialur\u00f3nico, act\u00faa m\u00e1s all\u00e1 del color: nutre e hidrata en profundidad, dejando la fibra capilar sedosa, manejable y visiblemente m\u00e1s sana.<\/p>\n<p data-path-to-node=\"6\"><b>Benefits:<\/b><\/p>\n<ul data-path-to-node=\"7\">\n<li>\n<p data-path-to-node=\"7,0,0\">Neutraliza eficazmente los reflejos amarillentos.<\/p>\n<\/li>\n<li>\n<p data-path-to-node=\"7,1,0\">F\u00f3rmula <b>sin sulfatos<\/b> y con un 92% de ingredientes naturales.<\/p>\n<\/li>\n<li>\n<p data-path-to-node=\"7,2,0\">Contiene \u00c1cido Hialur\u00f3nico y Aloe Vera para una hidrataci\u00f3n profunda.<\/p>\n<\/li>\n<li>\n<p data-path-to-node=\"7,3,0\">Nutre y suaviza gracias a los aceites de Trigo y Oliva.<\/p>\n<\/li>\n<li>\n<p data-path-to-node=\"7,4,0\">Realza la luminosidad y el brillo natural del cabello.<\/p>\n<\/li>\n<\/ul>\n<p>Tambi\u00e9n en <span style=\"color: #000000;\"><strong><a style=\"color: #000000;\" href=\"https:\/\/longwellprofessional.com\/en\/champu-silver-nature-500ml\/\">Formato 500ml.<\/a><\/strong><\/span><\/p>","protected":false},"excerpt":{"rendered":"<p><strong>Champ\u00fa Silver<\/strong> matizador sin sulfatos, con un 92% de ingredientes naturales. Neutraliza los tonos amarillos en cabellos grises o decolorados mientras hidrata y nutre gracias a su f\u00f3rmula con \u00c1cido Hialur\u00f3nico, Aloe Vera y aceites naturales.<\/p>","protected":false},"featured_media":8104,"comment_status":"closed","ping_status":"closed","template":"","meta":{"_et_pb_use_builder":"","_et_pb_old_content":"","_et_gb_content_width":"","inline_featured_image":false},"product_brand":[],"product_cat":[148,149],"product_tag":[101],"class_list":{"0":"post-8103","1":"product","2":"type-product","3":"status-publish","4":"has-post-thumbnail","6":"product_cat-nature","7":"product_cat-nature-shampoo","8":"product_tag-vegan-friendly","10":"first","11":"instock","12":"shipping-taxable","13":"product-type-simple"},"_links":{"self":[{"href":"https:\/\/longwellprofessional.com\/en\/wp-json\/wp\/v2\/product\/8103","targetHints":{"allow":["GET"]}}],"collection":[{"href":"https:\/\/longwellprofessional.com\/en\/wp-json\/wp\/v2\/product"}],"about":[{"href":"https:\/\/longwellprofessional.com\/en\/wp-json\/wp\/v2\/types\/product"}],"replies":[{"embeddable":true,"href":"https:\/\/longwellprofessional.com\/en\/wp-json\/wp\/v2\/comments?post=8103"}],"wp:featuredmedia":[{"embeddable":true,"href":"https:\/\/longwellprofessional.com\/en\/wp-json\/wp\/v2\/media\/8104"}],"wp:attachment":[{"href":"https:\/\/longwellprofessional.com\/en\/wp-json\/wp\/v2\/media?parent=8103"}],"wp:term":[{"taxonomy":"product_brand","embeddable":true,"href":"https:\/\/longwellprofessional.com\/en\/wp-json\/wp\/v2\/product_brand?post=8103"},{"taxonomy":"product_cat","embeddable":true,"href":"https:\/\/longwellprofessional.com\/en\/wp-json\/wp\/v2\/product_cat?post=8103"},{"taxonomy":"product_tag","embeddable":true,"href":"https:\/\/longwellprofessional.com\/en\/wp-json\/wp\/v2\/product_tag?post=8103"}],"curies":[{"name":"wp","href":"https:\/\/api.w.org\/{rel}","templated":true}]}}