{"id":7949,"date":"2025-09-11T12:56:51","date_gmt":"2025-09-11T11:56:51","guid":{"rendered":"https:\/\/longwellprofessional.com\/?post_type=product&#038;p=7949"},"modified":"2025-11-21T10:32:14","modified_gmt":"2025-11-21T10:32:14","slug":"champu-hidratante-bond-maintainer-no4-100ml","status":"publish","type":"product","link":"https:\/\/longwellprofessional.com\/en\/champu-hidratante-bond-maintainer-no4-100ml\/","title":{"rendered":"Champ\u00fa Bond Maintainer N\u00ba4 Diamond Plex 100ml"},"content":{"rendered":"<p>The <b>Champ\u00fa Bond Maintainer<\/b> es un champ\u00fa hidratante que reestructura, repara y fortalece la fibra capilar. Formulado con <b>prote\u00edna PLEx<\/b> y extractos de <b>Pi\u00f1a<\/b>, <b>Cal\u00e9ndula<\/b> Y <b>Aloe Vera<\/b>, garantiza un efecto reparador inmediato. Su f\u00f3rmula, sin sulfatos, mejora la resistencia y elasticidad del cabello, confiri\u00e9ndole flexibilidad y un brillo saludable. Es ideal para todo tipo de cabello, incluso para los da\u00f1ados y secos.<\/p>\n<p><strong>Benefits:<\/strong><\/p>\n<ul>\n<li>Hidrata, repara y fortalece la fibra capilar.<\/li>\n<li>Mejora la resistencia y elasticidad del cabello.<\/li>\n<li>Garantiza un efecto reparador inmediato.<\/li>\n<li>Confiere flexibilidad y un brillo saludable.<\/li>\n<li>Es apto para todo tipo de cabello.<\/li>\n<\/ul>","protected":false},"excerpt":{"rendered":"<p>Champ\u00fa hidratante y reparador que fortalece la fibra capilar. Con <b>PLEX protein<\/b>\u00a0y extractos de <b>Pi\u00f1a<\/b> Y <b>Aloe Vera<\/b>, mejora la resistencia y elasticidad, dejando el cabello con un brillo saludable.<\/p>","protected":false},"featured_media":7952,"comment_status":"closed","ping_status":"closed","template":"","meta":{"_et_pb_use_builder":"","_et_pb_old_content":"","_et_gb_content_width":"","inline_featured_image":false},"product_brand":[],"product_cat":[59,52],"product_tag":[101],"class_list":{"0":"post-7949","1":"product","2":"type-product","3":"status-publish","4":"has-post-thumbnail","6":"product_cat-linea-plex","7":"product_cat-productos","8":"product_tag-vegan-friendly","10":"first","11":"instock","12":"shipping-taxable","13":"product-type-simple"},"_links":{"self":[{"href":"https:\/\/longwellprofessional.com\/en\/wp-json\/wp\/v2\/product\/7949","targetHints":{"allow":["GET"]}}],"collection":[{"href":"https:\/\/longwellprofessional.com\/en\/wp-json\/wp\/v2\/product"}],"about":[{"href":"https:\/\/longwellprofessional.com\/en\/wp-json\/wp\/v2\/types\/product"}],"replies":[{"embeddable":true,"href":"https:\/\/longwellprofessional.com\/en\/wp-json\/wp\/v2\/comments?post=7949"}],"wp:featuredmedia":[{"embeddable":true,"href":"https:\/\/longwellprofessional.com\/en\/wp-json\/wp\/v2\/media\/7952"}],"wp:attachment":[{"href":"https:\/\/longwellprofessional.com\/en\/wp-json\/wp\/v2\/media?parent=7949"}],"wp:term":[{"taxonomy":"product_brand","embeddable":true,"href":"https:\/\/longwellprofessional.com\/en\/wp-json\/wp\/v2\/product_brand?post=7949"},{"taxonomy":"product_cat","embeddable":true,"href":"https:\/\/longwellprofessional.com\/en\/wp-json\/wp\/v2\/product_cat?post=7949"},{"taxonomy":"product_tag","embeddable":true,"href":"https:\/\/longwellprofessional.com\/en\/wp-json\/wp\/v2\/product_tag?post=7949"}],"curies":[{"name":"wp","href":"https:\/\/api.w.org\/{rel}","templated":true}]}}