{"id":7930,"date":"2025-09-05T11:45:22","date_gmt":"2025-09-05T10:45:22","guid":{"rendered":"https:\/\/longwellprofessional.com\/?post_type=product&#038;p=7930"},"modified":"2025-12-02T11:31:22","modified_gmt":"2025-12-02T11:31:22","slug":"acondicionador-repair-nature-500ml","status":"publish","type":"product","link":"https:\/\/longwellprofessional.com\/en\/acondicionador-repair-nature-500ml\/","title":{"rendered":"Acondicionador Repair Nature 500ml"},"content":{"rendered":"<p>The <b>Acondicionador Repair de Nature<\/b> es un acondicionador intensivo para todo tipo de cabellos, especialmente para los finos, d\u00e9biles, secos o fr\u00e1giles. Su f\u00f3rmula, enriquecida con <b>Pantenol<\/b>, <b>Vitamin E<\/b>, <b>Extracto de Bamb\u00fa<\/b> Y <b>Hyaluronic acid<\/b>, proporciona hidrataci\u00f3n, nutrici\u00f3n y reparaci\u00f3n que ayudan a reestructurar y fortalecer la fibra capilar, protegi\u00e9ndola de las agresiones externas. Adem\u00e1s, combate el encrespamiento y previene las puntas abiertas, devolviendo al cabello su elasticidad, brillo y suavidad.<\/p>\n<p><strong>Benefits:<\/strong><\/p>\n<ul>\n<li>Hidrata y nutre en profundidad.<\/li>\n<li>Reestructura y refuerza la fibra capilar.<\/li>\n<li>Combate el encrespamiento y previene las puntas abiertas.<\/li>\n<li>Aporta brillo, suavidad y elasticidad.<\/li>\n<li>Deja el cabello d\u00f3cil y f\u00e1cil de peinar.<\/li>\n<\/ul>","protected":false},"excerpt":{"rendered":"<p>Acondicionador reparador intensivo para todo tipo de cabello. Con <b>Pantenol<\/b> Y <b>Hyaluronic acid<\/b>, nutre e hidrata en profundidad, restaurando la elasticidad y el brillo del cabello.<\/p>","protected":false},"featured_media":7931,"comment_status":"closed","ping_status":"closed","template":"","meta":{"_et_pb_use_builder":"","_et_pb_old_content":"","_et_gb_content_width":"","inline_featured_image":false},"product_brand":[],"product_cat":[148,150],"product_tag":[101],"class_list":{"0":"post-7930","1":"product","2":"type-product","3":"status-publish","4":"has-post-thumbnail","6":"product_cat-nature","7":"product_cat-nature-mascarillas","8":"product_tag-vegan-friendly","10":"first","11":"instock","12":"shipping-taxable","13":"product-type-simple"},"_links":{"self":[{"href":"https:\/\/longwellprofessional.com\/en\/wp-json\/wp\/v2\/product\/7930","targetHints":{"allow":["GET"]}}],"collection":[{"href":"https:\/\/longwellprofessional.com\/en\/wp-json\/wp\/v2\/product"}],"about":[{"href":"https:\/\/longwellprofessional.com\/en\/wp-json\/wp\/v2\/types\/product"}],"replies":[{"embeddable":true,"href":"https:\/\/longwellprofessional.com\/en\/wp-json\/wp\/v2\/comments?post=7930"}],"wp:featuredmedia":[{"embeddable":true,"href":"https:\/\/longwellprofessional.com\/en\/wp-json\/wp\/v2\/media\/7931"}],"wp:attachment":[{"href":"https:\/\/longwellprofessional.com\/en\/wp-json\/wp\/v2\/media?parent=7930"}],"wp:term":[{"taxonomy":"product_brand","embeddable":true,"href":"https:\/\/longwellprofessional.com\/en\/wp-json\/wp\/v2\/product_brand?post=7930"},{"taxonomy":"product_cat","embeddable":true,"href":"https:\/\/longwellprofessional.com\/en\/wp-json\/wp\/v2\/product_cat?post=7930"},{"taxonomy":"product_tag","embeddable":true,"href":"https:\/\/longwellprofessional.com\/en\/wp-json\/wp\/v2\/product_tag?post=7930"}],"curies":[{"name":"wp","href":"https:\/\/api.w.org\/{rel}","templated":true}]}}