{"id":7924,"date":"2025-09-05T10:47:10","date_gmt":"2025-09-05T09:47:10","guid":{"rendered":"https:\/\/longwellprofessional.com\/?post_type=product&#038;p=7924"},"modified":"2025-12-02T12:04:59","modified_gmt":"2025-12-02T12:04:59","slug":"scalp-champu-nature-100ml","status":"publish","type":"product","link":"https:\/\/longwellprofessional.com\/en\/scalp-champu-nature-100ml\/","title":{"rendered":"Scalp Champ\u00fa Nature 100ml"},"content":{"rendered":"<p>The <b>Scalp Champ\u00fa de Nature<\/b> es un champ\u00fa formulado especialmente para cueros cabelludos sensibles y con tendencia a la descamaci\u00f3n. Enriquecido con un complejo de activos seleccionados como <b>Piroctone Olamine<\/b>, extractos de <b>Cal\u00e9ndula<\/b> Y <b>Uva<\/b>, y <b>\u00c1cido Salic\u00edlico<\/b>, este champ\u00fa ayuda a restaurar el equilibrio del cuero cabelludo, aliviando las molestias y favoreciendo un entorno capilar saludable. Su f\u00f3rmula, libre de sulfatos, limpia de forma suave sin da\u00f1ar y deja el cabello visiblemente m\u00e1s brillante, suave y d\u00f3cil.<\/p>\n<p><strong>Benefits:<\/strong><\/p>\n<ul>\n<li>Limpia suavemente el cuero cabelludo sensible.<\/li>\n<li>Ayuda a restaurar el equilibrio del cuero cabelludo.<\/li>\n<li>Promueve un entorno capilar saludable.<\/li>\n<li>Aporta brillo, suavidad y docilidad al cabello.<\/li>\n<li>Formulado con un 89% de ingredientes de origen natural y es vegano.<\/li>\n<\/ul>","protected":false},"excerpt":{"rendered":"<p>Champ\u00fa sin sulfatos para cuero cabelludo sensible. Con <b>Piroctone Olamine<\/b> Y <b>\u00c1cido Salic\u00edlico<\/b>, limpia, purifica y restaura el equilibrio del cuero cabelludo.<\/p>","protected":false},"featured_media":7925,"comment_status":"closed","ping_status":"closed","template":"","meta":{"_et_pb_use_builder":"","_et_pb_old_content":"","_et_gb_content_width":"","inline_featured_image":false},"product_brand":[],"product_cat":[148,149],"product_tag":[101],"class_list":{"0":"post-7924","1":"product","2":"type-product","3":"status-publish","4":"has-post-thumbnail","6":"product_cat-nature","7":"product_cat-nature-shampoo","8":"product_tag-vegan-friendly","10":"first","11":"instock","12":"shipping-taxable","13":"product-type-simple"},"_links":{"self":[{"href":"https:\/\/longwellprofessional.com\/en\/wp-json\/wp\/v2\/product\/7924","targetHints":{"allow":["GET"]}}],"collection":[{"href":"https:\/\/longwellprofessional.com\/en\/wp-json\/wp\/v2\/product"}],"about":[{"href":"https:\/\/longwellprofessional.com\/en\/wp-json\/wp\/v2\/types\/product"}],"replies":[{"embeddable":true,"href":"https:\/\/longwellprofessional.com\/en\/wp-json\/wp\/v2\/comments?post=7924"}],"wp:featuredmedia":[{"embeddable":true,"href":"https:\/\/longwellprofessional.com\/en\/wp-json\/wp\/v2\/media\/7925"}],"wp:attachment":[{"href":"https:\/\/longwellprofessional.com\/en\/wp-json\/wp\/v2\/media?parent=7924"}],"wp:term":[{"taxonomy":"product_brand","embeddable":true,"href":"https:\/\/longwellprofessional.com\/en\/wp-json\/wp\/v2\/product_brand?post=7924"},{"taxonomy":"product_cat","embeddable":true,"href":"https:\/\/longwellprofessional.com\/en\/wp-json\/wp\/v2\/product_cat?post=7924"},{"taxonomy":"product_tag","embeddable":true,"href":"https:\/\/longwellprofessional.com\/en\/wp-json\/wp\/v2\/product_tag?post=7924"}],"curies":[{"name":"wp","href":"https:\/\/api.w.org\/{rel}","templated":true}]}}