{"id":7919,"date":"2025-09-05T10:25:09","date_gmt":"2025-09-05T09:25:09","guid":{"rendered":"https:\/\/longwellprofessional.com\/?post_type=product&#038;p=7919"},"modified":"2025-12-02T12:08:46","modified_gmt":"2025-12-02T12:08:46","slug":"color-champu-nature-100ml","status":"publish","type":"product","link":"https:\/\/longwellprofessional.com\/en\/color-champu-nature-100ml\/","title":{"rendered":"Color Champ\u00fa Nature 100ml"},"content":{"rendered":"<p>The <b>Color Champ\u00fa de Nature<\/b> ha sido especialmente creado para cabellos te\u00f1idos o con mechas. Su f\u00f3rmula, enriquecida con un complejo de ingredientes naturales como el <b>Aceite de Arg\u00e1n<\/b>, la <b>Queratina Vegetal<\/b>, extractos de <b>Melocot\u00f3n<\/b> Y <b>Aloe Vera<\/b> Y <b>Hyaluronic acid<\/b>, limpia suavemente y ayuda a prolongar la duraci\u00f3n del color. Adem\u00e1s, hidrata, nutre y refuerza la fibra capilar, protegi\u00e9ndola de las agresiones externas. El resultado es un cabello con un brillo radiante, gran suavidad y flexibilidad excepcional.<\/p>\n<p><strong>Benefits:<\/strong><\/p>\n<ul>\n<li>Limpia suavemente el cabello te\u00f1ido o con mechas.<\/li>\n<li>Ayuda a prolongar la duraci\u00f3n del color.<\/li>\n<li>Aporta un brillo radiante y suavidad.<\/li>\n<li>Otorga flexibilidad al cabello.<\/li>\n<li>Protege la fibra capilar de agresiones externas.<\/li>\n<li>Formulado con un 91% de ingredientes de origen natural y es vegano.<\/li>\n<\/ul>","protected":false},"excerpt":{"rendered":"<p>Champ\u00fa para cabello te\u00f1ido que prolonga la duraci\u00f3n del color. Con <b>Aceite de Arg\u00e1n<\/b>, <b>Queratina Vegetal<\/b> Y <b>Hyaluronic acid<\/b>, limpia suavemente, protege la fibra capilar y aporta un brillo radiante.<\/p>","protected":false},"featured_media":7920,"comment_status":"closed","ping_status":"closed","template":"","meta":{"_et_pb_use_builder":"","_et_pb_old_content":"","_et_gb_content_width":"","inline_featured_image":false},"product_brand":[],"product_cat":[148,149],"product_tag":[101],"class_list":{"0":"post-7919","1":"product","2":"type-product","3":"status-publish","4":"has-post-thumbnail","6":"product_cat-nature","7":"product_cat-nature-shampoo","8":"product_tag-vegan-friendly","10":"first","11":"instock","12":"shipping-taxable","13":"product-type-simple"},"_links":{"self":[{"href":"https:\/\/longwellprofessional.com\/en\/wp-json\/wp\/v2\/product\/7919","targetHints":{"allow":["GET"]}}],"collection":[{"href":"https:\/\/longwellprofessional.com\/en\/wp-json\/wp\/v2\/product"}],"about":[{"href":"https:\/\/longwellprofessional.com\/en\/wp-json\/wp\/v2\/types\/product"}],"replies":[{"embeddable":true,"href":"https:\/\/longwellprofessional.com\/en\/wp-json\/wp\/v2\/comments?post=7919"}],"wp:featuredmedia":[{"embeddable":true,"href":"https:\/\/longwellprofessional.com\/en\/wp-json\/wp\/v2\/media\/7920"}],"wp:attachment":[{"href":"https:\/\/longwellprofessional.com\/en\/wp-json\/wp\/v2\/media?parent=7919"}],"wp:term":[{"taxonomy":"product_brand","embeddable":true,"href":"https:\/\/longwellprofessional.com\/en\/wp-json\/wp\/v2\/product_brand?post=7919"},{"taxonomy":"product_cat","embeddable":true,"href":"https:\/\/longwellprofessional.com\/en\/wp-json\/wp\/v2\/product_cat?post=7919"},{"taxonomy":"product_tag","embeddable":true,"href":"https:\/\/longwellprofessional.com\/en\/wp-json\/wp\/v2\/product_tag?post=7919"}],"curies":[{"name":"wp","href":"https:\/\/api.w.org\/{rel}","templated":true}]}}