{"id":7884,"date":"2025-09-03T15:08:49","date_gmt":"2025-09-03T14:08:49","guid":{"rendered":"https:\/\/longwellprofessional.com\/?post_type=product&#038;p=7884"},"modified":"2025-11-14T13:24:10","modified_gmt":"2025-11-14T13:24:10","slug":"boston-cera-extra-mate-100ml","status":"publish","type":"product","link":"https:\/\/longwellprofessional.com\/en\/boston-cera-extra-mate-100ml\/","title":{"rendered":"Boston Cera Extra Mate 100ml"},"content":{"rendered":"<p>The <b>Cera Boston Extra Mate<\/b> es una cera capilar de definici\u00f3n extrafuerte con un acabado ultra mate. Dise\u00f1ada para aquellos que buscan un look natural y sin brillo, esta cera define y crea peinados duraderos con una textura \u00fanica. Su f\u00f3rmula no engrasa el cabello y se elimina con facilidad, por lo que puedes crear estilos esculpidos y definidos que duran todo el d\u00eda sin dejar sensaci\u00f3n pesada.<\/p>\n<p><strong>Benefits:<\/strong><\/p>\n<ul>\n<li>M\u00e1xima fijaci\u00f3n con un acabado ultra mate.<\/li>\n<li>Define y crea peinados de larga duraci\u00f3n.<\/li>\n<li>No deja sensaci\u00f3n grasa.<\/li>\n<li>Se elimina con facilidad.<\/li>\n<\/ul>","protected":false},"excerpt":{"rendered":"<p><span class=\"animating\">Cera de fijaci\u00f3n extrafuerte con un acabado ultra mate.<\/span> Define el cabello y crea peinados duraderos sin engrasar.<\/p>","protected":false},"featured_media":7888,"comment_status":"closed","ping_status":"closed","template":"","meta":{"_et_pb_use_builder":"","_et_pb_old_content":"","_et_gb_content_width":"","inline_featured_image":false},"product_brand":[],"product_cat":[52,51],"product_tag":[],"class_list":{"0":"post-7884","1":"product","2":"type-product","3":"status-publish","4":"has-post-thumbnail","6":"product_cat-productos","7":"product_cat-long-fix","9":"first","10":"instock","11":"shipping-taxable","12":"product-type-simple"},"_links":{"self":[{"href":"https:\/\/longwellprofessional.com\/en\/wp-json\/wp\/v2\/product\/7884","targetHints":{"allow":["GET"]}}],"collection":[{"href":"https:\/\/longwellprofessional.com\/en\/wp-json\/wp\/v2\/product"}],"about":[{"href":"https:\/\/longwellprofessional.com\/en\/wp-json\/wp\/v2\/types\/product"}],"replies":[{"embeddable":true,"href":"https:\/\/longwellprofessional.com\/en\/wp-json\/wp\/v2\/comments?post=7884"}],"wp:featuredmedia":[{"embeddable":true,"href":"https:\/\/longwellprofessional.com\/en\/wp-json\/wp\/v2\/media\/7888"}],"wp:attachment":[{"href":"https:\/\/longwellprofessional.com\/en\/wp-json\/wp\/v2\/media?parent=7884"}],"wp:term":[{"taxonomy":"product_brand","embeddable":true,"href":"https:\/\/longwellprofessional.com\/en\/wp-json\/wp\/v2\/product_brand?post=7884"},{"taxonomy":"product_cat","embeddable":true,"href":"https:\/\/longwellprofessional.com\/en\/wp-json\/wp\/v2\/product_cat?post=7884"},{"taxonomy":"product_tag","embeddable":true,"href":"https:\/\/longwellprofessional.com\/en\/wp-json\/wp\/v2\/product_tag?post=7884"}],"curies":[{"name":"wp","href":"https:\/\/api.w.org\/{rel}","templated":true}]}}