{"id":7860,"date":"2025-09-03T11:09:44","date_gmt":"2025-09-03T10:09:44","guid":{"rendered":"https:\/\/longwellprofessional.com\/?post_type=product&#038;p=7860"},"modified":"2025-11-14T13:24:15","modified_gmt":"2025-11-14T13:24:15","slug":"acondicionador-2phase-500ml","status":"publish","type":"product","link":"https:\/\/longwellprofessional.com\/en\/acondicionador-2phase-500ml\/","title":{"rendered":"Acondicionador 2-Phase 500ml"},"content":{"rendered":"<p>The <b>Acondicionador 2-PHASE <\/b>es un acondicionador instant\u00e1neo sin aclarado que nutre, hidrata y reestructura el cabello. Su f\u00f3rmula no grasa est\u00e1 dividida en dos fases: una capa superior de silicona que aporta brillo, flexibilidad y volumen, y una capa inferior acuosa, rica en ingredientes acondicionadores. Este producto es ideal para uso diario y act\u00faa como un escudo protector contra las agresiones externas, mejorando la apariencia y la salud general del cabello.<\/p>\n<p><strong>Benefits:<\/strong><\/p>\n<ul>\n<li>Aporta componentes para la reestructuraci\u00f3n capilar.<\/li>\n<li>Ayuda a proteger el cabello de agresiones externas.<\/li>\n<li>Improves combability.<\/li>\n<li>Aumenta el brillo y la suavidad.<\/li>\n<li>No deja una sensaci\u00f3n grasa.<\/li>\n<\/ul>","protected":false},"excerpt":{"rendered":"<p>Acondicionador instant\u00e1neo bif\u00e1sico sin aclarado. Nutre, hidrata y reestructura el cabello para un acabado suave, brillante y protegido de agresiones externas.<\/p>","protected":false},"featured_media":7861,"comment_status":"closed","ping_status":"closed","template":"","meta":{"_et_pb_use_builder":"","_et_pb_old_content":"","_et_gb_content_width":"","inline_featured_image":false},"product_brand":[],"product_cat":[52,35],"product_tag":[],"class_list":{"0":"post-7860","1":"product","2":"type-product","3":"status-publish","4":"has-post-thumbnail","6":"product_cat-productos","7":"product_cat-tratamientos","9":"first","10":"instock","11":"shipping-taxable","12":"product-type-simple"},"_links":{"self":[{"href":"https:\/\/longwellprofessional.com\/en\/wp-json\/wp\/v2\/product\/7860","targetHints":{"allow":["GET"]}}],"collection":[{"href":"https:\/\/longwellprofessional.com\/en\/wp-json\/wp\/v2\/product"}],"about":[{"href":"https:\/\/longwellprofessional.com\/en\/wp-json\/wp\/v2\/types\/product"}],"replies":[{"embeddable":true,"href":"https:\/\/longwellprofessional.com\/en\/wp-json\/wp\/v2\/comments?post=7860"}],"wp:featuredmedia":[{"embeddable":true,"href":"https:\/\/longwellprofessional.com\/en\/wp-json\/wp\/v2\/media\/7861"}],"wp:attachment":[{"href":"https:\/\/longwellprofessional.com\/en\/wp-json\/wp\/v2\/media?parent=7860"}],"wp:term":[{"taxonomy":"product_brand","embeddable":true,"href":"https:\/\/longwellprofessional.com\/en\/wp-json\/wp\/v2\/product_brand?post=7860"},{"taxonomy":"product_cat","embeddable":true,"href":"https:\/\/longwellprofessional.com\/en\/wp-json\/wp\/v2\/product_cat?post=7860"},{"taxonomy":"product_tag","embeddable":true,"href":"https:\/\/longwellprofessional.com\/en\/wp-json\/wp\/v2\/product_tag?post=7860"}],"curies":[{"name":"wp","href":"https:\/\/api.w.org\/{rel}","templated":true}]}}