{"id":7857,"date":"2025-08-29T15:15:18","date_gmt":"2025-08-29T14:15:18","guid":{"rendered":"https:\/\/longwellprofessional.com\/?post_type=product&#038;p=7857"},"modified":"2025-12-05T14:14:01","modified_gmt":"2025-12-05T14:14:01","slug":"silver-mask-sachette-35ml","status":"publish","type":"product","link":"https:\/\/longwellprofessional.com\/en\/silver-mask-sachette-35ml\/","title":{"rendered":"Silver Mask 35ml"},"content":{"rendered":"<p>La mascarilla <strong>SILVER MASK<\/strong> from<strong> Longwell<\/strong> ha sido especialmente formulada para cabellos grises, blancos y decolorados. Su f\u00f3rmula vegana, enriquecida con <strong>\u00c1cido Hialur\u00f3nico, Betaine y Aceite de Germen de Trigo<\/strong>, ayuda a hidratar, nutrir, suavizar y reparar la fibra capilar. Su principal componente, el pigmento violeta, act\u00faa neutralizando y eliminando los reflejos amarillentos, logrando un tono m\u00e1s puro. El resultado es un cabello sano, brillante, sedoso y luminoso.<\/p>\n<p><strong>Benefits:<\/strong><\/p>\n<ul>\n<li>Helps hydrate, nourish and repair hair.<\/li>\n<li>Su pigmento violeta neutraliza los reflejos amarillentos.<\/li>\n<li>Get purer whites.<\/li>\n<li>Facilita el peinado y aporta brillo.<\/li>\n<li>Otorga sedosidad y un aspecto m\u00e1s sano.<\/li>\n<\/ul>\n<p>Tambi\u00e9n en <strong><span style=\"color: #000000;\"><a style=\"color: #000000;\" href=\"https:\/\/longwellprofessional.com\/en\/silver-mask-500ml\/\">Formato 500ml.<\/a><\/span><\/strong><\/p>","protected":false},"excerpt":{"rendered":"<p>Hidrataci\u00f3n, reparaci\u00f3n y neutralizaci\u00f3n de tonos amarillos. Con su pigmento violeta, la mascarilla <b>SILVER MASK<\/b> hidrata y repara, logrando blancos m\u00e1s puros y un cabello brillante.<\/p>","protected":false},"featured_media":8055,"comment_status":"closed","ping_status":"closed","template":"","meta":{"_et_pb_use_builder":"","_et_pb_old_content":"","_et_gb_content_width":"","inline_featured_image":false},"product_brand":[],"product_cat":[52,35],"product_tag":[100,101],"class_list":{"0":"post-7857","1":"product","2":"type-product","3":"status-publish","4":"has-post-thumbnail","6":"product_cat-productos","7":"product_cat-tratamientos","8":"product_tag-professional-choice","9":"product_tag-vegan-friendly","11":"first","12":"instock","13":"shipping-taxable","14":"product-type-simple"},"_links":{"self":[{"href":"https:\/\/longwellprofessional.com\/en\/wp-json\/wp\/v2\/product\/7857","targetHints":{"allow":["GET"]}}],"collection":[{"href":"https:\/\/longwellprofessional.com\/en\/wp-json\/wp\/v2\/product"}],"about":[{"href":"https:\/\/longwellprofessional.com\/en\/wp-json\/wp\/v2\/types\/product"}],"replies":[{"embeddable":true,"href":"https:\/\/longwellprofessional.com\/en\/wp-json\/wp\/v2\/comments?post=7857"}],"wp:featuredmedia":[{"embeddable":true,"href":"https:\/\/longwellprofessional.com\/en\/wp-json\/wp\/v2\/media\/8055"}],"wp:attachment":[{"href":"https:\/\/longwellprofessional.com\/en\/wp-json\/wp\/v2\/media?parent=7857"}],"wp:term":[{"taxonomy":"product_brand","embeddable":true,"href":"https:\/\/longwellprofessional.com\/en\/wp-json\/wp\/v2\/product_brand?post=7857"},{"taxonomy":"product_cat","embeddable":true,"href":"https:\/\/longwellprofessional.com\/en\/wp-json\/wp\/v2\/product_cat?post=7857"},{"taxonomy":"product_tag","embeddable":true,"href":"https:\/\/longwellprofessional.com\/en\/wp-json\/wp\/v2\/product_tag?post=7857"}],"curies":[{"name":"wp","href":"https:\/\/api.w.org\/{rel}","templated":true}]}}