{"id":7852,"date":"2025-08-29T14:35:16","date_gmt":"2025-08-29T13:35:16","guid":{"rendered":"https:\/\/longwellprofessional.com\/?post_type=product&#038;p=7852"},"modified":"2025-11-21T12:50:36","modified_gmt":"2025-11-21T12:50:36","slug":"champu-deep-cleansing-100ml","status":"publish","type":"product","link":"https:\/\/longwellprofessional.com\/en\/champu-deep-cleansing-100ml\/","title":{"rendered":"Champ\u00fa Deep Cleansing 100ml"},"content":{"rendered":"<p>El champ\u00fa <strong>DEEP CLEANSING<\/strong> from <strong>Longwell<\/strong>\u00a0es un champ\u00fa de pre-tratamiento que elimina eficazmente los residuos del cabello y del cuero cabelludo. Su f\u00f3rmula ayuda a abrir la cut\u00edcula y prepara la fibra capilar, haci\u00e9ndola ideal para cualquier servicio t\u00e9cnico como coloraciones, permanentes o alisados. Con <strong>Extracto de Semillas de Lino <\/strong>Y<strong> Arginina<\/strong>, este champ\u00fa proporciona propiedades regeneradoras y fortalecedoras, dejando el cabello completamente limpio y listo para recibir el tratamiento.<\/p>\n<p><strong>Benefits:<\/strong><\/p>\n<ul>\n<li>Proporciona una limpieza profunda y purificante.<\/li>\n<li>Elimina eficazmente los residuos.<\/li>\n<li>Prepara el cabello para cualquier tratamiento t\u00e9cnico.<\/li>\n<li>Abre la cut\u00edcula de la fibra capilar.<\/li>\n<li>Aporta propiedades regeneradoras y fortalecedoras.<\/li>\n<li>Apto para todo tipo de cabello.<\/li>\n<\/ul>","protected":false},"excerpt":{"rendered":"<p>El champ\u00fa <strong>DEEP CLEANSING<\/strong> from <strong>Longwell\u00a0<\/strong>es perfecto para una limpieza profunda pre-tratamientos. Su f\u00f3rmula, con <b>Extracto de Semillas de Lino<\/b> Y <b>Arginina<\/b>, elimina eficazmente los residuos del cabello y el cuero cabelludo, prepar\u00e1ndolo de manera \u00f3ptima para cualquier servicio t\u00e9cnico.<\/p>","protected":false},"featured_media":8075,"comment_status":"closed","ping_status":"closed","template":"","meta":{"_et_pb_use_builder":"","_et_pb_old_content":"","_et_gb_content_width":"","inline_featured_image":false},"product_brand":[],"product_cat":[52,33],"product_tag":[101],"class_list":{"0":"post-7852","1":"product","2":"type-product","3":"status-publish","4":"has-post-thumbnail","6":"product_cat-productos","7":"product_cat-champus","8":"product_tag-vegan-friendly","10":"first","11":"instock","12":"shipping-taxable","13":"product-type-simple"},"_links":{"self":[{"href":"https:\/\/longwellprofessional.com\/en\/wp-json\/wp\/v2\/product\/7852","targetHints":{"allow":["GET"]}}],"collection":[{"href":"https:\/\/longwellprofessional.com\/en\/wp-json\/wp\/v2\/product"}],"about":[{"href":"https:\/\/longwellprofessional.com\/en\/wp-json\/wp\/v2\/types\/product"}],"replies":[{"embeddable":true,"href":"https:\/\/longwellprofessional.com\/en\/wp-json\/wp\/v2\/comments?post=7852"}],"wp:featuredmedia":[{"embeddable":true,"href":"https:\/\/longwellprofessional.com\/en\/wp-json\/wp\/v2\/media\/8075"}],"wp:attachment":[{"href":"https:\/\/longwellprofessional.com\/en\/wp-json\/wp\/v2\/media?parent=7852"}],"wp:term":[{"taxonomy":"product_brand","embeddable":true,"href":"https:\/\/longwellprofessional.com\/en\/wp-json\/wp\/v2\/product_brand?post=7852"},{"taxonomy":"product_cat","embeddable":true,"href":"https:\/\/longwellprofessional.com\/en\/wp-json\/wp\/v2\/product_cat?post=7852"},{"taxonomy":"product_tag","embeddable":true,"href":"https:\/\/longwellprofessional.com\/en\/wp-json\/wp\/v2\/product_tag?post=7852"}],"curies":[{"name":"wp","href":"https:\/\/api.w.org\/{rel}","templated":true}]}}