{"id":7837,"date":"2025-08-29T10:16:32","date_gmt":"2025-08-29T09:16:32","guid":{"rendered":"https:\/\/longwellprofessional.com\/?post_type=product&#038;p=7837"},"modified":"2025-12-12T15:53:09","modified_gmt":"2025-12-12T15:53:09","slug":"alisado-tratante-diamond-500ml","status":"publish","type":"product","link":"https:\/\/longwellprofessional.com\/en\/alisado-tratante-diamond-500ml\/","title":{"rendered":"Alisado Tratante DiamondLiss 500ml"},"content":{"rendered":"<p>El tratamiento alisador <b>DIAMONDLISS<\/b> from <b>Longwell<\/b> es una crema alisadora de r\u00e1pida aplicaci\u00f3n y efecto ultra-tratante. Su f\u00f3rmula innovadora, <b>sin formol ni derivados<\/b>, combina una avanzada tecnolog\u00eda, Hyalurox System + Hiplex Protein + Aminoacids Complex, con ingredientes de origen natural como el <b>Hyaluronic acid<\/b>, <b>Extracto de Bamb\u00fa<\/b>, <b>Lino<\/b>, <b>Aloe Vera<\/b> Y <b>Aceite de Arg\u00e1n<\/b>.<\/p>\n<p>Este revolucionario tratamiento no solo proporciona un <b>alisado eficaz, definitivo y natural<\/b>, sino que tambi\u00e9n reconstruye la fibra capilar, hidrata en profundidad y elimina el encrespamiento. El resultado es un cabello tratado, protegido, con un acabado sedoso, brillante y completamente saludable.<\/p>\n<p><b>Benefits:<\/b><\/p>\n<ul>\n<li><b>Alisado perfecto<\/b> y duradero.<\/li>\n<li>F\u00f3rmula con un 70% de ingredientes de origen natural y <b>vegana<\/b>.<\/li>\n<li><b>Sin formol ni derivados<\/b>.<\/li>\n<li>Cabello liso, natural y sin encrespamiento.<\/li>\n<li>Hidrataci\u00f3n y protecci\u00f3n profunda.<\/li>\n<li>Acabado sedoso y brillante.<\/li>\n<\/ul>","protected":false},"excerpt":{"rendered":"<p>Alisado tratante duradero y natural, con <b>Hyaluronic acid<\/b>, <b>Hiplex Protein<\/b> Y <b>Aminoacids Complex<\/b>.<\/p>\n<p>El tratamiento <b>DiamondLiss<\/b> es una crema alisadora con una f\u00f3rmula avanzada que alisa, reconstruye e hidrata la fibra capilar de manera profunda, sin el uso de formol. Ayuda a eliminar el encrespamiento y deja el cabello con un aspecto liso, natural, sedoso y brillante.<\/p>","protected":false},"featured_media":7843,"comment_status":"closed","ping_status":"closed","template":"","meta":{"_et_pb_use_builder":"","_et_pb_old_content":"","_et_gb_content_width":"","inline_featured_image":false},"product_brand":[],"product_cat":[52,153,59],"product_tag":[101],"class_list":{"0":"post-7837","1":"product","2":"type-product","3":"status-publish","4":"has-post-thumbnail","6":"product_cat-productos","7":"product_cat-alisado","8":"product_cat-linea-plex","9":"product_tag-vegan-friendly","11":"first","12":"instock","13":"featured","14":"shipping-taxable","15":"product-type-simple"},"_links":{"self":[{"href":"https:\/\/longwellprofessional.com\/en\/wp-json\/wp\/v2\/product\/7837","targetHints":{"allow":["GET"]}}],"collection":[{"href":"https:\/\/longwellprofessional.com\/en\/wp-json\/wp\/v2\/product"}],"about":[{"href":"https:\/\/longwellprofessional.com\/en\/wp-json\/wp\/v2\/types\/product"}],"replies":[{"embeddable":true,"href":"https:\/\/longwellprofessional.com\/en\/wp-json\/wp\/v2\/comments?post=7837"}],"wp:featuredmedia":[{"embeddable":true,"href":"https:\/\/longwellprofessional.com\/en\/wp-json\/wp\/v2\/media\/7843"}],"wp:attachment":[{"href":"https:\/\/longwellprofessional.com\/en\/wp-json\/wp\/v2\/media?parent=7837"}],"wp:term":[{"taxonomy":"product_brand","embeddable":true,"href":"https:\/\/longwellprofessional.com\/en\/wp-json\/wp\/v2\/product_brand?post=7837"},{"taxonomy":"product_cat","embeddable":true,"href":"https:\/\/longwellprofessional.com\/en\/wp-json\/wp\/v2\/product_cat?post=7837"},{"taxonomy":"product_tag","embeddable":true,"href":"https:\/\/longwellprofessional.com\/en\/wp-json\/wp\/v2\/product_tag?post=7837"}],"curies":[{"name":"wp","href":"https:\/\/api.w.org\/{rel}","templated":true}]}}