{"id":7734,"date":"2025-01-08T10:18:21","date_gmt":"2025-01-08T10:18:21","guid":{"rendered":"https:\/\/longwellprofessional.com\/?post_type=product&#038;p=7734"},"modified":"2025-11-21T13:09:47","modified_gmt":"2025-11-21T13:09:47","slug":"champu-anticaida-power-100ml","status":"publish","type":"product","link":"https:\/\/longwellprofessional.com\/en\/champu-anticaida-power-100ml\/","title":{"rendered":"Champ\u00fa Power 100ml"},"content":{"rendered":"<p><span style=\"font-weight: 400;\">El champ\u00fa antica\u00edda <strong>POWER de LONGWELL<\/strong> formulado especialmente para prevenir la ca\u00edda del cabello. Aporta principios activos que ayudan a combatir la alopecia, causada generalmente por disfunciones en el ciclo del crecimiento del cabello. Las propiedades estimulantes y tonificantes del Guaran\u00e1 favorecen la recuperaci\u00f3n capilar ayudando a prevenir la ca\u00edda y aumentando el grosor de la fibra capilar. Nutre el cabello, estimula el riego sangu\u00edneo y aporta las prote\u00ednas y vitaminas necesarias para un buen funcionamiento del fol\u00edculo piloso, alargando as\u00ed la fase de crecimiento del cabello y minimizando su ca\u00edda.<\/span><\/p>\n<p><b>Benefits:<\/b><\/p>\n<ul>\n<li style=\"font-weight: 400;\" aria-level=\"1\"><span style=\"font-weight: 400;\">Helps prevent hair loss.<\/span><\/li>\n<li style=\"font-weight: 400;\" aria-level=\"1\"><span style=\"font-weight: 400;\">Stimulates blood flow and relaxes itchy scalp.<\/span><\/li>\n<li style=\"font-weight: 400;\" aria-level=\"1\"><span style=\"font-weight: 400;\">Moisturizes and conditions hair.<\/span><\/li>\n<li style=\"font-weight: 400;\" aria-level=\"1\"><span style=\"font-weight: 400;\">It favors the stimulation of blood flow.<\/span><\/li>\n<li style=\"font-weight: 400;\" aria-level=\"1\"><span style=\"font-weight: 400;\">Increases the thickness of the hair fiber.<\/span><\/li>\n<li style=\"font-weight: 400;\" aria-level=\"1\"><span style=\"font-weight: 400;\">Provides shine and softness.\u00a0<\/span><\/li>\n<\/ul>","protected":false},"excerpt":{"rendered":"<p><span style=\"font-weight: 400;\">El champ\u00fa antica\u00edda <strong>POWER de LONGWELL <\/strong>p<\/span>reviene ca\u00edda y favorece la recuperaci\u00f3n capilar. Contiene Extracto de Guaran\u00e1<\/p>\n<p>Formulated based on components specially indicated for scalps prone to pityarisis (dandruff), with anti-inflammatory action. Restores the balance of the scalp while leaving hair shiny and silky.<\/p>","protected":false},"featured_media":8079,"comment_status":"closed","ping_status":"closed","template":"","meta":{"_et_pb_use_builder":"","_et_pb_old_content":"","_et_gb_content_width":"","inline_featured_image":false},"product_brand":[],"product_cat":[33],"product_tag":[],"class_list":{"0":"post-7734","1":"product","2":"type-product","3":"status-publish","4":"has-post-thumbnail","6":"product_cat-champus","8":"first","9":"instock","10":"shipping-taxable","11":"product-type-simple"},"_links":{"self":[{"href":"https:\/\/longwellprofessional.com\/en\/wp-json\/wp\/v2\/product\/7734","targetHints":{"allow":["GET"]}}],"collection":[{"href":"https:\/\/longwellprofessional.com\/en\/wp-json\/wp\/v2\/product"}],"about":[{"href":"https:\/\/longwellprofessional.com\/en\/wp-json\/wp\/v2\/types\/product"}],"replies":[{"embeddable":true,"href":"https:\/\/longwellprofessional.com\/en\/wp-json\/wp\/v2\/comments?post=7734"}],"wp:featuredmedia":[{"embeddable":true,"href":"https:\/\/longwellprofessional.com\/en\/wp-json\/wp\/v2\/media\/8079"}],"wp:attachment":[{"href":"https:\/\/longwellprofessional.com\/en\/wp-json\/wp\/v2\/media?parent=7734"}],"wp:term":[{"taxonomy":"product_brand","embeddable":true,"href":"https:\/\/longwellprofessional.com\/en\/wp-json\/wp\/v2\/product_brand?post=7734"},{"taxonomy":"product_cat","embeddable":true,"href":"https:\/\/longwellprofessional.com\/en\/wp-json\/wp\/v2\/product_cat?post=7734"},{"taxonomy":"product_tag","embeddable":true,"href":"https:\/\/longwellprofessional.com\/en\/wp-json\/wp\/v2\/product_tag?post=7734"}],"curies":[{"name":"wp","href":"https:\/\/api.w.org\/{rel}","templated":true}]}}