{"id":7733,"date":"2025-01-08T10:09:30","date_gmt":"2025-01-08T10:09:30","guid":{"rendered":"https:\/\/longwellprofessional.com\/?post_type=product&#038;p=7733"},"modified":"2025-11-21T13:17:15","modified_gmt":"2025-11-21T13:17:15","slug":"champu-sebo-control-100ml","status":"publish","type":"product","link":"https:\/\/longwellprofessional.com\/en\/champu-sebo-control-100ml\/","title":{"rendered":"Champ\u00fa Sebo Control 100ml"},"content":{"rendered":"<p><span style=\"font-weight: 400;\">El champ\u00fa <strong>SEBO CONTROL de LONGWELL <\/strong>c<\/span>ontiene vitamina E y oligoelementos procedentes de la semilla de la uva. PRODUCTO VEGANO. <span style=\"font-weight: 400;\">Regulates seborrheic flow and balances scalp dysfunction, leaving it free of impurities. Thanks to the stimulating immune support of these components, the scalp regains its shiny and natural appearance.<\/span> <span style=\"font-weight: 400;\">Also indicated to treat cases of greasy dandruff (with scales).\u00a0<\/span><\/p>\n<p><b>It works at 2 levels:<\/b><\/p>\n<ol>\n<li style=\"font-weight: 400;\" aria-level=\"1\"><span style=\"font-weight: 400;\">On the hair and scalp, removing excess fat present.<\/span><\/li>\n<li style=\"font-weight: 400;\" aria-level=\"1\"><span style=\"font-weight: 400;\">On the sebaceous gland, regulating the production of fat.<\/span><\/li>\n<\/ol>\n<p><b>Benefits:<\/b><\/p>\n<ul>\n<li style=\"font-weight: 400;\" aria-level=\"1\"><span style=\"font-weight: 400;\">Regulates and balances fat.<\/span><\/li>\n<li style=\"font-weight: 400;\" aria-level=\"1\"><span style=\"font-weight: 400;\">Refreshing and relaxing effect.<\/span><\/li>\n<li style=\"font-weight: 400;\" aria-level=\"1\"><span style=\"font-weight: 400;\">Prevents possible itching during and after washing.<\/span><\/li>\n<li style=\"font-weight: 400;\" aria-level=\"1\"><span style=\"font-weight: 400;\">Conditions hair and reduces electrostatic charge.<\/span><\/li>\n<li style=\"font-weight: 400;\" aria-level=\"1\"><span style=\"font-weight: 400;\">Provides shine and softness.<\/span><\/li>\n<\/ul>","protected":false},"excerpt":{"rendered":"<p><span style=\"font-weight: 400;\">Champ\u00fa de tratamiento <strong>SEBO CONTROL LONGWELL<\/strong> desarrollado para combatir el exceso de secreci\u00f3n de las gl\u00e1ndulas seb\u00e1ceas. <\/span>Anti-grease. Regulates seborrheic flow, balances the functions of the scalp Contains Grape Seed Extract<\/p>\n<p>Rich in vitamins E and trace elements from the grape seed. Regulates seborrheic flow and balances scalp dysfunction, leaving it free of impurities. Thanks to the immunostimulating help of these components, the hair recovers its shiny and natural appearance.<\/p>","protected":false},"featured_media":8081,"comment_status":"closed","ping_status":"closed","template":"","meta":{"_et_pb_use_builder":"","_et_pb_old_content":"","_et_gb_content_width":"","inline_featured_image":false},"product_brand":[],"product_cat":[33],"product_tag":[101],"class_list":{"0":"post-7733","1":"product","2":"type-product","3":"status-publish","4":"has-post-thumbnail","6":"product_cat-champus","7":"product_tag-vegan-friendly","9":"first","10":"instock","11":"shipping-taxable","12":"product-type-simple"},"_links":{"self":[{"href":"https:\/\/longwellprofessional.com\/en\/wp-json\/wp\/v2\/product\/7733","targetHints":{"allow":["GET"]}}],"collection":[{"href":"https:\/\/longwellprofessional.com\/en\/wp-json\/wp\/v2\/product"}],"about":[{"href":"https:\/\/longwellprofessional.com\/en\/wp-json\/wp\/v2\/types\/product"}],"replies":[{"embeddable":true,"href":"https:\/\/longwellprofessional.com\/en\/wp-json\/wp\/v2\/comments?post=7733"}],"wp:featuredmedia":[{"embeddable":true,"href":"https:\/\/longwellprofessional.com\/en\/wp-json\/wp\/v2\/media\/8081"}],"wp:attachment":[{"href":"https:\/\/longwellprofessional.com\/en\/wp-json\/wp\/v2\/media?parent=7733"}],"wp:term":[{"taxonomy":"product_brand","embeddable":true,"href":"https:\/\/longwellprofessional.com\/en\/wp-json\/wp\/v2\/product_brand?post=7733"},{"taxonomy":"product_cat","embeddable":true,"href":"https:\/\/longwellprofessional.com\/en\/wp-json\/wp\/v2\/product_cat?post=7733"},{"taxonomy":"product_tag","embeddable":true,"href":"https:\/\/longwellprofessional.com\/en\/wp-json\/wp\/v2\/product_tag?post=7733"}],"curies":[{"name":"wp","href":"https:\/\/api.w.org\/{rel}","templated":true}]}}