{"id":7731,"date":"2025-01-08T09:30:09","date_gmt":"2025-01-08T09:30:09","guid":{"rendered":"https:\/\/longwellprofessional.com\/?post_type=product&#038;p=7731"},"modified":"2025-11-14T13:24:26","modified_gmt":"2025-11-14T13:24:26","slug":"champu-keratin-pro-100ml","status":"publish","type":"product","link":"https:\/\/longwellprofessional.com\/en\/champu-keratin-pro-100ml\/","title":{"rendered":"Champ\u00fa Keratin Pro 100ml"},"content":{"rendered":"<p><span style=\"font-weight: 400;\">Champ\u00fa de tratamiento <strong>KERATIN PRO <\/strong>from <strong>Longwell<\/strong> especialmente desarrollado para cabellos resecos, da\u00f1ados y con poca densidad en su fibra capilar. Sus ingredientes espec\u00edficos, Hidrolizado de Queratina e Hidrolizado de Prote\u00edna de Trigo act\u00faan como agentes acondicionadores que ayudan a reparar, hidratar y nutrir el cabello. Proporciona una capa de protecci\u00f3n que confiere textura, grosor y brillo al cabello. Disminuye notablemente el efecto encrespamiento y mejora la peinabilidad.<\/span><\/p>\n<p><b>Benefits:<\/b><\/p>\n<ul>\n<li style=\"font-weight: 400;\" aria-level=\"1\"><span style=\"font-weight: 400;\">Moisturizes and nourishes the hair in depth.<\/span><\/li>\n<li style=\"font-weight: 400;\" aria-level=\"1\"><span style=\"font-weight: 400;\">Helps repair damaged fiber.\u00a0<\/span><\/li>\n<li style=\"font-weight: 400;\" aria-level=\"1\"><span style=\"font-weight: 400;\">Helps increase the thickness of the hair fiber.<\/span><\/li>\n<li style=\"font-weight: 400;\" aria-level=\"1\"><span style=\"font-weight: 400;\">Significantly reduces the frizz effect.<\/span><\/li>\n<li style=\"font-weight: 400;\" aria-level=\"1\"><span style=\"font-weight: 400;\">Facilitates combing.<\/span><\/li>\n<\/ul>","protected":false},"excerpt":{"rendered":"<p>Deep cleansing and hydration. Avoid frizz. Contains Keratin and Wheat Protein.<\/p>\n<p>Thanks to its active ingredients, Keratin Hydrolyzate and Wheat Protein Hydrolyzate, the hair is not only deeply cleansed, but also hydrated and repaired, significantly reducing the frizz effect. Provides the hair with a layer of protection and improves combability.<\/p>","protected":false},"featured_media":7704,"comment_status":"closed","ping_status":"closed","template":"","meta":{"_et_pb_use_builder":"","_et_pb_old_content":"","_et_gb_content_width":"","inline_featured_image":false},"product_brand":[],"product_cat":[33],"product_tag":[101],"class_list":{"0":"post-7731","1":"product","2":"type-product","3":"status-publish","4":"has-post-thumbnail","6":"product_cat-champus","7":"product_tag-vegan-friendly","9":"first","10":"instock","11":"shipping-taxable","12":"product-type-simple"},"_links":{"self":[{"href":"https:\/\/longwellprofessional.com\/en\/wp-json\/wp\/v2\/product\/7731","targetHints":{"allow":["GET"]}}],"collection":[{"href":"https:\/\/longwellprofessional.com\/en\/wp-json\/wp\/v2\/product"}],"about":[{"href":"https:\/\/longwellprofessional.com\/en\/wp-json\/wp\/v2\/types\/product"}],"replies":[{"embeddable":true,"href":"https:\/\/longwellprofessional.com\/en\/wp-json\/wp\/v2\/comments?post=7731"}],"wp:featuredmedia":[{"embeddable":true,"href":"https:\/\/longwellprofessional.com\/en\/wp-json\/wp\/v2\/media\/7704"}],"wp:attachment":[{"href":"https:\/\/longwellprofessional.com\/en\/wp-json\/wp\/v2\/media?parent=7731"}],"wp:term":[{"taxonomy":"product_brand","embeddable":true,"href":"https:\/\/longwellprofessional.com\/en\/wp-json\/wp\/v2\/product_brand?post=7731"},{"taxonomy":"product_cat","embeddable":true,"href":"https:\/\/longwellprofessional.com\/en\/wp-json\/wp\/v2\/product_cat?post=7731"},{"taxonomy":"product_tag","embeddable":true,"href":"https:\/\/longwellprofessional.com\/en\/wp-json\/wp\/v2\/product_tag?post=7731"}],"curies":[{"name":"wp","href":"https:\/\/api.w.org\/{rel}","templated":true}]}}