{"id":7730,"date":"2025-01-08T08:55:48","date_gmt":"2025-01-08T08:55:48","guid":{"rendered":"https:\/\/longwellprofessional.com\/?post_type=product&#038;p=7730"},"modified":"2025-11-21T12:33:49","modified_gmt":"2025-11-21T12:33:49","slug":"champu-para-rizos-nutri-curl-100ml","status":"publish","type":"product","link":"https:\/\/longwellprofessional.com\/en\/champu-para-rizos-nutri-curl-100ml\/","title":{"rendered":"Champ\u00fa Nutri Curl 100ml"},"content":{"rendered":"<p>El champ\u00fa para rizos <strong>NUTRI CURL de LONGWELL<\/strong> especialmente dise\u00f1ado para activar y definir el rizo. Su f\u00f3rmula, enriquecida con Extracto de Bamb\u00fa, Pi\u00f1a y Lino, elimina la acumulaci\u00f3n de residuos, previene el encrespado y mejora la peinabilidad.<\/p>\n<p><b>Benefits:<\/b><\/p>\n<ul>\n<li style=\"font-weight: 400;\" aria-level=\"1\"><span style=\"font-weight: 400;\">Activates curls providing elasticity and definition.<\/span><\/li>\n<li style=\"font-weight: 400;\" aria-level=\"1\"><span style=\"font-weight: 400;\">Favors the prolongation of the spring effect.<\/span><\/li>\n<li style=\"font-weight: 400;\" aria-level=\"1\"><span style=\"font-weight: 400;\">Treating effect that helps to hydrate and nourish the hair.<\/span><\/li>\n<li style=\"font-weight: 400;\" aria-level=\"1\"><span style=\"font-weight: 400;\">Antioxidant properties.\u00a0<\/span><\/li>\n<li style=\"font-weight: 400;\" aria-level=\"1\"><span style=\"font-weight: 400;\">Significantly reduces the frizz effect.<\/span><\/li>\n<li style=\"font-weight: 400;\" aria-level=\"1\"><span style=\"font-weight: 400;\">Facilitates combing.<\/span><\/li>\n<li style=\"font-weight: 400;\" aria-level=\"1\"><span style=\"font-weight: 400;\">Enhances the natural shine of the hair.\u00a0<\/span><\/li>\n<\/ul>","protected":false},"excerpt":{"rendered":"<p>Champ\u00fa de tratamiento <strong>NUTRI CURL <\/strong>from <strong>LONGWELL<\/strong> especialmente dise\u00f1ado para activar y definir el rizo. Su f\u00f3rmula, enriquecida con Extracto de Bamb\u00fa, Pi\u00f1a y Lino, elimina la acumulaci\u00f3n de residuos, previene el encrespado y mejora la peinabilidad.<\/p>","protected":false},"featured_media":8072,"comment_status":"closed","ping_status":"closed","template":"","meta":{"_et_pb_use_builder":"off","_et_pb_old_content":"Confiere resistencia, flexibilidad y brillo al cabello, adem\u00e1s posee propiedades hidratantes, nutrientes y antioxidantes.\r\n\r\n<b>Beneficios:<\/b>\r\n<ul>\r\n \t<li style=\"font-weight: 400\"><span style=\"font-weight: 400\">Activa los rizos aportando elasticidad y definici\u00f3n.<\/span><\/li>\r\n \t<li style=\"font-weight: 400\"><span style=\"font-weight: 400\">Favorece la prolongaci\u00f3n del efecto muelle.<\/span><\/li>\r\n \t<li style=\"font-weight: 400\"><span style=\"font-weight: 400\">Efecto tratante que ayuda a hidratar y nutrir el cabello.<\/span><\/li>\r\n \t<li style=\"font-weight: 400\"><span style=\"font-weight: 400\">Propiedades antioxidantes.\u00a0<\/span><\/li>\r\n \t<li style=\"font-weight: 400\"><span style=\"font-weight: 400\">Disminuye notablemente el efecto encrespamiento.<\/span><\/li>\r\n \t<li style=\"font-weight: 400\"><span style=\"font-weight: 400\">Facilita el peinado.<\/span><\/li>\r\n \t<li style=\"font-weight: 400\"><span style=\"font-weight: 400\">Realza el brillo natural del cabello.\u00a0<\/span><\/li>\r\n<\/ul>","_et_gb_content_width":"","inline_featured_image":false},"product_brand":[],"product_cat":[33],"product_tag":[100,101],"class_list":{"0":"post-7730","1":"product","2":"type-product","3":"status-publish","4":"has-post-thumbnail","6":"product_cat-champus","7":"product_tag-professional-choice","8":"product_tag-vegan-friendly","10":"first","11":"instock","12":"shipping-taxable","13":"product-type-simple"},"_links":{"self":[{"href":"https:\/\/longwellprofessional.com\/en\/wp-json\/wp\/v2\/product\/7730","targetHints":{"allow":["GET"]}}],"collection":[{"href":"https:\/\/longwellprofessional.com\/en\/wp-json\/wp\/v2\/product"}],"about":[{"href":"https:\/\/longwellprofessional.com\/en\/wp-json\/wp\/v2\/types\/product"}],"replies":[{"embeddable":true,"href":"https:\/\/longwellprofessional.com\/en\/wp-json\/wp\/v2\/comments?post=7730"}],"wp:featuredmedia":[{"embeddable":true,"href":"https:\/\/longwellprofessional.com\/en\/wp-json\/wp\/v2\/media\/8072"}],"wp:attachment":[{"href":"https:\/\/longwellprofessional.com\/en\/wp-json\/wp\/v2\/media?parent=7730"}],"wp:term":[{"taxonomy":"product_brand","embeddable":true,"href":"https:\/\/longwellprofessional.com\/en\/wp-json\/wp\/v2\/product_brand?post=7730"},{"taxonomy":"product_cat","embeddable":true,"href":"https:\/\/longwellprofessional.com\/en\/wp-json\/wp\/v2\/product_cat?post=7730"},{"taxonomy":"product_tag","embeddable":true,"href":"https:\/\/longwellprofessional.com\/en\/wp-json\/wp\/v2\/product_tag?post=7730"}],"curies":[{"name":"wp","href":"https:\/\/api.w.org\/{rel}","templated":true}]}}