{"id":7675,"date":"2024-12-16T10:57:38","date_gmt":"2024-12-16T10:57:38","guid":{"rendered":"https:\/\/longwellprofessional.com\/?post_type=product&#038;p=7675"},"modified":"2025-11-14T13:24:42","modified_gmt":"2025-11-14T13:24:42","slug":"hair-loss-prevent-shampoo-nature-500ml","status":"publish","type":"product","link":"https:\/\/longwellprofessional.com\/en\/hair-loss-prevent-shampoo-nature-500ml\/","title":{"rendered":"Hair Loss Prevent Champ\u00fa Nature 500ml"},"content":{"rendered":"<p>The <b>Hair Loss Prevent Champ\u00fa de Nature<\/b> es un champ\u00fa que ayuda a prevenir la ca\u00edda estacional del cabello. Su f\u00f3rmula, enriquecida con ingredientes naturales como <b>Capilla Longa<\/b>, <b>Calendula extract<\/b>, <b>Aloe Vera<\/b>, <b>Tomillo<\/b> Y <b>Hyaluronic acid<\/b>, mejora la salud del cuero cabelludo, reduce su inflamaci\u00f3n y estimula la circulaci\u00f3n sangu\u00ednea y el crecimiento capilar. Adem\u00e1s de fortalecer la fibra capilar, este champ\u00fa aporta un aspecto luminoso y brillante, siendo ideal para todo tipo de cabello gracias a su formulaci\u00f3n sin sulfatos.<\/p>\n<p><strong>Benefits:<\/strong><\/p>\n<ul>\n<li>Ayuda a prevenir la ca\u00edda estacional del cabello.<\/li>\n<li>Mejora la salud del cuero cabelludo y reduce la inflamaci\u00f3n.<\/li>\n<li>Estimula la circulaci\u00f3n sangu\u00ednea y el crecimiento capilar.<\/li>\n<li>Fortalece la fibra capilar.<\/li>\n<li>Aporta un aspecto luminoso y brillante.<\/li>\n<\/ul>","protected":false},"excerpt":{"rendered":"<p>Champ\u00fa sin sulfatos que ayuda a prevenir la ca\u00edda estacional. Con <b>Capilla Longa<\/b> Y <b>Hyaluronic acid<\/b>, mejora la salud del cuero cabelludo, estimula el crecimiento y aporta brillo.<\/p>","protected":false},"featured_media":7549,"comment_status":"closed","ping_status":"closed","template":"","meta":{"_et_pb_use_builder":"","_et_pb_old_content":"","_et_gb_content_width":"","inline_featured_image":false},"product_brand":[],"product_cat":[148,149],"product_tag":[101],"class_list":{"0":"post-7675","1":"product","2":"type-product","3":"status-publish","4":"has-post-thumbnail","6":"product_cat-nature","7":"product_cat-nature-shampoo","8":"product_tag-vegan-friendly","10":"first","11":"instock","12":"shipping-taxable","13":"product-type-simple"},"_links":{"self":[{"href":"https:\/\/longwellprofessional.com\/en\/wp-json\/wp\/v2\/product\/7675","targetHints":{"allow":["GET"]}}],"collection":[{"href":"https:\/\/longwellprofessional.com\/en\/wp-json\/wp\/v2\/product"}],"about":[{"href":"https:\/\/longwellprofessional.com\/en\/wp-json\/wp\/v2\/types\/product"}],"replies":[{"embeddable":true,"href":"https:\/\/longwellprofessional.com\/en\/wp-json\/wp\/v2\/comments?post=7675"}],"wp:featuredmedia":[{"embeddable":true,"href":"https:\/\/longwellprofessional.com\/en\/wp-json\/wp\/v2\/media\/7549"}],"wp:attachment":[{"href":"https:\/\/longwellprofessional.com\/en\/wp-json\/wp\/v2\/media?parent=7675"}],"wp:term":[{"taxonomy":"product_brand","embeddable":true,"href":"https:\/\/longwellprofessional.com\/en\/wp-json\/wp\/v2\/product_brand?post=7675"},{"taxonomy":"product_cat","embeddable":true,"href":"https:\/\/longwellprofessional.com\/en\/wp-json\/wp\/v2\/product_cat?post=7675"},{"taxonomy":"product_tag","embeddable":true,"href":"https:\/\/longwellprofessional.com\/en\/wp-json\/wp\/v2\/product_tag?post=7675"}],"curies":[{"name":"wp","href":"https:\/\/api.w.org\/{rel}","templated":true}]}}