{"id":7674,"date":"2024-12-16T10:36:23","date_gmt":"2024-12-16T10:36:23","guid":{"rendered":"https:\/\/longwellprofessional.com\/?post_type=product&#038;p=7674"},"modified":"2025-11-25T15:02:25","modified_gmt":"2025-11-25T15:02:25","slug":"champu-antigrasa-nature-500ml","status":"publish","type":"product","link":"https:\/\/longwellprofessional.com\/en\/champu-antigrasa-nature-500ml\/","title":{"rendered":"Grease Control Champ\u00fa Nature 500ml"},"content":{"rendered":"<p>El Champ\u00fa Antigrasa <b>Grease Control de Nature<\/b>\u00a0limpia eficazmente y ayuda a reequilibrar el cuero cabelludo graso, regulando la producci\u00f3n excesiva de sebo. Su f\u00f3rmula, libre de sulfatos y con un 86% de ingredientes de origen natural, est\u00e1 enriquecida con activos como el <b>Rosemary<\/b>, la <b>Turmeric<\/b>, <b>Piroctone Olamine<\/b>, <b>\u00c1cidos de Fruta<\/b> Y <b>Hyaluronic acid<\/b>. Proporciona una acci\u00f3n astringente y acondicionadora, dejando el cabello con un acabado agradable, suave y con brillo.<\/p>\n<p><strong>Benefits:<\/strong><\/p>\n<ul>\n<li>Limpia y reequilibra el cuero cabelludo graso.<\/li>\n<li>Ayuda a regular la producci\u00f3n de sebo.<\/li>\n<li>Proporciona una acci\u00f3n astringente y acondicionadora.<\/li>\n<li>Aporta suavidad, brillo y luminosidad.<\/li>\n<li>Sin sulfatos.<\/li>\n<\/ul>","protected":false},"excerpt":{"rendered":"<p>Champ\u00fa antigrasa sin sulfatos para cabellos grasos que limpia y regula el exceso de sebo. Con <b>Rosemary<\/b>, <b>Piroctone Olamine<\/b> Y <b>\u00c1cidos de Fruta<\/b>, reequilibra el cuero cabelludo y aporta brillo.<\/p>","protected":false},"featured_media":7548,"comment_status":"closed","ping_status":"closed","template":"","meta":{"_et_pb_use_builder":"","_et_pb_old_content":"","_et_gb_content_width":"","inline_featured_image":false},"product_brand":[],"product_cat":[148,149],"product_tag":[101],"class_list":{"0":"post-7674","1":"product","2":"type-product","3":"status-publish","4":"has-post-thumbnail","6":"product_cat-nature","7":"product_cat-nature-shampoo","8":"product_tag-vegan-friendly","10":"first","11":"instock","12":"shipping-taxable","13":"product-type-simple"},"_links":{"self":[{"href":"https:\/\/longwellprofessional.com\/en\/wp-json\/wp\/v2\/product\/7674","targetHints":{"allow":["GET"]}}],"collection":[{"href":"https:\/\/longwellprofessional.com\/en\/wp-json\/wp\/v2\/product"}],"about":[{"href":"https:\/\/longwellprofessional.com\/en\/wp-json\/wp\/v2\/types\/product"}],"replies":[{"embeddable":true,"href":"https:\/\/longwellprofessional.com\/en\/wp-json\/wp\/v2\/comments?post=7674"}],"wp:featuredmedia":[{"embeddable":true,"href":"https:\/\/longwellprofessional.com\/en\/wp-json\/wp\/v2\/media\/7548"}],"wp:attachment":[{"href":"https:\/\/longwellprofessional.com\/en\/wp-json\/wp\/v2\/media?parent=7674"}],"wp:term":[{"taxonomy":"product_brand","embeddable":true,"href":"https:\/\/longwellprofessional.com\/en\/wp-json\/wp\/v2\/product_brand?post=7674"},{"taxonomy":"product_cat","embeddable":true,"href":"https:\/\/longwellprofessional.com\/en\/wp-json\/wp\/v2\/product_cat?post=7674"},{"taxonomy":"product_tag","embeddable":true,"href":"https:\/\/longwellprofessional.com\/en\/wp-json\/wp\/v2\/product_tag?post=7674"}],"curies":[{"name":"wp","href":"https:\/\/api.w.org\/{rel}","templated":true}]}}