{"id":7667,"date":"2024-12-13T12:50:41","date_gmt":"2024-12-13T12:50:41","guid":{"rendered":"https:\/\/longwellprofessional.com\/?post_type=product&#038;p=7667"},"modified":"2025-11-14T13:24:46","modified_gmt":"2025-11-14T13:24:46","slug":"repair-elixir-treatment-nature-50ml","status":"publish","type":"product","link":"https:\/\/longwellprofessional.com\/en\/repair-elixir-treatment-nature-50ml\/","title":{"rendered":"Repair Elixir Treatment Nature 50ml"},"content":{"rendered":"<p>The <b>Repair Elixir Treatment de Nature<\/b> es un fluido reparador que reestructura y fortalece la fibra capilar, ofreciendo un tratamiento intensivo desde la primera aplicaci\u00f3n. Su f\u00f3rmula, con un 97% de ingredientes de origen natural, est\u00e1 enriquecida con <b>P\u00e9ptidos<\/b>, <b>Vitamin E<\/b>, <b>Hyaluronic acid<\/b>, <b>Aceite de Macadamia<\/b>, <b>Aceite de Oliva<\/b>, <b>rice oil<\/b> Y <b>Betaina<\/b>. Este elixir confiere propiedades hidratantes y reparadoras que reducen la rotura, el encrespamiento y las puntas abiertas, dejando el cabello con elasticidad, suavidad y un brillo saludable.<\/p>\n<p><strong>Benefits:<\/strong><\/p>\n<ul>\n<li>Reestructura y fortalece la fibra capilar.<\/li>\n<li>Proporciona propiedades hidratantes y reparadoras intensivas.<\/li>\n<li>Reduce la rotura, el encrespamiento y las puntas abiertas.<\/li>\n<li>Confiere elasticidad, flexibilidad, suavidad y brillo.<\/li>\n<li>Ofrece dos modos de uso: tratamiento intensivo con enjuague o uso habitual sin enjuague.<\/li>\n<\/ul>","protected":false},"excerpt":{"rendered":"<p>Fluido reparador que reestructura y fortalece el cabello. Con <b>P\u00e9ptidos<\/b>, <b>Aceites de Macadamia, Oliva y Arroz<\/b> Y <b>Hyaluronic acid<\/b>, previene la rotura y el encrespamiento, aportando elasticidad, suavidad y brillo desde la primera aplicaci\u00f3n.<\/p>","protected":false},"featured_media":7634,"comment_status":"closed","ping_status":"closed","template":"","meta":{"_et_pb_use_builder":"","_et_pb_old_content":"","_et_gb_content_width":"","inline_featured_image":false},"product_brand":[],"product_cat":[148,150],"product_tag":[101],"class_list":{"0":"post-7667","1":"product","2":"type-product","3":"status-publish","4":"has-post-thumbnail","6":"product_cat-nature","7":"product_cat-nature-mascarillas","8":"product_tag-vegan-friendly","10":"first","11":"instock","12":"shipping-taxable","13":"product-type-simple"},"_links":{"self":[{"href":"https:\/\/longwellprofessional.com\/en\/wp-json\/wp\/v2\/product\/7667","targetHints":{"allow":["GET"]}}],"collection":[{"href":"https:\/\/longwellprofessional.com\/en\/wp-json\/wp\/v2\/product"}],"about":[{"href":"https:\/\/longwellprofessional.com\/en\/wp-json\/wp\/v2\/types\/product"}],"replies":[{"embeddable":true,"href":"https:\/\/longwellprofessional.com\/en\/wp-json\/wp\/v2\/comments?post=7667"}],"wp:featuredmedia":[{"embeddable":true,"href":"https:\/\/longwellprofessional.com\/en\/wp-json\/wp\/v2\/media\/7634"}],"wp:attachment":[{"href":"https:\/\/longwellprofessional.com\/en\/wp-json\/wp\/v2\/media?parent=7667"}],"wp:term":[{"taxonomy":"product_brand","embeddable":true,"href":"https:\/\/longwellprofessional.com\/en\/wp-json\/wp\/v2\/product_brand?post=7667"},{"taxonomy":"product_cat","embeddable":true,"href":"https:\/\/longwellprofessional.com\/en\/wp-json\/wp\/v2\/product_cat?post=7667"},{"taxonomy":"product_tag","embeddable":true,"href":"https:\/\/longwellprofessional.com\/en\/wp-json\/wp\/v2\/product_tag?post=7667"}],"curies":[{"name":"wp","href":"https:\/\/api.w.org\/{rel}","templated":true}]}}