{"id":7663,"date":"2024-12-13T11:59:49","date_gmt":"2024-12-13T11:59:49","guid":{"rendered":"https:\/\/longwellprofessional.com\/?post_type=product&#038;p=7663"},"modified":"2025-11-14T13:24:48","modified_gmt":"2025-11-14T13:24:48","slug":"mascarilla-repair-nature-100ml","status":"publish","type":"product","link":"https:\/\/longwellprofessional.com\/en\/mascarilla-repair-nature-100ml\/","title":{"rendered":"Mascarilla Repair Nature 100ml"},"content":{"rendered":"<p>The <b>Mascarilla Repair de Nature<\/b> es un tratamiento de reparaci\u00f3n intensiva para todo tipo de cabello, especialmente para los secos y da\u00f1ados. Su f\u00f3rmula, con un 88% de ingredientes de origen natural, est\u00e1 enriquecida con <b>Hyaluronic acid<\/b>, <b>Ginger<\/b>, <b>Rosemary<\/b>, <b>Turmeric<\/b>, <b>Aceite de Oliva<\/b> Y <b>Abyssinian oil<\/b>. Estos activos ayudan a reparar y fortalecer las fibras capilares, aportando elasticidad, suavidad y brillo. Con cada aplicaci\u00f3n, combate el encrespamiento y sella las puntas abiertas, devolviendo al cabello un aspecto sano y sedoso.<\/p>\n<p><strong>Benefits:<\/strong><\/p>\n<ul>\n<li>Proporciona reparaci\u00f3n intensiva y protecci\u00f3n al cabello.<\/li>\n<li>Restaura y fortalece la fibra capilar.<\/li>\n<li>Combate el encrespamiento y sella las puntas abiertas.<\/li>\n<li>Aporta flexibilidad, suavidad y un brillo saludable.<\/li>\n<li>Es un tratamiento ideal para cabellos secos y da\u00f1ados.<\/li>\n<\/ul>","protected":false},"excerpt":{"rendered":"<p>Mascarilla reparadora intensiva que hidrata y fortalece el cabello da\u00f1ado. Con <b>Ginger<\/b> Y <b>Hyaluronic acid<\/b>, restaura la fibra capilar, combate el encrespamiento y deja el cabello suave y brillante.<\/p>","protected":false},"featured_media":7566,"comment_status":"closed","ping_status":"closed","template":"","meta":{"_et_pb_use_builder":"","_et_pb_old_content":"","_et_gb_content_width":"","inline_featured_image":false},"product_brand":[],"product_cat":[148,150],"product_tag":[101],"class_list":{"0":"post-7663","1":"product","2":"type-product","3":"status-publish","4":"has-post-thumbnail","6":"product_cat-nature","7":"product_cat-nature-mascarillas","8":"product_tag-vegan-friendly","10":"first","11":"instock","12":"shipping-taxable","13":"product-type-simple"},"_links":{"self":[{"href":"https:\/\/longwellprofessional.com\/en\/wp-json\/wp\/v2\/product\/7663","targetHints":{"allow":["GET"]}}],"collection":[{"href":"https:\/\/longwellprofessional.com\/en\/wp-json\/wp\/v2\/product"}],"about":[{"href":"https:\/\/longwellprofessional.com\/en\/wp-json\/wp\/v2\/types\/product"}],"replies":[{"embeddable":true,"href":"https:\/\/longwellprofessional.com\/en\/wp-json\/wp\/v2\/comments?post=7663"}],"wp:featuredmedia":[{"embeddable":true,"href":"https:\/\/longwellprofessional.com\/en\/wp-json\/wp\/v2\/media\/7566"}],"wp:attachment":[{"href":"https:\/\/longwellprofessional.com\/en\/wp-json\/wp\/v2\/media?parent=7663"}],"wp:term":[{"taxonomy":"product_brand","embeddable":true,"href":"https:\/\/longwellprofessional.com\/en\/wp-json\/wp\/v2\/product_brand?post=7663"},{"taxonomy":"product_cat","embeddable":true,"href":"https:\/\/longwellprofessional.com\/en\/wp-json\/wp\/v2\/product_cat?post=7663"},{"taxonomy":"product_tag","embeddable":true,"href":"https:\/\/longwellprofessional.com\/en\/wp-json\/wp\/v2\/product_tag?post=7663"}],"curies":[{"name":"wp","href":"https:\/\/api.w.org\/{rel}","templated":true}]}}