{"id":7600,"date":"2024-12-12T10:05:04","date_gmt":"2024-12-12T10:05:04","guid":{"rendered":"https:\/\/longwellprofessional.com\/?post_type=product&#038;p=7600"},"modified":"2025-11-14T13:24:51","modified_gmt":"2025-11-14T13:24:51","slug":"repair-champu-nature-100ml","status":"publish","type":"product","link":"https:\/\/longwellprofessional.com\/en\/repair-champu-nature-100ml\/","title":{"rendered":"Repair Champ\u00fa Nature 100ml"},"content":{"rendered":"<p>The <b>Champ\u00fa Repair de Nature<\/b> es un champ\u00fa reparador ultra suave que protege y proporciona una reparaci\u00f3n intensiva, ideal para cabellos da\u00f1ados y secos. Su f\u00f3rmula, con un 80% de ingredientes naturales y sin sulfatos, est\u00e1 enriquecida con <b>Ginger<\/b>, <b>Rosemary<\/b>, <b>Turmeric<\/b> Y <b>Hyaluronic acid<\/b>, que ayudan a reestructurar, hidratar y fortalecer la fibra capilar. Con cada lavado, ayuda a sellar las puntas abiertas, a evitar el encrespamiento y a aportar flexibilidad, suavidad y un brillo saludable.<\/p>\n<p><strong>Benefits:<\/strong><\/p>\n<ul>\n<li>Proporciona una reparaci\u00f3n y protecci\u00f3n intensiva.<\/li>\n<li>Reestructura y fortalece la fibra capilar.<\/li>\n<li>Ayuda a sellar las puntas abiertas y a evitar el encrespamiento.<\/li>\n<li>Aporta flexibilidad, suavidad y un brillo saludable.<\/li>\n<li>Suave y sin sulfatos, ideal para el uso diario.<\/li>\n<\/ul>","protected":false},"excerpt":{"rendered":"<p>Champ\u00fa sin sulfatos que repara y protege el cabello da\u00f1ado. Con <b>Ginger<\/b> Y <b>Hyaluronic acid<\/b>, reestructura y fortalece la fibra capilar, dejando el cabello suave, brillante y sin encrespamiento.<\/p>","protected":false},"featured_media":7601,"comment_status":"closed","ping_status":"closed","template":"","meta":{"_et_pb_use_builder":"","_et_pb_old_content":"","_et_gb_content_width":"","inline_featured_image":false},"product_brand":[],"product_cat":[148,149],"product_tag":[101],"class_list":{"0":"post-7600","1":"product","2":"type-product","3":"status-publish","4":"has-post-thumbnail","6":"product_cat-nature","7":"product_cat-nature-shampoo","8":"product_tag-vegan-friendly","10":"first","11":"instock","12":"shipping-taxable","13":"product-type-simple"},"_links":{"self":[{"href":"https:\/\/longwellprofessional.com\/en\/wp-json\/wp\/v2\/product\/7600","targetHints":{"allow":["GET"]}}],"collection":[{"href":"https:\/\/longwellprofessional.com\/en\/wp-json\/wp\/v2\/product"}],"about":[{"href":"https:\/\/longwellprofessional.com\/en\/wp-json\/wp\/v2\/types\/product"}],"replies":[{"embeddable":true,"href":"https:\/\/longwellprofessional.com\/en\/wp-json\/wp\/v2\/comments?post=7600"}],"wp:featuredmedia":[{"embeddable":true,"href":"https:\/\/longwellprofessional.com\/en\/wp-json\/wp\/v2\/media\/7601"}],"wp:attachment":[{"href":"https:\/\/longwellprofessional.com\/en\/wp-json\/wp\/v2\/media?parent=7600"}],"wp:term":[{"taxonomy":"product_brand","embeddable":true,"href":"https:\/\/longwellprofessional.com\/en\/wp-json\/wp\/v2\/product_brand?post=7600"},{"taxonomy":"product_cat","embeddable":true,"href":"https:\/\/longwellprofessional.com\/en\/wp-json\/wp\/v2\/product_cat?post=7600"},{"taxonomy":"product_tag","embeddable":true,"href":"https:\/\/longwellprofessional.com\/en\/wp-json\/wp\/v2\/product_tag?post=7600"}],"curies":[{"name":"wp","href":"https:\/\/api.w.org\/{rel}","templated":true}]}}