{"id":757,"date":"2018-09-07T12:01:19","date_gmt":"2018-09-07T12:01:19","guid":{"rendered":"http:\/\/www.longwell.es\/?post_type=product&#038;p=757"},"modified":"2026-01-09T10:27:40","modified_gmt":"2026-01-09T10:27:40","slug":"kit-alisado-longliss","status":"publish","type":"product","link":"https:\/\/longwellprofessional.com\/en\/kit-alisado-longliss\/","title":{"rendered":"Longliss Treating Smoothing Kit"},"content":{"rendered":"<p>Thanks to its exclusive formulation, it naturally smoothes, rebuilds and strengthens the hair fiber, deeply hydrates, eliminates frizz, protects and guarantees the health of the hair.<\/p>\n<p><strong>Benefits<\/strong><\/p>\n<ul>\n<li>Treating Natural Straightening.<\/li>\n<li>Helps to regenerate and repair the capillary structure.<\/li>\n<li>Provides ultra-intensive hydration and nutrition.<\/li>\n<li>Prevents breakage of the hair fiber.<\/li>\n<li>Fight frizz.<\/li>\n<li>Visibly healthier, stronger and more flexible hair.<\/li>\n<li>Provides intense shine.<\/li>\n<li>Up to 12 weeks.<\/li>\n<li>Easy to apply.<\/li>\n<li>For all types of hair: dyed, bleached and highlighted.<\/li>\n<\/ul>","protected":false},"excerpt":{"rendered":"<p>The <strong>KIT ALISADO TRATANTE LONGLISS<\/strong> es un sistema de alisado tratante de uso profesional dise\u00f1ado para transformar la estructura del cabello mientras se mejora su calidad. Su f\u00f3rmula org\u00e1nica no solo alisa, sino que act\u00faa como una terapia intensiva de hidrataci\u00f3n y fuerza.<\/p>\n<p>El kit contiene los 4 productos esenciales para realizar el servicio completo:<\/p>\n<p>1. <strong>Champ\u00fa Pre-Alisado (25 ml)<\/strong>: Abre la cut\u00edcula.<\/p>\n<p>2. <strong>Crema Alisadora (100 ml)<\/strong>: Alisa y trata.<\/p>\n<p>3.<strong> Mascarilla Post-Alisado (25 ml)<\/strong>: Sella y reestructura.<\/p>\n<p>4. <strong>Champ\u00fa Post-Alisado (25 ml):<\/strong> Mantiene y protege.<\/p>\n<p>Gracias a la sinergia del <strong>\u00c1cido Hialur\u00f3nico, la Keratina y el Aceite de Arg\u00e1n<\/strong>, el cabello queda liso, con movimiento natural, brillo extremo y protegido frente a la rotura.<\/p>","protected":false},"featured_media":692,"comment_status":"closed","ping_status":"closed","template":"","meta":{"_et_pb_use_builder":"","_et_pb_old_content":"","_et_gb_content_width":"","inline_featured_image":false},"product_brand":[],"product_cat":[52,153,154,56],"product_tag":[],"class_list":{"0":"post-757","1":"product","2":"type-product","3":"status-publish","4":"has-post-thumbnail","6":"product_cat-productos","7":"product_cat-alisado","8":"product_cat-longliss-alisado","9":"product_cat-longliss","11":"first","12":"instock","13":"shipping-taxable","14":"product-type-simple"},"_links":{"self":[{"href":"https:\/\/longwellprofessional.com\/en\/wp-json\/wp\/v2\/product\/757","targetHints":{"allow":["GET"]}}],"collection":[{"href":"https:\/\/longwellprofessional.com\/en\/wp-json\/wp\/v2\/product"}],"about":[{"href":"https:\/\/longwellprofessional.com\/en\/wp-json\/wp\/v2\/types\/product"}],"replies":[{"embeddable":true,"href":"https:\/\/longwellprofessional.com\/en\/wp-json\/wp\/v2\/comments?post=757"}],"wp:featuredmedia":[{"embeddable":true,"href":"https:\/\/longwellprofessional.com\/en\/wp-json\/wp\/v2\/media\/692"}],"wp:attachment":[{"href":"https:\/\/longwellprofessional.com\/en\/wp-json\/wp\/v2\/media?parent=757"}],"wp:term":[{"taxonomy":"product_brand","embeddable":true,"href":"https:\/\/longwellprofessional.com\/en\/wp-json\/wp\/v2\/product_brand?post=757"},{"taxonomy":"product_cat","embeddable":true,"href":"https:\/\/longwellprofessional.com\/en\/wp-json\/wp\/v2\/product_cat?post=757"},{"taxonomy":"product_tag","embeddable":true,"href":"https:\/\/longwellprofessional.com\/en\/wp-json\/wp\/v2\/product_tag?post=757"}],"curies":[{"name":"wp","href":"https:\/\/api.w.org\/{rel}","templated":true}]}}