{"id":7553,"date":"2024-12-11T10:20:51","date_gmt":"2024-12-11T10:20:51","guid":{"rendered":"https:\/\/longwellprofessional.com\/?post_type=product&#038;p=7553"},"modified":"2025-11-14T13:24:58","modified_gmt":"2025-11-14T13:24:58","slug":"antifrizz-champu-nature-100ml","status":"publish","type":"product","link":"https:\/\/longwellprofessional.com\/en\/antifrizz-champu-nature-100ml\/","title":{"rendered":"Antifrizz Champ\u00fa Nature 100ml"},"content":{"rendered":"<p>The <b>Antifrizz Champ\u00fa de Nature<\/b> es un champ\u00fa emoliente y desenredante especialmente dise\u00f1ado para cabellos crespos y encrespados. Su f\u00f3rmula, enriquecida con <b>Queratina Vegetal<\/b>, <b>Extracto de Lino<\/b>, <b>wheat germ<\/b> Y <b>Hyaluronic acid<\/b>, hidrata y nutre el cabello desde la primera aplicaci\u00f3n, ayudando a controlar el frizz, proteger la fibra capilar y sellar las puntas abiertas. Proporciona flexibilidad y un brillo sedoso, dejando el cabello suave y manejable. Adem\u00e1s, no contiene sulfatos, lo que lo hace ideal para el uso diario.<\/p>\n<p><strong>Benefits:<\/strong><\/p>\n<ul>\n<li>Limpia y desenreda el cabello encrespado y sin disciplina.<\/li>\n<li>Hidrata y nutre desde la primera aplicaci\u00f3n.<\/li>\n<li>Ayuda a controlar el frizz.<\/li>\n<li>Protege la fibra capilar y sella las puntas abiertas.<\/li>\n<li>Aporta flexibilidad y brillo.<\/li>\n<\/ul>","protected":false},"excerpt":{"rendered":"<p>Champ\u00fa sin sulfatos para cabellos encrespados. Con <b>Queratina Vegetal<\/b> Y <b>Hyaluronic acid<\/b>, hidrata, desenreda y ayuda a controlar el frizz, proporcionando brillo y flexibilidad.<\/p>","protected":false},"featured_media":7539,"comment_status":"closed","ping_status":"closed","template":"","meta":{"_et_pb_use_builder":"","_et_pb_old_content":"","_et_gb_content_width":"","inline_featured_image":false},"product_brand":[],"product_cat":[148,149],"product_tag":[101],"class_list":{"0":"post-7553","1":"product","2":"type-product","3":"status-publish","4":"has-post-thumbnail","6":"product_cat-nature","7":"product_cat-nature-shampoo","8":"product_tag-vegan-friendly","10":"first","11":"instock","12":"shipping-taxable","13":"product-type-simple"},"_links":{"self":[{"href":"https:\/\/longwellprofessional.com\/en\/wp-json\/wp\/v2\/product\/7553","targetHints":{"allow":["GET"]}}],"collection":[{"href":"https:\/\/longwellprofessional.com\/en\/wp-json\/wp\/v2\/product"}],"about":[{"href":"https:\/\/longwellprofessional.com\/en\/wp-json\/wp\/v2\/types\/product"}],"replies":[{"embeddable":true,"href":"https:\/\/longwellprofessional.com\/en\/wp-json\/wp\/v2\/comments?post=7553"}],"wp:featuredmedia":[{"embeddable":true,"href":"https:\/\/longwellprofessional.com\/en\/wp-json\/wp\/v2\/media\/7539"}],"wp:attachment":[{"href":"https:\/\/longwellprofessional.com\/en\/wp-json\/wp\/v2\/media?parent=7553"}],"wp:term":[{"taxonomy":"product_brand","embeddable":true,"href":"https:\/\/longwellprofessional.com\/en\/wp-json\/wp\/v2\/product_brand?post=7553"},{"taxonomy":"product_cat","embeddable":true,"href":"https:\/\/longwellprofessional.com\/en\/wp-json\/wp\/v2\/product_cat?post=7553"},{"taxonomy":"product_tag","embeddable":true,"href":"https:\/\/longwellprofessional.com\/en\/wp-json\/wp\/v2\/product_tag?post=7553"}],"curies":[{"name":"wp","href":"https:\/\/api.w.org\/{rel}","templated":true}]}}