{"id":752,"date":"2018-09-07T11:47:27","date_gmt":"2018-09-07T11:47:27","guid":{"rendered":"http:\/\/www.longwell.es\/?post_type=product&#038;p=752"},"modified":"2025-11-14T13:26:05","modified_gmt":"2025-11-14T13:26:05","slug":"hot-crazy-hair-color-41-cyclamen-100ml","status":"publish","type":"product","link":"https:\/\/longwellprofessional.com\/en\/hot-crazy-hair-color-41-cyclamen-100ml\/","title":{"rendered":"Hot &#038; Crazy Hair Color N\u00ba41 Cyclamen 100ml"},"content":{"rendered":"<p><b>Hot &amp; Crazy Hair Color<\/b>\u00a0es una vibrante gama de\u00a0<b>cremas colorantes capilares semipermanentes<\/b>\u00a0dise\u00f1ada para looks atrevidos y de fantas\u00eda. La l\u00ednea se compone de\u00a0<b>9 colores intensos<\/b>\u00a0de acci\u00f3n directa que no requieren ser mezclados con per\u00f3xido.<\/p>\n<p>La gama incluye los siguientes tonos:<\/p>\n<ul>\n<li><b>Rojos y Rosas:<\/b>\u00a0Vermillion N\u00ba40, Fire Red N\u00ba56, Burgundy N\u00ba61, Cyclamen N\u00ba41, Hot Pink N\u00ba42.<\/li>\n<li><b>Violetas y Azules:<\/b>\u00a0Violette N\u00ba43, Hot Purple N\u00ba62, Ocean Blue N\u00ba44, Sky Blue N\u00ba59.<\/li>\n<\/ul>\n<p>Su f\u00f3rmula est\u00e1 pensada para aportar\u00a0<b>color intenso<\/b>\u00a0Y\u00a0<b>brillo<\/b>\u00a0al cabello previamente\u00a0<b>aclarado o decolorado<\/b>, permitiendo conseguir resultados llamativos y de tendencia.<\/p>","protected":false},"excerpt":{"rendered":"<p><b>Hot &amp; Crazy Hair Color\u00a0<\/b>es una gama de\u00a0<b>9 cremas colorantes semipermanentes<\/b>\u00a0de fantas\u00eda que ofrecen colores intensos y vibrantes. Se aplica\u00a0<b>sin per\u00f3xido<\/b>\u00a0y directo sobre cabello pre-aclarado.<\/p>","protected":false},"featured_media":676,"comment_status":"closed","ping_status":"closed","template":"","meta":{"_et_pb_use_builder":"","_et_pb_old_content":"","_et_gb_content_width":"","inline_featured_image":false},"product_brand":[],"product_cat":[53],"product_tag":[101],"class_list":{"0":"post-752","1":"product","2":"type-product","3":"status-publish","4":"has-post-thumbnail","6":"product_cat-hot-crazy","7":"product_tag-vegan-friendly","9":"first","10":"instock","11":"shipping-taxable","12":"product-type-simple"},"_links":{"self":[{"href":"https:\/\/longwellprofessional.com\/en\/wp-json\/wp\/v2\/product\/752","targetHints":{"allow":["GET"]}}],"collection":[{"href":"https:\/\/longwellprofessional.com\/en\/wp-json\/wp\/v2\/product"}],"about":[{"href":"https:\/\/longwellprofessional.com\/en\/wp-json\/wp\/v2\/types\/product"}],"replies":[{"embeddable":true,"href":"https:\/\/longwellprofessional.com\/en\/wp-json\/wp\/v2\/comments?post=752"}],"wp:featuredmedia":[{"embeddable":true,"href":"https:\/\/longwellprofessional.com\/en\/wp-json\/wp\/v2\/media\/676"}],"wp:attachment":[{"href":"https:\/\/longwellprofessional.com\/en\/wp-json\/wp\/v2\/media?parent=752"}],"wp:term":[{"taxonomy":"product_brand","embeddable":true,"href":"https:\/\/longwellprofessional.com\/en\/wp-json\/wp\/v2\/product_brand?post=752"},{"taxonomy":"product_cat","embeddable":true,"href":"https:\/\/longwellprofessional.com\/en\/wp-json\/wp\/v2\/product_cat?post=752"},{"taxonomy":"product_tag","embeddable":true,"href":"https:\/\/longwellprofessional.com\/en\/wp-json\/wp\/v2\/product_tag?post=752"}],"curies":[{"name":"wp","href":"https:\/\/api.w.org\/{rel}","templated":true}]}}