{"id":7499,"date":"2024-12-10T12:37:00","date_gmt":"2024-12-10T12:37:00","guid":{"rendered":"https:\/\/longwellprofessional.com\/?post_type=product&#038;p=7499"},"modified":"2025-11-14T13:24:59","modified_gmt":"2025-11-14T13:24:59","slug":"daily-use-champu-longwell-nature-100ml","status":"publish","type":"product","link":"https:\/\/longwellprofessional.com\/en\/daily-use-champu-longwell-nature-100ml\/","title":{"rendered":"Daily Use Champ\u00fa Nature 100ml"},"content":{"rendered":"<p>The <b>Daily Use Champ\u00fa de Nature<\/b> es un champ\u00fa de uso diario dise\u00f1ado para limpiar y purificar el cabello y el cuero cabelludo, restaurando su elasticidad. Su f\u00f3rmula, sin sulfatos, est\u00e1 enriquecida con ingredientes naturales como <b>Extracto de Bamb\u00fa<\/b>, <b>inula<\/b>, <b>Algas Marinas<\/b> Y <b>Hyaluronic acid<\/b>. Ayuda a nutrir y fortalecer la fibra capilar, aportando un acabado luminoso y brillante a todo tipo de cabello.<\/p>\n<p><strong>Benefits:<\/strong><\/p>\n<ul>\n<li>Limpia y purifica el cabello y el cuero cabelludo.<\/li>\n<li>Restaura la elasticidad.<\/li>\n<li>Proporciona un acabado luminoso y brillante.<\/li>\n<li>Apto para todo tipo de cabello.<\/li>\n<li>Does not contain sulfates.<\/li>\n<\/ul>","protected":false},"excerpt":{"rendered":"<p>Champ\u00fa de uso diario que limpia y purifica el cabello sin sulfatos. Con <b>Bamb\u00fa<\/b> Y <b>Hyaluronic acid<\/b>, restaura la elasticidad y aporta un acabado brillante y luminoso a todo tipo de cabello.<\/p>","protected":false},"featured_media":7501,"comment_status":"closed","ping_status":"closed","template":"","meta":{"_et_pb_use_builder":"","_et_pb_old_content":"","_et_gb_content_width":"","inline_featured_image":false},"product_brand":[],"product_cat":[148,149],"product_tag":[101],"class_list":{"0":"post-7499","1":"product","2":"type-product","3":"status-publish","4":"has-post-thumbnail","6":"product_cat-nature","7":"product_cat-nature-shampoo","8":"product_tag-vegan-friendly","10":"first","11":"instock","12":"shipping-taxable","13":"product-type-simple"},"_links":{"self":[{"href":"https:\/\/longwellprofessional.com\/en\/wp-json\/wp\/v2\/product\/7499","targetHints":{"allow":["GET"]}}],"collection":[{"href":"https:\/\/longwellprofessional.com\/en\/wp-json\/wp\/v2\/product"}],"about":[{"href":"https:\/\/longwellprofessional.com\/en\/wp-json\/wp\/v2\/types\/product"}],"replies":[{"embeddable":true,"href":"https:\/\/longwellprofessional.com\/en\/wp-json\/wp\/v2\/comments?post=7499"}],"wp:featuredmedia":[{"embeddable":true,"href":"https:\/\/longwellprofessional.com\/en\/wp-json\/wp\/v2\/media\/7501"}],"wp:attachment":[{"href":"https:\/\/longwellprofessional.com\/en\/wp-json\/wp\/v2\/media?parent=7499"}],"wp:term":[{"taxonomy":"product_brand","embeddable":true,"href":"https:\/\/longwellprofessional.com\/en\/wp-json\/wp\/v2\/product_brand?post=7499"},{"taxonomy":"product_cat","embeddable":true,"href":"https:\/\/longwellprofessional.com\/en\/wp-json\/wp\/v2\/product_cat?post=7499"},{"taxonomy":"product_tag","embeddable":true,"href":"https:\/\/longwellprofessional.com\/en\/wp-json\/wp\/v2\/product_tag?post=7499"}],"curies":[{"name":"wp","href":"https:\/\/api.w.org\/{rel}","templated":true}]}}