{"id":7426,"date":"2023-06-13T10:04:00","date_gmt":"2023-06-13T09:04:00","guid":{"rendered":"https:\/\/longwellprofessional.com\/?post_type=product&#038;p=7426"},"modified":"2025-11-21T13:28:02","modified_gmt":"2025-11-21T13:28:02","slug":"kit-diamond-plex-repairer-sealler","status":"publish","type":"product","link":"https:\/\/longwellprofessional.com\/en\/kit-diamond-plex-repairer-sealler\/","title":{"rendered":"Kit Diamond Plex N\u00ba1 Repairer 300ml + N\u00ba2 Sealler 500ml"},"content":{"rendered":"<p><strong>Kit Diamond PLEX del primer y segundo paso<\/strong> hair structure repair treatment. Free of parabens, oils, aldehydes and perfume.<\/p>\n<p><strong>The first step<\/strong> BOND REPAIRER of the system <strong>DIAMOND PLEX<\/strong> which is used as an additive to reduce hair damage during chemical processes. It acts inside the hair, rebuilding the hair fiber, reinforcing its resistance and elasticity, reducing its breakage by up to 95%. In addition, it provides a treating effect that regenerates the fiber to the maximum, making the hair healthy, strong and flexible.<\/p>\n<p><strong>The second step<\/strong> BOND SEALER del sistema <strong>DIAMOND PLEX<\/strong> que trabaja en sinergia con el N\u00ba1 BOND REPAIRER para completar el tratamiento. Gracias a su tecnolog\u00eda PLEX, ofrece una doble garant\u00eda a nivel superficial, en la cut\u00edcula y a nivel interno, en la corteza, reconstruyendo las uniones internas de los puentes da\u00f1ados, fortaleciendo y reparando el cabello a largo plazo. Ayuda a mantener la integridad del cabello antes, durante y despu\u00e9s de todos los servicios. Crea una capa protectora natural con acci\u00f3n hidratante y nutritiva, rellena y reconstruye la fibra capilar aportando un extra de brillo. Tambi\u00e9n se puede utilizar solo para obtener beneficios adicionales en el cabello despu\u00e9s de cualquier tratamiento.<\/p>","protected":false},"excerpt":{"rendered":"<p>Descubre el kit <b>DIAMOND PLEX<\/b>, un sistema de dos pasos que reconstruye y fortalece la estructura capilar. Su tecnolog\u00eda <strong>PLEX<\/strong> protege el cabello durante los procesos qu\u00edmicos, reduciendo la rotura hasta en un 95%. El resultado es un cabello <strong>sano, fuerte, flexible<\/strong> y con un <strong>brillo extraordinario<\/strong>.<\/p>","protected":false},"featured_media":7480,"comment_status":"closed","ping_status":"closed","template":"","meta":{"_et_pb_use_builder":"","_et_pb_old_content":"","_et_gb_content_width":"","inline_featured_image":false},"product_brand":[],"product_cat":[52,59],"product_tag":[],"class_list":{"0":"post-7426","1":"product","2":"type-product","3":"status-publish","4":"has-post-thumbnail","6":"product_cat-productos","7":"product_cat-linea-plex","9":"first","10":"instock","11":"shipping-taxable","12":"product-type-simple"},"_links":{"self":[{"href":"https:\/\/longwellprofessional.com\/en\/wp-json\/wp\/v2\/product\/7426","targetHints":{"allow":["GET"]}}],"collection":[{"href":"https:\/\/longwellprofessional.com\/en\/wp-json\/wp\/v2\/product"}],"about":[{"href":"https:\/\/longwellprofessional.com\/en\/wp-json\/wp\/v2\/types\/product"}],"replies":[{"embeddable":true,"href":"https:\/\/longwellprofessional.com\/en\/wp-json\/wp\/v2\/comments?post=7426"}],"wp:featuredmedia":[{"embeddable":true,"href":"https:\/\/longwellprofessional.com\/en\/wp-json\/wp\/v2\/media\/7480"}],"wp:attachment":[{"href":"https:\/\/longwellprofessional.com\/en\/wp-json\/wp\/v2\/media?parent=7426"}],"wp:term":[{"taxonomy":"product_brand","embeddable":true,"href":"https:\/\/longwellprofessional.com\/en\/wp-json\/wp\/v2\/product_brand?post=7426"},{"taxonomy":"product_cat","embeddable":true,"href":"https:\/\/longwellprofessional.com\/en\/wp-json\/wp\/v2\/product_cat?post=7426"},{"taxonomy":"product_tag","embeddable":true,"href":"https:\/\/longwellprofessional.com\/en\/wp-json\/wp\/v2\/product_tag?post=7426"}],"curies":[{"name":"wp","href":"https:\/\/api.w.org\/{rel}","templated":true}]}}