{"id":7416,"date":"2023-05-26T08:07:19","date_gmt":"2023-05-26T07:07:19","guid":{"rendered":"https:\/\/longwellprofessional.com\/?post_type=product&#038;p=7416"},"modified":"2025-11-14T13:25:09","modified_gmt":"2025-11-14T13:25:09","slug":"serum-repair-nature-200ml","status":"publish","type":"product","link":"https:\/\/longwellprofessional.com\/en\/serum-repair-nature-200ml\/","title":{"rendered":"Serum Repair Nature 200ml"},"content":{"rendered":"<p>The <b>Serum Repair de Nature<\/b> es un s\u00e9rum reparador multi-efecto que reestructura y fortalece la fibra capilar. Su f\u00f3rmula, con un 96% de ingredientes naturales, est\u00e1 enriquecida con <b>Aceite de Macadamia<\/b>, <b>Aceite de Oliva<\/b>, <b>Abyssinian oil<\/b>, <b>Betaina<\/b> Y <b>Hyaluronic acid<\/b>, que confieren propiedades hidratantes y reparadoras intensivas. Desde la primera aplicaci\u00f3n, transforma el cabello dej\u00e1ndolo el\u00e1stico, sedoso y brillante, adem\u00e1s de reducir el encrespamiento y prevenir las puntas abiertas.<\/p>\n<p><strong>Benefits:<\/strong><\/p>\n<ul>\n<li>Reestructura y fortalece la fibra capilar.<\/li>\n<li>Proporciona propiedades hidratantes y reparadoras.<\/li>\n<li>Reduce el encrespamiento y previene las puntas abiertas.<\/li>\n<li>Aporta elasticidad, suavidad y brillo desde la primera aplicaci\u00f3n.<\/li>\n<li>No necesita aclarado, brindando un efecto continuo.<\/li>\n<\/ul>","protected":false},"excerpt":{"rendered":"<p>S\u00e9rum reparador que reestructura y fortalece la fibra capilar. Con <b>Aceite de Macadamia<\/b> Y <b>Hyaluronic acid<\/b>, previene el encrespamiento y las puntas abiertas, dejando el cabello el\u00e1stico, suave y brillante sin necesidad de enjuague.<\/p>","protected":false},"featured_media":7430,"comment_status":"closed","ping_status":"closed","template":"","meta":{"_et_pb_use_builder":"","_et_pb_old_content":"","_et_gb_content_width":"","inline_featured_image":false},"product_brand":[],"product_cat":[148,52,150],"product_tag":[101],"class_list":{"0":"post-7416","1":"product","2":"type-product","3":"status-publish","4":"has-post-thumbnail","6":"product_cat-nature","7":"product_cat-productos","8":"product_cat-nature-mascarillas","9":"product_tag-vegan-friendly","11":"first","12":"instock","13":"shipping-taxable","14":"product-type-simple"},"_links":{"self":[{"href":"https:\/\/longwellprofessional.com\/en\/wp-json\/wp\/v2\/product\/7416","targetHints":{"allow":["GET"]}}],"collection":[{"href":"https:\/\/longwellprofessional.com\/en\/wp-json\/wp\/v2\/product"}],"about":[{"href":"https:\/\/longwellprofessional.com\/en\/wp-json\/wp\/v2\/types\/product"}],"replies":[{"embeddable":true,"href":"https:\/\/longwellprofessional.com\/en\/wp-json\/wp\/v2\/comments?post=7416"}],"wp:featuredmedia":[{"embeddable":true,"href":"https:\/\/longwellprofessional.com\/en\/wp-json\/wp\/v2\/media\/7430"}],"wp:attachment":[{"href":"https:\/\/longwellprofessional.com\/en\/wp-json\/wp\/v2\/media?parent=7416"}],"wp:term":[{"taxonomy":"product_brand","embeddable":true,"href":"https:\/\/longwellprofessional.com\/en\/wp-json\/wp\/v2\/product_brand?post=7416"},{"taxonomy":"product_cat","embeddable":true,"href":"https:\/\/longwellprofessional.com\/en\/wp-json\/wp\/v2\/product_cat?post=7416"},{"taxonomy":"product_tag","embeddable":true,"href":"https:\/\/longwellprofessional.com\/en\/wp-json\/wp\/v2\/product_tag?post=7416"}],"curies":[{"name":"wp","href":"https:\/\/api.w.org\/{rel}","templated":true}]}}