{"id":7414,"date":"2023-06-13T10:55:22","date_gmt":"2023-06-13T09:55:22","guid":{"rendered":"https:\/\/longwellprofessional.com\/?post_type=product&#038;p=7414"},"modified":"2025-11-14T13:25:03","modified_gmt":"2025-11-14T13:25:03","slug":"bond-booster-diamond-plex-150ml","status":"publish","type":"product","link":"https:\/\/longwellprofessional.com\/en\/bond-booster-diamond-plex-150ml\/","title":{"rendered":"Bond Booster N\u00ba6 Diamond Plex 150ml"},"content":{"rendered":"<p>The <b>Bond Booster<\/b> es un s\u00e9rum reparador multi-efectos que repara, reestructura y fortalece la fibra capilar. Su f\u00f3rmula, con <b>PLEX protein<\/b>, extractos de <b>Perla Negra<\/b>, <b>Salvia<\/b>, <b>Cal\u00e9ndula<\/b>, <b>Manzanilla<\/b>, <b>Piel de Naranja<\/b>, <b>Vitamin E<\/b> Y <b>Col\u00e1geno Marino Vegetal<\/b>, confiere propiedades hidratantes, detoxificantes y anticontaminantes. Transforma el cabello desde la primera aplicaci\u00f3n, dej\u00e1ndolo brillante, sedoso, el\u00e1stico y sin encrespamiento. Es apto para todo tipo de cabellos y no necesita enjuague.<\/p>\n<p><strong>Benefits:<\/strong><\/p>\n<ul>\n<li>Reestructura y fortalece la fibra capilar.<\/li>\n<li>Aporta propiedades hidratantes, detoxificantes y anticontaminantes.<\/li>\n<li>Transforma el cabello desde la primera aplicaci\u00f3n, dej\u00e1ndolo brillante y sedoso.<\/li>\n<li>Confiere elasticidad y elimina el encrespamiento.<\/li>\n<li>No necesita enjuague para un efecto prolongado.<\/li>\n<\/ul>","protected":false},"excerpt":{"rendered":"<p>S\u00e9rum reparador multi-efectos que reestructura y fortalece la fibra capilar. Con <b>PLEX protein<\/b>\u00a0y extractos naturales, deja el cabello brillante, sedoso y sin encrespamiento desde la primera aplicaci\u00f3n.<\/p>","protected":false},"featured_media":7477,"comment_status":"closed","ping_status":"closed","template":"","meta":{"_et_pb_use_builder":"","_et_pb_old_content":"","_et_gb_content_width":"","inline_featured_image":false},"product_brand":[],"product_cat":[59,52],"product_tag":[101],"class_list":{"0":"post-7414","1":"product","2":"type-product","3":"status-publish","4":"has-post-thumbnail","6":"product_cat-linea-plex","7":"product_cat-productos","8":"product_tag-vegan-friendly","10":"first","11":"instock","12":"shipping-taxable","13":"product-type-simple"},"_links":{"self":[{"href":"https:\/\/longwellprofessional.com\/en\/wp-json\/wp\/v2\/product\/7414","targetHints":{"allow":["GET"]}}],"collection":[{"href":"https:\/\/longwellprofessional.com\/en\/wp-json\/wp\/v2\/product"}],"about":[{"href":"https:\/\/longwellprofessional.com\/en\/wp-json\/wp\/v2\/types\/product"}],"replies":[{"embeddable":true,"href":"https:\/\/longwellprofessional.com\/en\/wp-json\/wp\/v2\/comments?post=7414"}],"wp:featuredmedia":[{"embeddable":true,"href":"https:\/\/longwellprofessional.com\/en\/wp-json\/wp\/v2\/media\/7477"}],"wp:attachment":[{"href":"https:\/\/longwellprofessional.com\/en\/wp-json\/wp\/v2\/media?parent=7414"}],"wp:term":[{"taxonomy":"product_brand","embeddable":true,"href":"https:\/\/longwellprofessional.com\/en\/wp-json\/wp\/v2\/product_brand?post=7414"},{"taxonomy":"product_cat","embeddable":true,"href":"https:\/\/longwellprofessional.com\/en\/wp-json\/wp\/v2\/product_cat?post=7414"},{"taxonomy":"product_tag","embeddable":true,"href":"https:\/\/longwellprofessional.com\/en\/wp-json\/wp\/v2\/product_tag?post=7414"}],"curies":[{"name":"wp","href":"https:\/\/api.w.org\/{rel}","templated":true}]}}