{"id":7412,"date":"2023-06-13T11:00:11","date_gmt":"2023-06-13T10:00:11","guid":{"rendered":"https:\/\/longwellprofessional.com\/?post_type=product&#038;p=7412"},"modified":"2025-11-14T13:25:00","modified_gmt":"2025-11-14T13:25:00","slug":"tratamiento-intensive-bond-repair-diamond-plex-300ml","status":"publish","type":"product","link":"https:\/\/longwellprofessional.com\/en\/tratamiento-intensive-bond-repair-diamond-plex-300ml\/","title":{"rendered":"Tratamiento Intensive Bond Repair N\u00ba0 Diamond Plex 300ml"},"content":{"rendered":"<p>The <b>Intensive Bond Repair Treatment<\/b> es un tratamiento intensivo dise\u00f1ado para preparar, fortalecer y proteger la fibra capilar. Puede ser usado tanto antes de procesos t\u00e9cnicos como un tratamiento reparador independiente. Su f\u00f3rmula, con <b>PLEX protein<\/b>, <b>marine collagen<\/b> Y <b>Provitamin B5<\/b>, garantiza un sorprendente efecto reparador inmediato, mejorando la resistencia y la elasticidad del cabello.<\/p>\n<p><strong>Benefits:<\/strong><\/p>\n<ul>\n<li>Prepara, fortalece y protege la fibra capilar.<\/li>\n<li>Garantiza un efecto de reparaci\u00f3n inmediato.<\/li>\n<li>Mejora la resistencia y elasticidad del cabello.<\/li>\n<li>Apto para uso profesional y en casa.<\/li>\n<\/ul>","protected":false},"excerpt":{"rendered":"<p>Tratamiento reparador intensivo que fortalece y protege la fibra capilar. Con <b>PLEX protein<\/b>\u00a0Y <b>marine collagen<\/b>, garantiza un efecto reparador inmediato, mejorando la resistencia y la elasticidad del cabello.<\/p>","protected":false},"featured_media":7479,"comment_status":"closed","ping_status":"closed","template":"","meta":{"_et_pb_use_builder":"","_et_pb_old_content":"","_et_gb_content_width":"","inline_featured_image":false},"product_brand":[],"product_cat":[59,52],"product_tag":[101],"class_list":{"0":"post-7412","1":"product","2":"type-product","3":"status-publish","4":"has-post-thumbnail","6":"product_cat-linea-plex","7":"product_cat-productos","8":"product_tag-vegan-friendly","10":"first","11":"instock","12":"shipping-taxable","13":"product-type-simple"},"_links":{"self":[{"href":"https:\/\/longwellprofessional.com\/en\/wp-json\/wp\/v2\/product\/7412","targetHints":{"allow":["GET"]}}],"collection":[{"href":"https:\/\/longwellprofessional.com\/en\/wp-json\/wp\/v2\/product"}],"about":[{"href":"https:\/\/longwellprofessional.com\/en\/wp-json\/wp\/v2\/types\/product"}],"replies":[{"embeddable":true,"href":"https:\/\/longwellprofessional.com\/en\/wp-json\/wp\/v2\/comments?post=7412"}],"wp:featuredmedia":[{"embeddable":true,"href":"https:\/\/longwellprofessional.com\/en\/wp-json\/wp\/v2\/media\/7479"}],"wp:attachment":[{"href":"https:\/\/longwellprofessional.com\/en\/wp-json\/wp\/v2\/media?parent=7412"}],"wp:term":[{"taxonomy":"product_brand","embeddable":true,"href":"https:\/\/longwellprofessional.com\/en\/wp-json\/wp\/v2\/product_brand?post=7412"},{"taxonomy":"product_cat","embeddable":true,"href":"https:\/\/longwellprofessional.com\/en\/wp-json\/wp\/v2\/product_cat?post=7412"},{"taxonomy":"product_tag","embeddable":true,"href":"https:\/\/longwellprofessional.com\/en\/wp-json\/wp\/v2\/product_tag?post=7412"}],"curies":[{"name":"wp","href":"https:\/\/api.w.org\/{rel}","templated":true}]}}