{"id":7411,"date":"2023-06-13T10:53:24","date_gmt":"2023-06-13T09:53:24","guid":{"rendered":"https:\/\/longwellprofessional.com\/?post_type=product&#038;p=7411"},"modified":"2025-11-14T13:25:05","modified_gmt":"2025-11-14T13:25:05","slug":"mascarilla-bond-intense-diamond-plex-250ml","status":"publish","type":"product","link":"https:\/\/longwellprofessional.com\/en\/mascarilla-bond-intense-diamond-plex-250ml\/","title":{"rendered":"Mascarilla Bond Intense N\u00ba8 Diamond Plex 250ml"},"content":{"rendered":"<p>The <b>Mascarilla Bond Intense<\/b> es un tratamiento reconstructor en profundidad dise\u00f1ado para cabellos secos y da\u00f1ados. Su f\u00f3rmula, con <b>PLEX protein<\/b>\u00a0Y <b>Hyaluronic acid<\/b>, reconstruye en profundidad la fibra capilar, reestructurando la estructura interna del cabello. Proporciona una hidrataci\u00f3n intensa y una reparaci\u00f3n profunda.<\/p>\n<p><strong>Benefits:<\/strong><\/p>\n<ul>\n<li>Reconstruye en profundidad la fibra capilar.<\/li>\n<li>Proporciona un efecto de reestructuraci\u00f3n profunda.<\/li>\n<li>Ideal para cabellos secos y da\u00f1ados.<\/li>\n<li>Proporciona hidrataci\u00f3n intensa.<\/li>\n<\/ul>","protected":false},"excerpt":{"rendered":"<p>Mascarilla reconstructora que repara en profundidad la fibra capilar. Con <b>PLEX protein<\/b>\u00a0Y <b>Hyaluronic acid<\/b>, proporciona una hidrataci\u00f3n intensa y reestructura el cabello da\u00f1ado desde su interior.<\/p>","protected":false},"featured_media":7476,"comment_status":"closed","ping_status":"closed","template":"","meta":{"_et_pb_use_builder":"","_et_pb_old_content":"","_et_gb_content_width":"","inline_featured_image":false},"product_brand":[],"product_cat":[59,52],"product_tag":[101],"class_list":{"0":"post-7411","1":"product","2":"type-product","3":"status-publish","4":"has-post-thumbnail","6":"product_cat-linea-plex","7":"product_cat-productos","8":"product_tag-vegan-friendly","10":"first","11":"instock","12":"shipping-taxable","13":"product-type-simple"},"_links":{"self":[{"href":"https:\/\/longwellprofessional.com\/en\/wp-json\/wp\/v2\/product\/7411","targetHints":{"allow":["GET"]}}],"collection":[{"href":"https:\/\/longwellprofessional.com\/en\/wp-json\/wp\/v2\/product"}],"about":[{"href":"https:\/\/longwellprofessional.com\/en\/wp-json\/wp\/v2\/types\/product"}],"replies":[{"embeddable":true,"href":"https:\/\/longwellprofessional.com\/en\/wp-json\/wp\/v2\/comments?post=7411"}],"wp:featuredmedia":[{"embeddable":true,"href":"https:\/\/longwellprofessional.com\/en\/wp-json\/wp\/v2\/media\/7476"}],"wp:attachment":[{"href":"https:\/\/longwellprofessional.com\/en\/wp-json\/wp\/v2\/media?parent=7411"}],"wp:term":[{"taxonomy":"product_brand","embeddable":true,"href":"https:\/\/longwellprofessional.com\/en\/wp-json\/wp\/v2\/product_brand?post=7411"},{"taxonomy":"product_cat","embeddable":true,"href":"https:\/\/longwellprofessional.com\/en\/wp-json\/wp\/v2\/product_cat?post=7411"},{"taxonomy":"product_tag","embeddable":true,"href":"https:\/\/longwellprofessional.com\/en\/wp-json\/wp\/v2\/product_tag?post=7411"}],"curies":[{"name":"wp","href":"https:\/\/api.w.org\/{rel}","templated":true}]}}