{"id":7401,"date":"2023-05-26T08:35:40","date_gmt":"2023-05-26T07:35:40","guid":{"rendered":"https:\/\/longwellprofessional.com\/?post_type=product&#038;p=7401"},"modified":"2025-12-02T11:41:19","modified_gmt":"2025-12-02T11:41:19","slug":"hydra-champu-nature-500ml","status":"publish","type":"product","link":"https:\/\/longwellprofessional.com\/en\/hydra-champu-nature-500ml\/","title":{"rendered":"Hydra Champ\u00fa Nature 500ml"},"content":{"rendered":"<p>The <b>Champ\u00fa Hydra de Nature<\/b> es un champ\u00fa hidratante que minimiza las irritaciones y aumenta la retenci\u00f3n de agua en la fibra capilar, restaurando y fortaleciendo el cabello desde el interior. Su f\u00f3rmula, con un 80% de ingredientes naturales y sin sulfatos, est\u00e1 enriquecida con <b>Hyaluronic acid<\/b>, <b>red algae<\/b>, <b>\u00c1cidos de Frutas<\/b>, y un complejo de <b>Aceites de S\u00e9samo, Incienso y \u00d1im<\/b>. Proporciona un efecto anti-edad, reequilibra, revitaliza y combate el encrespamiento, dejando el cabello suave y con un brillo luminoso. Es ideal para todo tipo de cabello.<\/p>\n<p><strong>Benefits:<\/strong><\/p>\n<ul>\n<li>Minimiza las irritaciones y aumenta la retenci\u00f3n de agua en la fibra capilar.<\/li>\n<li>Restaura y fortalece el cabello.<\/li>\n<li>Proporciona un efecto anti-edad.<\/li>\n<li>Reequilibra, revitaliza y combate el encrespamiento.<\/li>\n<li>Aporta suavidad, brillo y luminosidad.<\/li>\n<\/ul>\n<p>Tambi\u00e9n en <span style=\"color: #000000;\"><strong><a style=\"color: #000000;\" href=\"https:\/\/longwellprofessional.com\/en\/hydra-champu-nature-100ml\/\">Formato 100ml.<\/a><\/strong><\/span><\/p>","protected":false},"excerpt":{"rendered":"<p>Champ\u00fa sin sulfatos para una hidrataci\u00f3n profunda. Con <b>Hyaluronic acid<\/b> Y <b>red algae<\/b>, restaura y fortalece el cabello, combate el encrespamiento y aporta un brillo luminoso.<\/p>","protected":false},"featured_media":7404,"comment_status":"closed","ping_status":"closed","template":"","meta":{"_et_pb_use_builder":"","_et_pb_old_content":"","_et_gb_content_width":"","inline_featured_image":false},"product_brand":[],"product_cat":[52,149,148],"product_tag":[101],"class_list":{"0":"post-7401","1":"product","2":"type-product","3":"status-publish","4":"has-post-thumbnail","6":"product_cat-productos","7":"product_cat-nature-shampoo","8":"product_cat-nature","9":"product_tag-vegan-friendly","11":"first","12":"instock","13":"shipping-taxable","14":"product-type-simple"},"_links":{"self":[{"href":"https:\/\/longwellprofessional.com\/en\/wp-json\/wp\/v2\/product\/7401","targetHints":{"allow":["GET"]}}],"collection":[{"href":"https:\/\/longwellprofessional.com\/en\/wp-json\/wp\/v2\/product"}],"about":[{"href":"https:\/\/longwellprofessional.com\/en\/wp-json\/wp\/v2\/types\/product"}],"replies":[{"embeddable":true,"href":"https:\/\/longwellprofessional.com\/en\/wp-json\/wp\/v2\/comments?post=7401"}],"wp:featuredmedia":[{"embeddable":true,"href":"https:\/\/longwellprofessional.com\/en\/wp-json\/wp\/v2\/media\/7404"}],"wp:attachment":[{"href":"https:\/\/longwellprofessional.com\/en\/wp-json\/wp\/v2\/media?parent=7401"}],"wp:term":[{"taxonomy":"product_brand","embeddable":true,"href":"https:\/\/longwellprofessional.com\/en\/wp-json\/wp\/v2\/product_brand?post=7401"},{"taxonomy":"product_cat","embeddable":true,"href":"https:\/\/longwellprofessional.com\/en\/wp-json\/wp\/v2\/product_cat?post=7401"},{"taxonomy":"product_tag","embeddable":true,"href":"https:\/\/longwellprofessional.com\/en\/wp-json\/wp\/v2\/product_tag?post=7401"}],"curies":[{"name":"wp","href":"https:\/\/api.w.org\/{rel}","templated":true}]}}