{"id":7393,"date":"2023-05-26T07:52:56","date_gmt":"2023-05-26T06:52:56","guid":{"rendered":"https:\/\/longwellprofessional.com\/?post_type=product&#038;p=7393"},"modified":"2025-12-02T11:56:23","modified_gmt":"2025-12-02T11:56:23","slug":"champu-voluminizador-nature-500ml","status":"publish","type":"product","link":"https:\/\/longwellprofessional.com\/en\/champu-voluminizador-nature-500ml\/","title":{"rendered":"Nutri Volume Champ\u00fa Nature 500ml"},"content":{"rendered":"<p>The <b>Champ\u00fa voluminizador Nutri Volume de Nature<\/b> es un champ\u00fa ultradelicado, especialmente formulado para cabellos finos y debilitados. Su f\u00f3rmula, sin sulfatos y con un 81% de ingredientes de origen natural, minimiza las irritaciones y aumenta la retenci\u00f3n de agua en la fibra capilar. Enriquecido con <b>red algae<\/b>, <b>Mango<\/b>, <b>Jojoba<\/b>, <b>Hyaluronic acid<\/b>, <b>Betaina<\/b> Y <b>wheat germ<\/b>, este champ\u00fa fortalece e hidrata, proporcionando cuerpo, volumen y un brillo extra al cabello.<\/p>\n<p><strong>Benefits:<\/strong><\/p>\n<ul>\n<li>Aporta volumen, cuerpo y brillo extra al cabello.<\/li>\n<li>Fortalece e hidrata la fibra capilar.<\/li>\n<li>Minimiza las irritaciones y aumenta la retenci\u00f3n de agua.<\/li>\n<li>No contiene sulfatos, ideal para un cuidado delicado.<\/li>\n<li>Apto para todo tipo de cabello, especialmente para cabellos finos y d\u00e9biles.<\/li>\n<\/ul>\n<p>Tambi\u00e9n en Formato 100ml.<\/p>","protected":false},"excerpt":{"rendered":"<p>Champ\u00fa voluminizador ultra suave que hidrata y fortalece los cabellos finos. Con <b>red algae<\/b> Y <b>Hyaluronic acid<\/b>, proporciona un volumen extra, cuerpo y brillo sin irritar el cuero cabelludo.<\/p>","protected":false},"featured_media":7394,"comment_status":"closed","ping_status":"closed","template":"","meta":{"_et_pb_use_builder":"","_et_pb_old_content":"","_et_gb_content_width":"","inline_featured_image":false},"product_brand":[],"product_cat":[148,52,149],"product_tag":[101],"class_list":{"0":"post-7393","1":"product","2":"type-product","3":"status-publish","4":"has-post-thumbnail","6":"product_cat-nature","7":"product_cat-productos","8":"product_cat-nature-shampoo","9":"product_tag-vegan-friendly","11":"first","12":"instock","13":"shipping-taxable","14":"product-type-simple"},"_links":{"self":[{"href":"https:\/\/longwellprofessional.com\/en\/wp-json\/wp\/v2\/product\/7393","targetHints":{"allow":["GET"]}}],"collection":[{"href":"https:\/\/longwellprofessional.com\/en\/wp-json\/wp\/v2\/product"}],"about":[{"href":"https:\/\/longwellprofessional.com\/en\/wp-json\/wp\/v2\/types\/product"}],"replies":[{"embeddable":true,"href":"https:\/\/longwellprofessional.com\/en\/wp-json\/wp\/v2\/comments?post=7393"}],"wp:featuredmedia":[{"embeddable":true,"href":"https:\/\/longwellprofessional.com\/en\/wp-json\/wp\/v2\/media\/7394"}],"wp:attachment":[{"href":"https:\/\/longwellprofessional.com\/en\/wp-json\/wp\/v2\/media?parent=7393"}],"wp:term":[{"taxonomy":"product_brand","embeddable":true,"href":"https:\/\/longwellprofessional.com\/en\/wp-json\/wp\/v2\/product_brand?post=7393"},{"taxonomy":"product_cat","embeddable":true,"href":"https:\/\/longwellprofessional.com\/en\/wp-json\/wp\/v2\/product_cat?post=7393"},{"taxonomy":"product_tag","embeddable":true,"href":"https:\/\/longwellprofessional.com\/en\/wp-json\/wp\/v2\/product_tag?post=7393"}],"curies":[{"name":"wp","href":"https:\/\/api.w.org\/{rel}","templated":true}]}}