{"id":607,"date":"2018-02-05T09:55:58","date_gmt":"2018-02-05T09:55:58","guid":{"rendered":"http:\/\/www.longwell.es\/?post_type=product&#038;p=607"},"modified":"2025-11-14T13:26:14","modified_gmt":"2025-11-14T13:26:14","slug":"spray-de-fijacion-chicago-500ml","status":"publish","type":"product","link":"https:\/\/longwellprofessional.com\/en\/spray-de-fijacion-chicago-500ml\/","title":{"rendered":"Spray de fijaci\u00f3n Chicago 500ml"},"content":{"rendered":"<p>The <b>Spray de fijaci\u00f3n CHICAGO<\/b> es una laca de <b>fijaci\u00f3n fuerte<\/b> que combina un control duradero del peinado con el cuidado de la fibra capilar. Su f\u00f3rmula exclusiva cuida la estructura del cabello, aport\u00e1ndole brillo y suavidad. Permite crear looks definidos y se elimina con facilidad mediante un simple cepillado, <b>sin dejar residuos<\/b>.<\/p>\n<p><strong>Benefits:<\/strong><\/p>\n<ul>\n<li>Proporciona una <b>fijaci\u00f3n fuerte<\/b> y duradera.<\/li>\n<li>Cuida la estructura del cabello.<\/li>\n<li>Aporta un brillo excelente y suavidad.<\/li>\n<li>Se elimina f\u00e1cilmente con el cepillado.<\/li>\n<li>Does not leave residue.<\/li>\n<\/ul>","protected":false},"excerpt":{"rendered":"<p>The <b>Spray de fijaci\u00f3n CHICAGO <\/b>es una laca de <b>fijaci\u00f3n fuerte<\/b> con f\u00f3rmula exclusiva que cuida y aporta brillo a la estructura capilar. Se elimina f\u00e1cilmente con un cepillado, sin dejar ning\u00fan tipo de residuo.<\/p>","protected":false},"featured_media":545,"comment_status":"closed","ping_status":"closed","template":"","meta":{"_et_pb_use_builder":"","_et_pb_old_content":"","_et_gb_content_width":"","inline_featured_image":false},"product_brand":[],"product_cat":[51],"product_tag":[101],"class_list":{"0":"post-607","1":"product","2":"type-product","3":"status-publish","4":"has-post-thumbnail","6":"product_cat-long-fix","7":"product_tag-vegan-friendly","9":"first","10":"instock","11":"shipping-taxable","12":"product-type-simple"},"_links":{"self":[{"href":"https:\/\/longwellprofessional.com\/en\/wp-json\/wp\/v2\/product\/607","targetHints":{"allow":["GET"]}}],"collection":[{"href":"https:\/\/longwellprofessional.com\/en\/wp-json\/wp\/v2\/product"}],"about":[{"href":"https:\/\/longwellprofessional.com\/en\/wp-json\/wp\/v2\/types\/product"}],"replies":[{"embeddable":true,"href":"https:\/\/longwellprofessional.com\/en\/wp-json\/wp\/v2\/comments?post=607"}],"wp:featuredmedia":[{"embeddable":true,"href":"https:\/\/longwellprofessional.com\/en\/wp-json\/wp\/v2\/media\/545"}],"wp:attachment":[{"href":"https:\/\/longwellprofessional.com\/en\/wp-json\/wp\/v2\/media?parent=607"}],"wp:term":[{"taxonomy":"product_brand","embeddable":true,"href":"https:\/\/longwellprofessional.com\/en\/wp-json\/wp\/v2\/product_brand?post=607"},{"taxonomy":"product_cat","embeddable":true,"href":"https:\/\/longwellprofessional.com\/en\/wp-json\/wp\/v2\/product_cat?post=607"},{"taxonomy":"product_tag","embeddable":true,"href":"https:\/\/longwellprofessional.com\/en\/wp-json\/wp\/v2\/product_tag?post=607"}],"curies":[{"name":"wp","href":"https:\/\/api.w.org\/{rel}","templated":true}]}}