{"id":606,"date":"2018-02-05T09:54:30","date_gmt":"2018-02-05T09:54:30","guid":{"rendered":"http:\/\/www.longwell.es\/?post_type=product&#038;p=606"},"modified":"2025-11-14T13:26:14","modified_gmt":"2025-11-14T13:26:14","slug":"spray-de-fijacion-sevilla-500ml","status":"publish","type":"product","link":"https:\/\/longwellprofessional.com\/en\/spray-de-fijacion-sevilla-500ml\/","title":{"rendered":"Spray de fijaci\u00f3n Sevilla 500ml"},"content":{"rendered":"<p>The <b>Spray de fijaci\u00f3n Extra Fuerte SEVILLA<\/b> es una laca de fijaci\u00f3n de <b>larga duraci\u00f3n<\/b> con secado r\u00e1pido. Su f\u00f3rmula exclusiva no solo fija con fuerza el peinado, sino que tambi\u00e9n cuida la estructura del cabello, aportando brillo y suavidad, <b>sin apelmazar<\/b>. Es ideal para peinados que requieren el m\u00e1ximo control y se elimina f\u00e1cilmente con un cepillado, sin dejar residuos.<\/p>\n<p><strong>Benefits:<\/strong><\/p>\n<ul>\n<li>Fijaci\u00f3n <b>extra fuerte<\/b> de larga duraci\u00f3n.<\/li>\n<li>Secado r\u00e1pido para un acabado inmediato.<\/li>\n<li>Fija la estructura del cabello sin apelmazarlo.<\/li>\n<li>Aporta brillo y suavidad al cabello.<\/li>\n<li>F\u00e1cil eliminaci\u00f3n con el cepillado, sin dejar residuos.<\/li>\n<\/ul>","protected":false},"excerpt":{"rendered":"<p>The <b>Spray de fijaci\u00f3n Extra Fuerte SEVILLA <\/b>es una laca de <b>fijaci\u00f3n extra fuerte<\/b> Y <b>secado r\u00e1pido<\/b> que aporta m\u00e1ximo control, brillo y suavidad al peinado. Fija sin apelmazar y se elimina f\u00e1cilmente con el cepillado, sin dejar residuos.<\/p>","protected":false},"featured_media":551,"comment_status":"closed","ping_status":"closed","template":"","meta":{"_et_pb_use_builder":"","_et_pb_old_content":"","_et_gb_content_width":"","inline_featured_image":false},"product_brand":[],"product_cat":[51],"product_tag":[],"class_list":{"0":"post-606","1":"product","2":"type-product","3":"status-publish","4":"has-post-thumbnail","6":"product_cat-long-fix","8":"first","9":"instock","10":"shipping-taxable","11":"product-type-simple"},"_links":{"self":[{"href":"https:\/\/longwellprofessional.com\/en\/wp-json\/wp\/v2\/product\/606","targetHints":{"allow":["GET"]}}],"collection":[{"href":"https:\/\/longwellprofessional.com\/en\/wp-json\/wp\/v2\/product"}],"about":[{"href":"https:\/\/longwellprofessional.com\/en\/wp-json\/wp\/v2\/types\/product"}],"replies":[{"embeddable":true,"href":"https:\/\/longwellprofessional.com\/en\/wp-json\/wp\/v2\/comments?post=606"}],"wp:featuredmedia":[{"embeddable":true,"href":"https:\/\/longwellprofessional.com\/en\/wp-json\/wp\/v2\/media\/551"}],"wp:attachment":[{"href":"https:\/\/longwellprofessional.com\/en\/wp-json\/wp\/v2\/media?parent=606"}],"wp:term":[{"taxonomy":"product_brand","embeddable":true,"href":"https:\/\/longwellprofessional.com\/en\/wp-json\/wp\/v2\/product_brand?post=606"},{"taxonomy":"product_cat","embeddable":true,"href":"https:\/\/longwellprofessional.com\/en\/wp-json\/wp\/v2\/product_cat?post=606"},{"taxonomy":"product_tag","embeddable":true,"href":"https:\/\/longwellprofessional.com\/en\/wp-json\/wp\/v2\/product_tag?post=606"}],"curies":[{"name":"wp","href":"https:\/\/api.w.org\/{rel}","templated":true}]}}