{"id":605,"date":"2018-02-07T09:52:21","date_gmt":"2018-02-07T09:52:21","guid":{"rendered":"http:\/\/www.longwell.es\/?post_type=product&#038;p=605"},"modified":"2026-01-20T11:45:08","modified_gmt":"2026-01-20T11:45:08","slug":"protector-termico-alisador-amsterdam-250ml","status":"publish","type":"product","link":"https:\/\/longwellprofessional.com\/en\/protector-termico-alisador-amsterdam-250ml\/","title":{"rendered":"Protector t\u00e9rmico alisador \u00c1msterdam 300ml"},"content":{"rendered":"<p>The <b>Protector T\u00e9rmico Alisador AMSTERDAM<\/b> es un spray de cuidado y <i>styling<\/i> con fijaci\u00f3n ligera (Fuerza <b>1 de 3<\/b>). Est\u00e1 formulado con una exclusiva mezcla de <b>Leche de Manuka y Vitaminas<\/b> que cuidan la fibra capilar, aportando <b>nutrici\u00f3n, brillo y sedosidad<\/b>. Su efecto s\u00faper alisante facilita el peinado y combate el encrespamiento, a la vez que ofrece una <b>protecci\u00f3n esencial<\/b> frente a las agresiones producidas por las herramientas t\u00e9rmicas (secador y planchas) y los factores medioambientales.<\/p>\n<p><strong>Benefits:<\/strong><\/p>\n<ul>\n<li>Ofrece <b>protecci\u00f3n t\u00e9rmica<\/b> contra secador y planchas.<\/li>\n<li>Proporciona un <b>efecto s\u00faper alisante<\/b> y reduce el encrespamiento.<\/li>\n<li>Protege el cabello de factores medioambientales.<\/li>\n<li>Aporta nutrici\u00f3n, brillo y un acabado sedoso.<\/li>\n<li>Fijaci\u00f3n muy ligera (Fuerza 1).<\/li>\n<\/ul>\n<p>&nbsp;<\/p>","protected":false},"excerpt":{"rendered":"<p>The <b>Protector T\u00e9rmico Alisador AMSTERDAM<\/b> es un spray protector y alisador con fijaci\u00f3n ligera (Fuerza 1). Formulado con <b>Leche de Manuka y Vitaminas<\/b>, protege de las agresiones t\u00e9rmicas y reduce el encrespamiento, dejando el cabello <b>nutrido, brillante y sedoso<\/b>.<\/p>","protected":false},"featured_media":8190,"comment_status":"closed","ping_status":"closed","template":"","meta":{"_et_pb_use_builder":"","_et_pb_old_content":"","_et_gb_content_width":"","inline_featured_image":false},"product_brand":[],"product_cat":[51],"product_tag":[],"class_list":{"0":"post-605","1":"product","2":"type-product","3":"status-publish","4":"has-post-thumbnail","6":"product_cat-long-fix","8":"first","9":"instock","10":"shipping-taxable","11":"product-type-simple"},"_links":{"self":[{"href":"https:\/\/longwellprofessional.com\/en\/wp-json\/wp\/v2\/product\/605","targetHints":{"allow":["GET"]}}],"collection":[{"href":"https:\/\/longwellprofessional.com\/en\/wp-json\/wp\/v2\/product"}],"about":[{"href":"https:\/\/longwellprofessional.com\/en\/wp-json\/wp\/v2\/types\/product"}],"replies":[{"embeddable":true,"href":"https:\/\/longwellprofessional.com\/en\/wp-json\/wp\/v2\/comments?post=605"}],"wp:featuredmedia":[{"embeddable":true,"href":"https:\/\/longwellprofessional.com\/en\/wp-json\/wp\/v2\/media\/8190"}],"wp:attachment":[{"href":"https:\/\/longwellprofessional.com\/en\/wp-json\/wp\/v2\/media?parent=605"}],"wp:term":[{"taxonomy":"product_brand","embeddable":true,"href":"https:\/\/longwellprofessional.com\/en\/wp-json\/wp\/v2\/product_brand?post=605"},{"taxonomy":"product_cat","embeddable":true,"href":"https:\/\/longwellprofessional.com\/en\/wp-json\/wp\/v2\/product_cat?post=605"},{"taxonomy":"product_tag","embeddable":true,"href":"https:\/\/longwellprofessional.com\/en\/wp-json\/wp\/v2\/product_tag?post=605"}],"curies":[{"name":"wp","href":"https:\/\/api.w.org\/{rel}","templated":true}]}}