{"id":600,"date":"2018-02-07T09:40:27","date_gmt":"2018-02-07T09:40:27","guid":{"rendered":"http:\/\/www.longwell.es\/?post_type=product&#038;p=600"},"modified":"2025-11-14T13:26:11","modified_gmt":"2025-11-14T13:26:11","slug":"definidor-de-rizos-miami-250ml","status":"publish","type":"product","link":"https:\/\/longwellprofessional.com\/en\/definidor-de-rizos-miami-250ml\/","title":{"rendered":"Definidor de rizos Miami 250ml"},"content":{"rendered":"<p>The <b>Definidor de Rizos MIAMI<\/b> es una crema de <i>styling<\/i> dise\u00f1ada espec\u00edficamente para <b>dar forma y movimiento<\/b> a los rizos, incluso a los m\u00e1s rebeldes. Su f\u00f3rmula proporciona <b>fijaci\u00f3n y textura<\/b> sin rigidez, al mismo tiempo que controla eficazmente el <b>efecto antiencrespamiento<\/b> (anti-frizz). Es el producto ideal para esculpir rizos definidos y con un aspecto natural, ya sea secando con difusor o al aire libre.<\/p>\n<p><strong>Benefits:<\/strong><\/p>\n<ul>\n<li>Define los rizos y aporta un movimiento natural.<\/li>\n<li>Otorga fijaci\u00f3n, textura y cuerpo al cabello.<\/li>\n<li>Ofrece un control duradero del <b>antiencrespamiento<\/b>.<\/li>\n<li>Vers\u00e1til: puede aplicarse sobre cabello h\u00famedo o seco.<\/li>\n<\/ul>","protected":false},"excerpt":{"rendered":"<p>The <b>Definidor de Rizos MIAMI <\/b>es una crema de <i>styling<\/i> para rizos que aporta <b>fijaci\u00f3n, textura y movimiento<\/b> con un potente <b>efecto antiencrespamiento<\/b>. Modela y define los rizos de forma natural y duradera.<\/p>","protected":false},"featured_media":547,"comment_status":"closed","ping_status":"closed","template":"","meta":{"_et_pb_use_builder":"","_et_pb_old_content":"","_et_gb_content_width":"","inline_featured_image":false},"product_brand":[],"product_cat":[51],"product_tag":[],"class_list":{"0":"post-600","1":"product","2":"type-product","3":"status-publish","4":"has-post-thumbnail","6":"product_cat-long-fix","8":"first","9":"instock","10":"shipping-taxable","11":"product-type-simple"},"_links":{"self":[{"href":"https:\/\/longwellprofessional.com\/en\/wp-json\/wp\/v2\/product\/600","targetHints":{"allow":["GET"]}}],"collection":[{"href":"https:\/\/longwellprofessional.com\/en\/wp-json\/wp\/v2\/product"}],"about":[{"href":"https:\/\/longwellprofessional.com\/en\/wp-json\/wp\/v2\/types\/product"}],"replies":[{"embeddable":true,"href":"https:\/\/longwellprofessional.com\/en\/wp-json\/wp\/v2\/comments?post=600"}],"wp:featuredmedia":[{"embeddable":true,"href":"https:\/\/longwellprofessional.com\/en\/wp-json\/wp\/v2\/media\/547"}],"wp:attachment":[{"href":"https:\/\/longwellprofessional.com\/en\/wp-json\/wp\/v2\/media?parent=600"}],"wp:term":[{"taxonomy":"product_brand","embeddable":true,"href":"https:\/\/longwellprofessional.com\/en\/wp-json\/wp\/v2\/product_brand?post=600"},{"taxonomy":"product_cat","embeddable":true,"href":"https:\/\/longwellprofessional.com\/en\/wp-json\/wp\/v2\/product_cat?post=600"},{"taxonomy":"product_tag","embeddable":true,"href":"https:\/\/longwellprofessional.com\/en\/wp-json\/wp\/v2\/product_tag?post=600"}],"curies":[{"name":"wp","href":"https:\/\/api.w.org\/{rel}","templated":true}]}}