{"id":598,"date":"2018-02-07T09:31:44","date_gmt":"2018-02-07T09:31:44","guid":{"rendered":"http:\/\/www.longwell.es\/?post_type=product&#038;p=598"},"modified":"2025-11-14T13:26:12","modified_gmt":"2025-11-14T13:26:12","slug":"espuma-de-fijacion-paris-250ml","status":"publish","type":"product","link":"https:\/\/longwellprofessional.com\/en\/espuma-de-fijacion-paris-250ml\/","title":{"rendered":"Espuma de fijaci\u00f3n Paris 250ml"},"content":{"rendered":"<p>The <b>Espuma Extra Fuerte PARIS<\/b> es un producto de <i>styling<\/i> de m\u00e1xima fijaci\u00f3n (Fuerza <b>3 de 3<\/b>) que ofrece un equilibrio perfecto entre estructura y cuidado. Formulada a base de <b>Pro-Vitamina B3<\/b> Y <b>Leche de Manuka<\/b>, proporciona una <b>fijaci\u00f3n extra fuerte<\/b> y un acabado brillante y sedoso, ideal para todo tipo de peinados, desde alisados a rizos.<\/p>\n<p><strong>Benefits:<\/strong><\/p>\n<ul>\n<li>Proporciona <b>fijaci\u00f3n extra fuerte<\/b> (Fuerza 3\/3).<\/li>\n<li>Ayuda a definir y estructurar el peinado.<\/li>\n<li>Aporta brillo, sedosidad y un aspecto visiblemente m\u00e1s sano al cabello.<\/li>\n<li>No necesita enjuague.<\/li>\n<\/ul>","protected":false},"excerpt":{"rendered":"<p>The <b>Espuma Extra Fuerte PARIS <\/b>contiene <b>Pro-Vitamina B3<\/b> Y <b>Leche de Manuka<\/b>. Aporta al cabello la m\u00e1xima estructura y fijaci\u00f3n, a la vez que confiere brillo y sedosidad para un acabado sano y duradero. Espuma de <b>fijaci\u00f3n extra fuerte<\/b> con <b>Pro-Vitamina B3<\/b> Y <b>Leche de Manuka<\/b>. Aporta al cabello la m\u00e1xima estructura y fijaci\u00f3n, a la vez que confiere brillo y sedosidad para un acabado sano y duradero.<\/p>","protected":false},"featured_media":549,"comment_status":"closed","ping_status":"closed","template":"","meta":{"_et_pb_use_builder":"","_et_pb_old_content":"","_et_gb_content_width":"","inline_featured_image":false},"product_brand":[],"product_cat":[51],"product_tag":[101],"class_list":{"0":"post-598","1":"product","2":"type-product","3":"status-publish","4":"has-post-thumbnail","6":"product_cat-long-fix","7":"product_tag-vegan-friendly","9":"first","10":"instock","11":"shipping-taxable","12":"product-type-simple"},"_links":{"self":[{"href":"https:\/\/longwellprofessional.com\/en\/wp-json\/wp\/v2\/product\/598","targetHints":{"allow":["GET"]}}],"collection":[{"href":"https:\/\/longwellprofessional.com\/en\/wp-json\/wp\/v2\/product"}],"about":[{"href":"https:\/\/longwellprofessional.com\/en\/wp-json\/wp\/v2\/types\/product"}],"replies":[{"embeddable":true,"href":"https:\/\/longwellprofessional.com\/en\/wp-json\/wp\/v2\/comments?post=598"}],"wp:featuredmedia":[{"embeddable":true,"href":"https:\/\/longwellprofessional.com\/en\/wp-json\/wp\/v2\/media\/549"}],"wp:attachment":[{"href":"https:\/\/longwellprofessional.com\/en\/wp-json\/wp\/v2\/media?parent=598"}],"wp:term":[{"taxonomy":"product_brand","embeddable":true,"href":"https:\/\/longwellprofessional.com\/en\/wp-json\/wp\/v2\/product_brand?post=598"},{"taxonomy":"product_cat","embeddable":true,"href":"https:\/\/longwellprofessional.com\/en\/wp-json\/wp\/v2\/product_cat?post=598"},{"taxonomy":"product_tag","embeddable":true,"href":"https:\/\/longwellprofessional.com\/en\/wp-json\/wp\/v2\/product_tag?post=598"}],"curies":[{"name":"wp","href":"https:\/\/api.w.org\/{rel}","templated":true}]}}