{"id":515,"date":"2017-04-28T17:24:51","date_gmt":"2017-04-28T17:24:51","guid":{"rendered":"http:\/\/www.longwell.es\/?post_type=product&#038;p=515"},"modified":"2025-11-14T13:26:17","modified_gmt":"2025-11-14T13:26:17","slug":"champu-ph-acido-1000ml","status":"publish","type":"product","link":"https:\/\/longwellprofessional.com\/en\/champu-ph-acido-1000ml\/","title":{"rendered":"Champ\u00fa pH \u00c1cido T4 1000ml"},"content":{"rendered":"<p>The <strong>CHAMP\u00da PROFESIONAL PH \u00c1CIDO TECH LINE 4<\/strong>, est\u00e1 especialmente indicado para regular el pH natural del cabello despu\u00e9s de un proceso t\u00e9cnico de Tinci\u00f3n, Decoloraci\u00f3n, etc. Ayuda a restablecer el pH natural del cabello y su estructura original, alargando la vida de cualquier servicio t\u00e9cnico. Adem\u00e1s de conservar intacta la capa protectora del cuero cabelludo, disminuyendo las irritaciones y descamaciones. Produce abundante y cremosa espuma eliminando los productos alcalinos. Su trabajada f\u00f3rmula aporta acondicionamiento, brillo y suavidad.<\/p>\n<p><strong>Benefits:<\/strong><\/p>\n<ul>\n<li>Regulates the natural pH of the hair.<\/li>\n<li>Slows down the processes of dehydration and aging of the scalp.<\/li>\n<li>It has conditioning effects.<\/li>\n<li>Provides shine and elasticity.<\/li>\n<li>They give the hair a silky touch.<\/li>\n<\/ul>\n<p>&nbsp;<\/p>","protected":false},"excerpt":{"rendered":"<p><strong>Champ\u00fa Profesional de pH \u00c1cido<\/strong>. Formulado a base de componentes pol\u00edmeros acondicionadores que regulan el pH del cabello. Su trabajada f\u00f3rmula con esencia de lim\u00f3n aporta m\u00e1s brillo, suavidad y acondicionamiento al cabello.<\/p>","protected":false},"featured_media":7980,"comment_status":"closed","ping_status":"closed","template":"","meta":{"_et_pb_use_builder":"","_et_pb_old_content":"","_et_gb_content_width":"","inline_featured_image":false},"product_brand":[],"product_cat":[40],"product_tag":[],"class_list":{"0":"post-515","1":"product","2":"type-product","3":"status-publish","4":"has-post-thumbnail","6":"product_cat-hair-colors-techline","8":"first","9":"instock","10":"shipping-taxable","11":"product-type-simple"},"_links":{"self":[{"href":"https:\/\/longwellprofessional.com\/en\/wp-json\/wp\/v2\/product\/515","targetHints":{"allow":["GET"]}}],"collection":[{"href":"https:\/\/longwellprofessional.com\/en\/wp-json\/wp\/v2\/product"}],"about":[{"href":"https:\/\/longwellprofessional.com\/en\/wp-json\/wp\/v2\/types\/product"}],"replies":[{"embeddable":true,"href":"https:\/\/longwellprofessional.com\/en\/wp-json\/wp\/v2\/comments?post=515"}],"wp:featuredmedia":[{"embeddable":true,"href":"https:\/\/longwellprofessional.com\/en\/wp-json\/wp\/v2\/media\/7980"}],"wp:attachment":[{"href":"https:\/\/longwellprofessional.com\/en\/wp-json\/wp\/v2\/media?parent=515"}],"wp:term":[{"taxonomy":"product_brand","embeddable":true,"href":"https:\/\/longwellprofessional.com\/en\/wp-json\/wp\/v2\/product_brand?post=515"},{"taxonomy":"product_cat","embeddable":true,"href":"https:\/\/longwellprofessional.com\/en\/wp-json\/wp\/v2\/product_cat?post=515"},{"taxonomy":"product_tag","embeddable":true,"href":"https:\/\/longwellprofessional.com\/en\/wp-json\/wp\/v2\/product_tag?post=515"}],"curies":[{"name":"wp","href":"https:\/\/api.w.org\/{rel}","templated":true}]}}