{"id":513,"date":"2017-04-25T17:20:59","date_gmt":"2017-04-25T17:20:59","guid":{"rendered":"http:\/\/www.longwell.es\/?post_type=product&#038;p=513"},"modified":"2025-11-14T13:26:20","modified_gmt":"2025-11-14T13:26:20","slug":"aceite-protector-t2-6ml","status":"publish","type":"product","link":"https:\/\/longwellprofessional.com\/en\/aceite-protector-t2-6ml\/","title":{"rendered":"Aceite protector T2 6ml"},"content":{"rendered":"<p>The\u00a0<strong>ACEITE PROTECTOR\u00a0ANTI-PICORES TECH LINE 2<\/strong>, is ideal for use in coloring processes. Its formula incorporates a mixture of hyaluronic acid and natural sugars of plant origin, with an anti-inflammatory and moisturizing action, which help soothe and combat irritation and itching on the scalp. In addition, these active ingredients confer hydration and softness to the hair. It does not interfere with the color process, thus allowing the 100% to develop to its capacity.<\/p>\n<p><strong>Benefits<\/strong><\/p>\n<ul>\n<li>Helps soothe and combat irritation and itching associated with technical processes.<\/li>\n<li>It has an anti-inflammatory and refreshing action.<\/li>\n<li>Moisturizes and nourishes the hair fiber.<\/li>\n<li>Increases the softness and silkiness of the hair.<\/li>\n<li>It does not interfere with the application, nor with the coverage of gray hair, nor with the color result.<\/li>\n<\/ul>","protected":false},"excerpt":{"rendered":"<p>The\u00a0<strong>ACEITE PROTECTOR\u00a0ANTI-PICORES TECH LINE 2<\/strong>, es ideal para usar en los procesos de coloraci\u00f3n. Su f\u00f3rmula incorpora una mezcla de \u00e1cido hialur\u00f3nico y az\u00facares naturales de origen vegetal, de acci\u00f3n antiinflamatoria y humectante, que ayudan a calmar y a combatir las irritaciones y los picores en el cuero cabelludo. Adem\u00e1s, estos principios activos confieren hidrataci\u00f3n y suavidad al cabello.<\/p>\n<p>&nbsp;<\/p>","protected":false},"featured_media":7979,"comment_status":"closed","ping_status":"closed","template":"","meta":{"_et_pb_use_builder":"","_et_pb_old_content":"","_et_gb_content_width":"","inline_featured_image":false},"product_brand":[],"product_cat":[40],"product_tag":[],"class_list":{"0":"post-513","1":"product","2":"type-product","3":"status-publish","4":"has-post-thumbnail","6":"product_cat-hair-colors-techline","8":"first","9":"instock","10":"shipping-taxable","11":"product-type-simple"},"_links":{"self":[{"href":"https:\/\/longwellprofessional.com\/en\/wp-json\/wp\/v2\/product\/513","targetHints":{"allow":["GET"]}}],"collection":[{"href":"https:\/\/longwellprofessional.com\/en\/wp-json\/wp\/v2\/product"}],"about":[{"href":"https:\/\/longwellprofessional.com\/en\/wp-json\/wp\/v2\/types\/product"}],"replies":[{"embeddable":true,"href":"https:\/\/longwellprofessional.com\/en\/wp-json\/wp\/v2\/comments?post=513"}],"wp:featuredmedia":[{"embeddable":true,"href":"https:\/\/longwellprofessional.com\/en\/wp-json\/wp\/v2\/media\/7979"}],"wp:attachment":[{"href":"https:\/\/longwellprofessional.com\/en\/wp-json\/wp\/v2\/media?parent=513"}],"wp:term":[{"taxonomy":"product_brand","embeddable":true,"href":"https:\/\/longwellprofessional.com\/en\/wp-json\/wp\/v2\/product_brand?post=513"},{"taxonomy":"product_cat","embeddable":true,"href":"https:\/\/longwellprofessional.com\/en\/wp-json\/wp\/v2\/product_cat?post=513"},{"taxonomy":"product_tag","embeddable":true,"href":"https:\/\/longwellprofessional.com\/en\/wp-json\/wp\/v2\/product_tag?post=513"}],"curies":[{"name":"wp","href":"https:\/\/api.w.org\/{rel}","templated":true}]}}