{"id":510,"date":"2017-04-28T17:14:20","date_gmt":"2017-04-28T17:14:20","guid":{"rendered":"http:\/\/www.longwell.es\/?post_type=product&#038;p=510"},"modified":"2025-11-14T13:54:42","modified_gmt":"2025-11-14T13:54:42","slug":"crema-hands-feet-120ml","status":"publish","type":"product","link":"https:\/\/longwellprofessional.com\/en\/crema-hands-feet-120ml\/","title":{"rendered":"Crema Hands &#038; Feet 120ml"},"content":{"rendered":"<p><strong>CREMA HANDS &amp; FEET SALONTECH<\/strong>, especialmente indicada para el cuidado de manos, u\u00f1as y pies. Su Innovadora f\u00f3rmula a base de Caviar protege, hidrata y repara los posibles da\u00f1os en la piel. Mantienen la piel m\u00e1s el\u00e1stica, suave y luminosa. Minimiza y suaviza las l\u00edneas o arrugas. Recupera la hidrataci\u00f3n y la suavidad. Contrarrestan las agresiones externas (sol, viento, fr\u00edo).<\/p>\n<p><strong>Benefits:<\/strong><\/p>\n<ul>\n<li>Restorative action and healing properties.<\/li>\n<li>They help maintain hydration levels, improving and reinforcing the smoothness of the skin.<\/li>\n<li>Nourishing and firming action.<\/li>\n<li>Quickly absorbed, little fat.<\/li>\n<li>Helps counteract the damage caused by external aggressions.<\/li>\n<\/ul>","protected":false},"excerpt":{"rendered":"<p>Hand and nail cream. Innovative formula based on caviar. Recommended for the care and beautification of hands and nails. Also indicated to relieve skin tightness and discomfort after shaving. Also recommended for feet.<\/p>\n<p>&nbsp;<\/p>","protected":false},"featured_media":506,"comment_status":"closed","ping_status":"closed","template":"","meta":{"_et_pb_use_builder":"","_et_pb_old_content":"","_et_gb_content_width":"","inline_featured_image":false},"product_brand":[],"product_cat":[41],"product_tag":[],"class_list":{"0":"post-510","1":"product","2":"type-product","3":"status-publish","4":"has-post-thumbnail","6":"product_cat-salon-tech","8":"first","9":"instock","10":"featured","11":"shipping-taxable","12":"product-type-simple"},"_links":{"self":[{"href":"https:\/\/longwellprofessional.com\/en\/wp-json\/wp\/v2\/product\/510","targetHints":{"allow":["GET"]}}],"collection":[{"href":"https:\/\/longwellprofessional.com\/en\/wp-json\/wp\/v2\/product"}],"about":[{"href":"https:\/\/longwellprofessional.com\/en\/wp-json\/wp\/v2\/types\/product"}],"replies":[{"embeddable":true,"href":"https:\/\/longwellprofessional.com\/en\/wp-json\/wp\/v2\/comments?post=510"}],"wp:featuredmedia":[{"embeddable":true,"href":"https:\/\/longwellprofessional.com\/en\/wp-json\/wp\/v2\/media\/506"}],"wp:attachment":[{"href":"https:\/\/longwellprofessional.com\/en\/wp-json\/wp\/v2\/media?parent=510"}],"wp:term":[{"taxonomy":"product_brand","embeddable":true,"href":"https:\/\/longwellprofessional.com\/en\/wp-json\/wp\/v2\/product_brand?post=510"},{"taxonomy":"product_cat","embeddable":true,"href":"https:\/\/longwellprofessional.com\/en\/wp-json\/wp\/v2\/product_cat?post=510"},{"taxonomy":"product_tag","embeddable":true,"href":"https:\/\/longwellprofessional.com\/en\/wp-json\/wp\/v2\/product_tag?post=510"}],"curies":[{"name":"wp","href":"https:\/\/api.w.org\/{rel}","templated":true}]}}