{"id":509,"date":"2017-04-28T17:07:10","date_gmt":"2017-04-28T17:07:10","guid":{"rendered":"http:\/\/www.longwell.es\/?post_type=product&#038;p=509"},"modified":"2025-11-14T13:26:18","modified_gmt":"2025-11-14T13:26:18","slug":"champu-ph-neutro-salon-bubbly-1000ml","status":"publish","type":"product","link":"https:\/\/longwellprofessional.com\/en\/champu-ph-neutro-salon-bubbly-1000ml\/","title":{"rendered":"Champ\u00fa Salon Bubbly 1000ml"},"content":{"rendered":"<p>The <strong>BUBBLY PH NEUTRAL SALONTECH PROFESSIONAL SHAMPOO<\/strong> It has a pH of 6.5 to 7, which is why it is considered NEUTRAL. Maintains the natural pH of the scalp unalterable. Its formula designed based on low irritation neutral components and main surfactants that provide it with maximum cleaning capacity, producing abundant and creamy foam and eliminating any residue on the hair.<br \/>\nVEGAN PRODUCT.<\/p>\n<p><strong>Benefits:<\/strong><\/p>\n<ul>\n<li>Great cleaning effect.<\/li>\n<li>Very soft, does not irritate.<\/li>\n<li>Provides shine and elasticity.<\/li>\n<li>They give the hair a silky touch.<\/li>\n<li>It does not alter the natural pH of the scalp.<\/li>\n<\/ul>","protected":false},"excerpt":{"rendered":"<p><strong>Champ\u00fa Profesional pH Neutro<\/strong>. F\u00f3rmula dise\u00f1ada a base de componentes neutros de baja irritaci\u00f3n y tenso-activos principales que lo dotan de una m\u00e1xima capacidad de limpieza, produciendo abundante y cremosa espuma y eliminando cualquier residuo en el cabello.<\/p>","protected":false},"featured_media":503,"comment_status":"closed","ping_status":"closed","template":"","meta":{"_et_pb_use_builder":"","_et_pb_old_content":"","_et_gb_content_width":"","inline_featured_image":false},"product_brand":[],"product_cat":[41],"product_tag":[],"class_list":{"0":"post-509","1":"product","2":"type-product","3":"status-publish","4":"has-post-thumbnail","6":"product_cat-salon-tech","8":"first","9":"instock","10":"shipping-taxable","11":"product-type-simple"},"_links":{"self":[{"href":"https:\/\/longwellprofessional.com\/en\/wp-json\/wp\/v2\/product\/509","targetHints":{"allow":["GET"]}}],"collection":[{"href":"https:\/\/longwellprofessional.com\/en\/wp-json\/wp\/v2\/product"}],"about":[{"href":"https:\/\/longwellprofessional.com\/en\/wp-json\/wp\/v2\/types\/product"}],"replies":[{"embeddable":true,"href":"https:\/\/longwellprofessional.com\/en\/wp-json\/wp\/v2\/comments?post=509"}],"wp:featuredmedia":[{"embeddable":true,"href":"https:\/\/longwellprofessional.com\/en\/wp-json\/wp\/v2\/media\/503"}],"wp:attachment":[{"href":"https:\/\/longwellprofessional.com\/en\/wp-json\/wp\/v2\/media?parent=509"}],"wp:term":[{"taxonomy":"product_brand","embeddable":true,"href":"https:\/\/longwellprofessional.com\/en\/wp-json\/wp\/v2\/product_brand?post=509"},{"taxonomy":"product_cat","embeddable":true,"href":"https:\/\/longwellprofessional.com\/en\/wp-json\/wp\/v2\/product_cat?post=509"},{"taxonomy":"product_tag","embeddable":true,"href":"https:\/\/longwellprofessional.com\/en\/wp-json\/wp\/v2\/product_tag?post=509"}],"curies":[{"name":"wp","href":"https:\/\/api.w.org\/{rel}","templated":true}]}}