{"id":508,"date":"2017-04-19T08:47:10","date_gmt":"2017-04-19T08:47:10","guid":{"rendered":"http:\/\/www.longwell.es\/?post_type=product&#038;p=508"},"modified":"2025-11-14T13:26:21","modified_gmt":"2025-11-14T13:26:21","slug":"aceite-protector-t1-125ml","status":"publish","type":"product","link":"https:\/\/longwellprofessional.com\/en\/aceite-protector-t1-125ml\/","title":{"rendered":"Aceite protector T1 125ml"},"content":{"rendered":"<p>The <strong>ACEITE PROTECTOR TECH LINE 1<\/strong>, es un producto dermocapilar anti-manchas en soluci\u00f3n oleosa hidrosoluble, ideal para prevenir las manchas que se producen en la piel, especialmente alrededor de las orejas, frente y nuca, durante el proceso de tinci\u00f3n de cualquier tipo de coloraci\u00f3n. Es de uso externo y neutraliza la agresividad de los productos qu\u00edmicos conservando y respetando las propiedades del producto. Adem\u00e1s, ayuda a disminuir el riesgo de irritaciones y sensibilidad que se producen en la piel durante o tras la realizaci\u00f3n de cualquier trabajo t\u00e9cnico: tinte, permanente, decoloraci\u00f3n. PRODUCTO VEGANO.<\/p>\n<p><strong>Benefits<\/strong><\/p>\n<ul>\n<li>Anti-stains with dermo-soothing properties.<\/li>\n<li>Conditions the skin before technical processes.<\/li>\n<li>Reduces the risk of irritation.<\/li>\n<li>Does not interfere with the results of technical processes.<\/li>\n<li>Easy to apply, does not drip.<\/li>\n<\/ul>","protected":false},"excerpt":{"rendered":"<p><strong>Aceite dermoprotector<\/strong> antimanchas para uso externo. Evita las manchas e irritaciones en la piel que puedan ser causadas por el tinte, sin interferir en el resultado de la coloraci\u00f3n.<\/p>","protected":false},"featured_media":7972,"comment_status":"closed","ping_status":"closed","template":"","meta":{"_et_pb_use_builder":"","_et_pb_old_content":"","_et_gb_content_width":"","inline_featured_image":false},"product_brand":[],"product_cat":[40],"product_tag":[101],"class_list":{"0":"post-508","1":"product","2":"type-product","3":"status-publish","4":"has-post-thumbnail","6":"product_cat-hair-colors-techline","7":"product_tag-vegan-friendly","9":"first","10":"instock","11":"shipping-taxable","12":"product-type-simple"},"_links":{"self":[{"href":"https:\/\/longwellprofessional.com\/en\/wp-json\/wp\/v2\/product\/508","targetHints":{"allow":["GET"]}}],"collection":[{"href":"https:\/\/longwellprofessional.com\/en\/wp-json\/wp\/v2\/product"}],"about":[{"href":"https:\/\/longwellprofessional.com\/en\/wp-json\/wp\/v2\/types\/product"}],"replies":[{"embeddable":true,"href":"https:\/\/longwellprofessional.com\/en\/wp-json\/wp\/v2\/comments?post=508"}],"wp:featuredmedia":[{"embeddable":true,"href":"https:\/\/longwellprofessional.com\/en\/wp-json\/wp\/v2\/media\/7972"}],"wp:attachment":[{"href":"https:\/\/longwellprofessional.com\/en\/wp-json\/wp\/v2\/media?parent=508"}],"wp:term":[{"taxonomy":"product_brand","embeddable":true,"href":"https:\/\/longwellprofessional.com\/en\/wp-json\/wp\/v2\/product_brand?post=508"},{"taxonomy":"product_cat","embeddable":true,"href":"https:\/\/longwellprofessional.com\/en\/wp-json\/wp\/v2\/product_cat?post=508"},{"taxonomy":"product_tag","embeddable":true,"href":"https:\/\/longwellprofessional.com\/en\/wp-json\/wp\/v2\/product_tag?post=508"}],"curies":[{"name":"wp","href":"https:\/\/api.w.org\/{rel}","templated":true}]}}