{"id":398,"date":"2021-03-05T11:46:29","date_gmt":"2021-03-05T11:46:29","guid":{"rendered":"http:\/\/www.longwell.es\/?post_type=product&#038;p=398"},"modified":"2025-11-14T13:25:52","modified_gmt":"2025-11-14T13:25:52","slug":"repair-miracle-mask-35ml","status":"publish","type":"product","link":"https:\/\/longwellprofessional.com\/en\/repair-miracle-mask-35ml\/","title":{"rendered":"Repair Miracle Mask 35ml"},"content":{"rendered":"<p><span style=\"font-weight: 400;\">Mascarilla Reparadora <strong>REPAIR MIRACLE MASK<\/strong> especialmente indicada para cabellos fr\u00e1giles, secos, da\u00f1ados y con falta de brillo. Formulada con Queratina, Hidrolizado de Algas, \u00cdnula Mar\u00edtima, Oligogeline y filtro solar, que act\u00faan ayudando a reestructurar y reparar la fibra capilar en profundidad. Su efecto reparador deja el cabello hidratado, nutrido y flexible sin apelmazar, intensificando su brillo natural. El cabello muestra signos de recuperaci\u00f3n y se hace m\u00e1s fuerte y resistente, otorg\u00e1ndole un aspecto sano, sedoso y luminoso.<\/span><\/p>\n<p><b>Benefits:<\/b><\/p>\n<ul>\n<li style=\"font-weight: 400;\" aria-level=\"1\"><span style=\"font-weight: 400;\">Repairs the hair in depth.<\/span><\/li>\n<li style=\"font-weight: 400;\" aria-level=\"1\"><span style=\"font-weight: 400;\">Moisturizes and nourishes from the inside out.<\/span><\/li>\n<li style=\"font-weight: 400;\" aria-level=\"1\"><span style=\"font-weight: 400;\">Provides resistance and strength to the hair.<\/span><\/li>\n<li style=\"font-weight: 400;\" aria-level=\"1\"><span style=\"font-weight: 400;\">Gives flexibility without weighing it down.<\/span><\/li>\n<li style=\"font-weight: 400;\" aria-level=\"1\"><span style=\"font-weight: 400;\">Protects against sun attacks and pollution.<\/span><\/li>\n<li style=\"font-weight: 400;\" aria-level=\"1\"><span style=\"font-weight: 400;\">Extraordinary shine.<\/span><\/li>\n<\/ul>","protected":false},"excerpt":{"rendered":"<p><span style=\"font-weight: 400;\">Mascarilla Reparadora <strong>REPAIR MIRACLE MASK<\/strong> especialmente indicada para cabellos fr\u00e1giles, secos, da\u00f1ados y con falta de brillo. Formulada con Queratina, Hidrolizado de Algas, \u00cdnula Mar\u00edtima, Oligogeline y filtro solar, que act\u00faan ayudando a reestructurar y reparar la fibra capilar en profundidad.<\/span><\/p>","protected":false},"featured_media":8059,"comment_status":"closed","ping_status":"closed","template":"","meta":{"_et_pb_use_builder":"","_et_pb_old_content":"","_et_gb_content_width":"","inline_featured_image":false},"product_brand":[],"product_cat":[35],"product_tag":[],"class_list":{"0":"post-398","1":"product","2":"type-product","3":"status-publish","4":"has-post-thumbnail","6":"product_cat-tratamientos","8":"first","9":"instock","10":"shipping-taxable","11":"product-type-simple"},"_links":{"self":[{"href":"https:\/\/longwellprofessional.com\/en\/wp-json\/wp\/v2\/product\/398","targetHints":{"allow":["GET"]}}],"collection":[{"href":"https:\/\/longwellprofessional.com\/en\/wp-json\/wp\/v2\/product"}],"about":[{"href":"https:\/\/longwellprofessional.com\/en\/wp-json\/wp\/v2\/types\/product"}],"replies":[{"embeddable":true,"href":"https:\/\/longwellprofessional.com\/en\/wp-json\/wp\/v2\/comments?post=398"}],"wp:featuredmedia":[{"embeddable":true,"href":"https:\/\/longwellprofessional.com\/en\/wp-json\/wp\/v2\/media\/8059"}],"wp:attachment":[{"href":"https:\/\/longwellprofessional.com\/en\/wp-json\/wp\/v2\/media?parent=398"}],"wp:term":[{"taxonomy":"product_brand","embeddable":true,"href":"https:\/\/longwellprofessional.com\/en\/wp-json\/wp\/v2\/product_brand?post=398"},{"taxonomy":"product_cat","embeddable":true,"href":"https:\/\/longwellprofessional.com\/en\/wp-json\/wp\/v2\/product_cat?post=398"},{"taxonomy":"product_tag","embeddable":true,"href":"https:\/\/longwellprofessional.com\/en\/wp-json\/wp\/v2\/product_tag?post=398"}],"curies":[{"name":"wp","href":"https:\/\/api.w.org\/{rel}","templated":true}]}}