{"id":396,"date":"2021-02-05T11:20:06","date_gmt":"2021-02-05T11:20:06","guid":{"rendered":"http:\/\/www.longwell.es\/?post_type=product&#038;p=396"},"modified":"2026-01-09T10:17:14","modified_gmt":"2026-01-09T10:17:14","slug":"silk-miracle-12-effects-150ml","status":"publish","type":"product","link":"https:\/\/longwellprofessional.com\/en\/silk-miracle-12-effects-150ml\/","title":{"rendered":"12 en 1 Silk Miracle 150ml"},"content":{"rendered":"<p><span style=\"font-weight: 400;\">Tratamiento <strong>SILK MIRACLE LONGWELL<\/strong> \u201c12 en 1\u201d de efecto instant\u00e1neo, con una f\u00f3rmula exclusiva que consigue 12 efectos en 1 sola aplicaci\u00f3n. SILK MINERAL es un producto con una formulaci\u00f3n a base de Aceite de Camelia, Leche de Manuka, Queratina y Vitaminas que proporcionan al cabello incre\u00edbles resultados desde la primera aplicaci\u00f3n.<\/span><\/p>\n<p><b>Benefits:<\/b><\/p>\n<ul>\n<li style=\"font-weight: 400;\" aria-level=\"1\"><span style=\"font-weight: 400;\">Nutrition.<\/span><\/li>\n<li style=\"font-weight: 400;\" aria-level=\"1\"><span style=\"font-weight: 400;\">Hydration.<\/span><\/li>\n<li style=\"font-weight: 400;\" aria-level=\"1\"><span style=\"font-weight: 400;\">Repair of split ends.<\/span><\/li>\n<li style=\"font-weight: 400;\" aria-level=\"1\"><span style=\"font-weight: 400;\">Anti-frizz effect.<\/span><\/li>\n<li style=\"font-weight: 400;\" aria-level=\"1\"><span style=\"font-weight: 400;\">Thermal protection.<\/span><\/li>\n<li style=\"font-weight: 400;\" aria-level=\"1\"><span style=\"font-weight: 400;\">Color protection against UVA and UVB rays.<\/span><\/li>\n<li style=\"font-weight: 400;\" aria-level=\"1\"><span style=\"font-weight: 400;\">combability.<\/span><\/li>\n<li style=\"font-weight: 400;\" aria-level=\"1\"><span style=\"font-weight: 400;\">Brightness.<\/span><\/li>\n<li style=\"font-weight: 400;\" aria-level=\"1\"><span style=\"font-weight: 400;\">Volume.<\/span><\/li>\n<li style=\"font-weight: 400;\" aria-level=\"1\"><span style=\"font-weight: 400;\">Body.<\/span><\/li>\n<li style=\"font-weight: 400;\" aria-level=\"1\"><span style=\"font-weight: 400;\">Smoothness.<\/span><\/li>\n<li style=\"font-weight: 400;\" aria-level=\"1\"><span style=\"font-weight: 400;\">silkiness.<\/span><\/li>\n<\/ul>","protected":false},"excerpt":{"rendered":"<p>With Camellia oil, Manika milk and Keratin<\/p>\n<p>It provides 12 essential effects, achieving incredible results on the hair in just one application. Nutrition, Hydration, Conditioning, Repair of split ends, Anti-frizz effect, Thermal protection, Color protection against UVA and UVB rays, Combability, Shine, Volume &amp; Body, Smoothness, Silkiness.<\/p>","protected":false},"featured_media":8184,"comment_status":"closed","ping_status":"closed","template":"","meta":{"_et_pb_use_builder":"","_et_pb_old_content":"","_et_gb_content_width":"","inline_featured_image":false},"product_brand":[],"product_cat":[35],"product_tag":[100],"class_list":{"0":"post-396","1":"product","2":"type-product","3":"status-publish","4":"has-post-thumbnail","6":"product_cat-tratamientos","7":"product_tag-professional-choice","9":"first","10":"instock","11":"shipping-taxable","12":"product-type-simple"},"_links":{"self":[{"href":"https:\/\/longwellprofessional.com\/en\/wp-json\/wp\/v2\/product\/396","targetHints":{"allow":["GET"]}}],"collection":[{"href":"https:\/\/longwellprofessional.com\/en\/wp-json\/wp\/v2\/product"}],"about":[{"href":"https:\/\/longwellprofessional.com\/en\/wp-json\/wp\/v2\/types\/product"}],"replies":[{"embeddable":true,"href":"https:\/\/longwellprofessional.com\/en\/wp-json\/wp\/v2\/comments?post=396"}],"wp:featuredmedia":[{"embeddable":true,"href":"https:\/\/longwellprofessional.com\/en\/wp-json\/wp\/v2\/media\/8184"}],"wp:attachment":[{"href":"https:\/\/longwellprofessional.com\/en\/wp-json\/wp\/v2\/media?parent=396"}],"wp:term":[{"taxonomy":"product_brand","embeddable":true,"href":"https:\/\/longwellprofessional.com\/en\/wp-json\/wp\/v2\/product_brand?post=396"},{"taxonomy":"product_cat","embeddable":true,"href":"https:\/\/longwellprofessional.com\/en\/wp-json\/wp\/v2\/product_cat?post=396"},{"taxonomy":"product_tag","embeddable":true,"href":"https:\/\/longwellprofessional.com\/en\/wp-json\/wp\/v2\/product_tag?post=396"}],"curies":[{"name":"wp","href":"https:\/\/api.w.org\/{rel}","templated":true}]}}