{"id":386,"date":"2016-11-02T19:24:24","date_gmt":"2016-11-02T19:24:24","guid":{"rendered":"http:\/\/www.longwell.es\/?post_type=product&#038;p=386"},"modified":"2025-11-14T13:26:23","modified_gmt":"2025-11-14T13:26:23","slug":"champu-clean-scalp-500ml","status":"publish","type":"product","link":"https:\/\/longwellprofessional.com\/en\/champu-clean-scalp-500ml\/","title":{"rendered":"Clean Scalp Shampoo 500ml"},"content":{"rendered":"<p><span style=\"font-weight: 400;\">CLEAN SCALP LONGWELL treatment shampoo indicated to prevent the appearance of dandruff on the scalp. Formulated with ginger extract, it contains anti-inflammatory and antiseptic properties that help stimulate capillary circulation, fighting the formation of dandruff, especially in cases of oily hair and dandruff. It not only eliminates it, but also prevents its reappearance. Helps reduce scalp irritation and soothes itching caused by dandruff.<\/span><\/p>\n<p><b>Benefits:\u00a0<\/b><\/p>\n<ul>\n<li style=\"font-weight: 400;\"><span style=\"font-weight: 400;\">Prevents the appearance of dandruff.<\/span><\/li>\n<li style=\"font-weight: 400;\"><span style=\"font-weight: 400;\">Helps stimulate capillary circulation.<\/span><\/li>\n<li style=\"font-weight: 400;\"><span style=\"font-weight: 400;\">Calms the itching produced by it.<\/span><\/li>\n<li style=\"font-weight: 400;\"><span style=\"font-weight: 400;\">Reduces irritation of the scalp.<\/span><\/li>\n<li style=\"font-weight: 400;\"><span style=\"font-weight: 400;\">Gives softness and shine.<\/span><\/li>\n<\/ul>","protected":false},"excerpt":{"rendered":"<p>Clean Scalp Anti-Dandruff Shampoo. Restores the balance of the scalp, leaving hair shiny and silky. Contains Ginger Extract.<\/p>\n<p>Formulated based on components specially indicated for scalps prone to pityarisis (dandruff), with anti-inflammatory action. Restores the balance of the scalp while leaving hair shiny and silky.<\/p>","protected":false},"featured_media":7709,"comment_status":"closed","ping_status":"closed","template":"","meta":{"_et_pb_use_builder":"off","_et_pb_old_content":"<span style=\"font-weight: 400\">Champ\u00fa de tratamiento CLEAN SCALP LONGWELL indicado para prevenir la aparici\u00f3n de caspa en el cuero cabelludo. Formulado con extracto de jengibre, contiene propiedades antiinflamatorias, antis\u00e9pticas que ayudan a la estimulaci\u00f3n de la circulaci\u00f3n capilar, combatiendo la formaci\u00f3n de caspa, especialmente en casos de cabellos grasos y con caspa. No s\u00f3lo la elimina, sino que previene su reaparici\u00f3n. Ayuda a reducir la irritaci\u00f3n del cuero cabelludo y calma los picores producidos por la caspa.<\/span>\r\n\r\n<b>Beneficios:\u00a0<\/b>\r\n<ul>\r\n \t<li style=\"font-weight: 400\"><span style=\"font-weight: 400\">Previene la aparici\u00f3n de la caspa.<\/span><\/li>\r\n \t<li style=\"font-weight: 400\"><span style=\"font-weight: 400\">Ayuda a estimular la circulaci\u00f3n capilar.<\/span><\/li>\r\n \t<li style=\"font-weight: 400\"><span style=\"font-weight: 400\">Calma los picores producidos por la misma.<\/span><\/li>\r\n \t<li style=\"font-weight: 400\"><span style=\"font-weight: 400\">Reduce la irritaci\u00f3n del cuero Cabelludo.<\/span><\/li>\r\n \t<li style=\"font-weight: 400\"><span style=\"font-weight: 400\">Confiere suavidad y brillo.<\/span><\/li>\r\n<\/ul>","_et_gb_content_width":"","inline_featured_image":false},"product_brand":[],"product_cat":[33],"product_tag":[],"class_list":{"0":"post-386","1":"product","2":"type-product","3":"status-publish","4":"has-post-thumbnail","6":"product_cat-champus","8":"first","9":"instock","10":"shipping-taxable","11":"product-type-simple"},"_links":{"self":[{"href":"https:\/\/longwellprofessional.com\/en\/wp-json\/wp\/v2\/product\/386","targetHints":{"allow":["GET"]}}],"collection":[{"href":"https:\/\/longwellprofessional.com\/en\/wp-json\/wp\/v2\/product"}],"about":[{"href":"https:\/\/longwellprofessional.com\/en\/wp-json\/wp\/v2\/types\/product"}],"replies":[{"embeddable":true,"href":"https:\/\/longwellprofessional.com\/en\/wp-json\/wp\/v2\/comments?post=386"}],"wp:featuredmedia":[{"embeddable":true,"href":"https:\/\/longwellprofessional.com\/en\/wp-json\/wp\/v2\/media\/7709"}],"wp:attachment":[{"href":"https:\/\/longwellprofessional.com\/en\/wp-json\/wp\/v2\/media?parent=386"}],"wp:term":[{"taxonomy":"product_brand","embeddable":true,"href":"https:\/\/longwellprofessional.com\/en\/wp-json\/wp\/v2\/product_brand?post=386"},{"taxonomy":"product_cat","embeddable":true,"href":"https:\/\/longwellprofessional.com\/en\/wp-json\/wp\/v2\/product_cat?post=386"},{"taxonomy":"product_tag","embeddable":true,"href":"https:\/\/longwellprofessional.com\/en\/wp-json\/wp\/v2\/product_tag?post=386"}],"curies":[{"name":"wp","href":"https:\/\/api.w.org\/{rel}","templated":true}]}}