{"id":292,"date":"2021-03-25T11:59:09","date_gmt":"2021-03-25T11:59:09","guid":{"rendered":"http:\/\/www.longwell.es\/?post_type=product&#038;p=292"},"modified":"2025-11-21T16:10:26","modified_gmt":"2025-11-21T16:10:26","slug":"oxigenada-en-crema-30vol-silk-900ml","status":"publish","type":"product","link":"https:\/\/longwellprofessional.com\/en\/oxigenada-en-crema-30vol-silk-900ml\/","title":{"rendered":"Oxigenada en Crema 30 vol Silk 900ml"},"content":{"rendered":"<p>Oxygenated in cream\u00a0<strong>SILK COLORS LONGWELL<\/strong>\u00a0con Queratina, Aceite de Arg\u00e1n y Extracto de las Semillas de Girasol, para procesos de coloraci\u00f3n y decoloraci\u00f3n. Aportan a la mezcla una textura cremosa para poder realizar una excelente aplicaci\u00f3n. Adem\u00e1s, incluye un componente activo que ayuda a minimiza los posibles picores.<\/p>\n<p>SILK COLORS cuenta con una l\u00ednea de 8 Oxigenadas en crema:<\/p>\n<ul>\n<li>Oxigenada en Crema 10 vol Silk: formato de\u00a0<span style=\"color: #000000;\"><a style=\"color: #000000;\" href=\"https:\/\/longwellprofessional.com\/en\/oxigenada-en-crema-10-vol-silk-900ml\/\"><strong>900ml<\/strong><\/a>\u00a0<\/span>y de\u00a0<strong><a href=\"https:\/\/longwellprofessional.com\/en\/oxigenada-crema-10vol-silk-120ml\/\"><span style=\"color: #000000;\">120ml.<\/span><\/a><\/strong><\/li>\n<li>Oxigenada en Crema 20 vol Silk:\u00a0formato de\u00a0<span style=\"color: #000000;\"><a style=\"color: #000000;\" href=\"https:\/\/longwellprofessional.com\/en\/oxigenada-en-crema-20vol-silk-900ml\/\"><strong>900ml<\/strong><\/a><\/span>\u00a0y de\u00a0<span style=\"color: #000000;\"><strong><a style=\"color: #000000;\" href=\"https:\/\/longwellprofessional.com\/en\/oxigenada-crema-20vol-silk-120ml\/\">120ml.<\/a><\/strong><\/span><\/li>\n<li>Oxigenada en Crema 30 vol Silk:\u00a0formato de\u00a0<span style=\"color: #000000;\"><strong>900ml<\/strong><\/span>\u00a0y de\u00a0<span style=\"color: #000000;\"><strong><a style=\"color: #000000;\" href=\"https:\/\/longwellprofessional.com\/en\/oxigenada-crema-30vol-silk-120ml\/\">120ml.<\/a><\/strong><\/span><\/li>\n<li>Oxigenada en Crema 40 vol Silk: formato de\u00a0<span style=\"color: #000000;\"><strong><a style=\"color: #000000;\" href=\"https:\/\/longwellprofessional.com\/en\/oxigenada-en-crema-40vol-silk-900ml\/\">900ml<\/a><\/strong><\/span>\u00a0y de\u00a0<span style=\"color: #000000;\"><strong><a style=\"color: #000000;\" href=\"https:\/\/longwellprofessional.com\/en\/oxigenada-crema-40vol-silk-120ml\/\">120ml.<\/a><\/strong><\/span><\/li>\n<\/ul>\n<p>&nbsp;<\/p>","protected":false},"excerpt":{"rendered":"<p>Oxygenated in cream\u00a0<strong>SILK COLORS LONGWELL<\/strong>\u00a0con aceites naturales para procesos de coloraci\u00f3n y decoloraci\u00f3n. Minimiza picores y protege el cabello.<\/p>","protected":false},"featured_media":7737,"comment_status":"closed","ping_status":"closed","template":"","meta":{"_et_pb_use_builder":"","_et_pb_old_content":"","_et_gb_content_width":"","inline_featured_image":false},"product_brand":[],"product_cat":[52,29],"product_tag":[],"class_list":{"0":"post-292","1":"product","2":"type-product","3":"status-publish","4":"has-post-thumbnail","6":"product_cat-productos","7":"product_cat-oxigenada-en-crema","9":"first","10":"instock","11":"shipping-taxable","12":"product-type-simple"},"_links":{"self":[{"href":"https:\/\/longwellprofessional.com\/en\/wp-json\/wp\/v2\/product\/292","targetHints":{"allow":["GET"]}}],"collection":[{"href":"https:\/\/longwellprofessional.com\/en\/wp-json\/wp\/v2\/product"}],"about":[{"href":"https:\/\/longwellprofessional.com\/en\/wp-json\/wp\/v2\/types\/product"}],"replies":[{"embeddable":true,"href":"https:\/\/longwellprofessional.com\/en\/wp-json\/wp\/v2\/comments?post=292"}],"wp:featuredmedia":[{"embeddable":true,"href":"https:\/\/longwellprofessional.com\/en\/wp-json\/wp\/v2\/media\/7737"}],"wp:attachment":[{"href":"https:\/\/longwellprofessional.com\/en\/wp-json\/wp\/v2\/media?parent=292"}],"wp:term":[{"taxonomy":"product_brand","embeddable":true,"href":"https:\/\/longwellprofessional.com\/en\/wp-json\/wp\/v2\/product_brand?post=292"},{"taxonomy":"product_cat","embeddable":true,"href":"https:\/\/longwellprofessional.com\/en\/wp-json\/wp\/v2\/product_cat?post=292"},{"taxonomy":"product_tag","embeddable":true,"href":"https:\/\/longwellprofessional.com\/en\/wp-json\/wp\/v2\/product_tag?post=292"}],"curies":[{"name":"wp","href":"https:\/\/api.w.org\/{rel}","templated":true}]}}