{"id":1444,"date":"2021-08-13T08:24:13","date_gmt":"2021-08-13T08:24:13","guid":{"rendered":"https:\/\/www.longwell.es\/?post_type=product&#038;p=1444"},"modified":"2025-11-14T13:25:14","modified_gmt":"2025-11-14T13:25:14","slug":"polvos-de-volumen-new-york-18gr","status":"publish","type":"product","link":"https:\/\/longwellprofessional.com\/en\/polvos-de-volumen-new-york-18gr\/","title":{"rendered":"Polvos de volumen New York 18gr"},"content":{"rendered":"<p>The <b>Polvo de Volumen NEW YORK<\/b> es un polvo ligero con una <b>fijaci\u00f3n fuerte<\/b> (Fuerza <b>2 de 3<\/b>). Su formulaci\u00f3n innovadora <b>crea volumen<\/b> Y <b>textura<\/b> al instante, ideal para looks estructurados o despeinados. A pesar de su fuerte fijaci\u00f3n, el polvo es ultraligero y <b>no apelmaza<\/b> el cabello, dejando un elegante <b>acabado mate<\/b>. Es la herramienta perfecta para todo tipo de cabello que necesite cuerpo y control sin peso.<\/p>\n<p><strong>Benefits:<\/strong><\/p>\n<ul>\n<li>Fijaci\u00f3n <b>fuerte y flexible<\/b> (Fuerza 2\/3).<\/li>\n<li>Crea <b>volumen y textura<\/b> instant\u00e1neos.<\/li>\n<li>Aporta un <b>acabado mate<\/b>.<\/li>\n<li>F\u00f3rmula ultraligera, <b>sin apelmazar<\/b> el cabello.<\/li>\n<\/ul>","protected":false},"excerpt":{"rendered":"<p>The <b>Polvo de Volumen NEW YORK <\/b>es un polvo ligero de <b>fijaci\u00f3n fuerte<\/b> (Fuerza 2) que aporta <b>volumen y textura<\/b> inmediata con un <b>acabado mate<\/b>. No apelmaza el cabello y es ideal para looks con cuerpo y definici\u00f3n.<\/p>","protected":false},"featured_media":1446,"comment_status":"closed","ping_status":"closed","template":"","meta":{"_et_pb_use_builder":"off","_et_pb_old_content":"El Polvo ligero de Volumen, NEW YORK, es ideal para dar forma, volumen y textura al cabello con efecto MATE. Consigue m\u00e1s cuerpo y densidad con fijaci\u00f3n fuerte que permite que el cabello se despegue de las ra\u00edces, quede con volumen y sus fibras separadas entre s\u00ed, confiriendo ligereza y movimiento. Se elimina f\u00e1cilmente, no deja residuos y no apelmaza. Ideal para todo tipo de cabellos. <strong>Beneficios<\/strong>\r\n<ul>\r\n \t<li>Nivel de Fijaci\u00f3n fuerte.<\/li>\r\n \t<li>Acabado mate.<\/li>\r\n \t<li>Apta para todo tipo de cabello.<\/li>\r\n \t<li>Aporta Volumen y flexibilidad.<\/li>\r\n \t<li>No reseca el cabello.<\/li>\r\n \t<li>No deja residuos.<\/li>\r\n<\/ul>","_et_gb_content_width":"","inline_featured_image":false},"product_brand":[],"product_cat":[51],"product_tag":[86,100],"class_list":{"0":"post-1444","1":"product","2":"type-product","3":"status-publish","4":"has-post-thumbnail","6":"product_cat-long-fix","7":"product_tag-long-fix","8":"product_tag-professional-choice","10":"first","11":"outofstock","12":"shipping-taxable","13":"product-type-variable"},"_links":{"self":[{"href":"https:\/\/longwellprofessional.com\/en\/wp-json\/wp\/v2\/product\/1444","targetHints":{"allow":["GET"]}}],"collection":[{"href":"https:\/\/longwellprofessional.com\/en\/wp-json\/wp\/v2\/product"}],"about":[{"href":"https:\/\/longwellprofessional.com\/en\/wp-json\/wp\/v2\/types\/product"}],"replies":[{"embeddable":true,"href":"https:\/\/longwellprofessional.com\/en\/wp-json\/wp\/v2\/comments?post=1444"}],"wp:featuredmedia":[{"embeddable":true,"href":"https:\/\/longwellprofessional.com\/en\/wp-json\/wp\/v2\/media\/1446"}],"wp:attachment":[{"href":"https:\/\/longwellprofessional.com\/en\/wp-json\/wp\/v2\/media?parent=1444"}],"wp:term":[{"taxonomy":"product_brand","embeddable":true,"href":"https:\/\/longwellprofessional.com\/en\/wp-json\/wp\/v2\/product_brand?post=1444"},{"taxonomy":"product_cat","embeddable":true,"href":"https:\/\/longwellprofessional.com\/en\/wp-json\/wp\/v2\/product_cat?post=1444"},{"taxonomy":"product_tag","embeddable":true,"href":"https:\/\/longwellprofessional.com\/en\/wp-json\/wp\/v2\/product_tag?post=1444"}],"curies":[{"name":"wp","href":"https:\/\/api.w.org\/{rel}","templated":true}]}}