{"id":1353,"date":"2021-06-09T08:09:04","date_gmt":"2021-06-09T08:09:04","guid":{"rendered":"https:\/\/www.longwell.es\/?post_type=product&#038;p=1353"},"modified":"2025-11-14T13:25:25","modified_gmt":"2025-11-14T13:25:25","slug":"color-ball-411-cool-brown-120ml","status":"publish","type":"product","link":"https:\/\/longwellprofessional.com\/en\/color-ball-411-cool-brown-120ml\/","title":{"rendered":"ColorBall 411 Cool Brown 120ml"},"content":{"rendered":"<p>The\u00a0<b>Mascarilla Nutritiva Color Ball<\/b>\u00a0es una coloraci\u00f3n temporal sin amoniaco ni oxidante, ideal para crear, corregir, refrescar y matizar el color del cabello. Se presenta en una l\u00ednea de 33 referencias, con 16 de ellas disponibles en formato de 270ml y 17 en formato de 120ml. Los colores disponibles son: 200 Violet, 400 Orange, 500 Ruby, 600 Fire Red, 740 Copper, 1002 Platinum, 005 Pink, 411 Cool Brown, 931 Light Beige, 190 Blue, 000 Clear, 700 Opal Green, 020 Soft Violette, 105 Soft Pink, 713 Havana, 045 Urban Coral y el 300 Yellow, este \u00faltimo disponible \u00fanicamente en 120ml.<\/p>\n<p>Su f\u00f3rmula, enriquecida con\u00a0<strong>\u00e1cido hialur\u00f3nico<\/strong>\u00a0y colorantes de \u00faltima generaci\u00f3n, hidrata y nutre en profundidad, reestructurando la fibra capilar. Esta mascarilla no solo aumenta la intensidad del color y garantiza un brillo extremo, sino que tambi\u00e9n ayuda a mantener el estado natural del cabello sin da\u00f1arlo, dej\u00e1ndolo con un aspecto vibrante y saludable.<\/p>\n<p><strong>Benefits:<\/strong><\/p>\n<ul>\n<li>Crea, corrige, refresca y matiza el color del cabello.<\/li>\n<li>Neutraliza los matices indeseados.<\/li>\n<li>Aporta colores vibrantes y un brillo extremo.<\/li>\n<li>Mantiene el estado natural del cabello sin da\u00f1arlo.<\/li>\n<li>Hidrata y nutre en profundidad durante la coloraci\u00f3n.<\/li>\n<\/ul>","protected":false},"excerpt":{"rendered":"<p>Mascarilla de coloraci\u00f3n temporal sin amoniaco ni oxidante.<strong>\u00a0Hidrata, nutre y reestructura<\/strong>\u00a0la fibra capilar mientras crea, refresca o matiza el color para un resultado vibrante y lleno de brillo.<\/p>\n<p>&nbsp;<\/p>","protected":false},"featured_media":1354,"comment_status":"closed","ping_status":"closed","template":"","meta":{"_et_pb_use_builder":"","_et_pb_old_content":"","_et_gb_content_width":"","inline_featured_image":false},"product_brand":[],"product_cat":[52,54],"product_tag":[100,101],"class_list":{"0":"post-1353","1":"product","2":"type-product","3":"status-publish","4":"has-post-thumbnail","6":"product_cat-productos","7":"product_cat-colorball","8":"product_tag-professional-choice","9":"product_tag-vegan-friendly","11":"first","12":"instock","13":"shipping-taxable","14":"product-type-simple"},"_links":{"self":[{"href":"https:\/\/longwellprofessional.com\/en\/wp-json\/wp\/v2\/product\/1353","targetHints":{"allow":["GET"]}}],"collection":[{"href":"https:\/\/longwellprofessional.com\/en\/wp-json\/wp\/v2\/product"}],"about":[{"href":"https:\/\/longwellprofessional.com\/en\/wp-json\/wp\/v2\/types\/product"}],"replies":[{"embeddable":true,"href":"https:\/\/longwellprofessional.com\/en\/wp-json\/wp\/v2\/comments?post=1353"}],"wp:featuredmedia":[{"embeddable":true,"href":"https:\/\/longwellprofessional.com\/en\/wp-json\/wp\/v2\/media\/1354"}],"wp:attachment":[{"href":"https:\/\/longwellprofessional.com\/en\/wp-json\/wp\/v2\/media?parent=1353"}],"wp:term":[{"taxonomy":"product_brand","embeddable":true,"href":"https:\/\/longwellprofessional.com\/en\/wp-json\/wp\/v2\/product_brand?post=1353"},{"taxonomy":"product_cat","embeddable":true,"href":"https:\/\/longwellprofessional.com\/en\/wp-json\/wp\/v2\/product_cat?post=1353"},{"taxonomy":"product_tag","embeddable":true,"href":"https:\/\/longwellprofessional.com\/en\/wp-json\/wp\/v2\/product_tag?post=1353"}],"curies":[{"name":"wp","href":"https:\/\/api.w.org\/{rel}","templated":true}]}}