{"id":1005,"date":"2021-03-05T12:05:45","date_gmt":"2021-03-05T12:05:45","guid":{"rendered":"https:\/\/www.longwell.es\/?post_type=product&#038;p=1005"},"modified":"2025-12-05T14:17:56","modified_gmt":"2025-12-05T14:17:56","slug":"silver-mask-500ml","status":"publish","type":"product","link":"https:\/\/longwellprofessional.com\/en\/silver-mask-500ml\/","title":{"rendered":"Silver Mask 500ml"},"content":{"rendered":"<p>La mascarilla\u00a0<strong>SILVER MASK<\/strong>\u00a0from<strong>\u00a0Longwell<\/strong>\u00a0ha sido especialmente formulada para cabellos grises, blancos y decolorados. Su f\u00f3rmula vegana, enriquecida con\u00a0<strong>\u00c1cido Hialur\u00f3nico, Betaine y Aceite de Germen de Trigo<\/strong>, ayuda a hidratar, nutrir, suavizar y reparar la fibra capilar. Su principal componente, el pigmento violeta, act\u00faa neutralizando y eliminando los reflejos amarillentos, logrando un tono m\u00e1s puro. El resultado es un cabello sano, brillante, sedoso y luminoso.<\/p>\n<p><strong>Benefits:<\/strong><\/p>\n<ul>\n<li>Helps hydrate, nourish and repair hair.<\/li>\n<li>Su pigmento violeta neutraliza los reflejos amarillentos.<\/li>\n<li>Get purer whites.<\/li>\n<li>Facilita el peinado y aporta brillo.<\/li>\n<li>Otorga sedosidad y un aspecto m\u00e1s sano.<\/li>\n<\/ul>\n<p>Tambi\u00e9n en <strong><span style=\"color: #000000;\"><a style=\"color: #000000;\" href=\"https:\/\/longwellprofessional.com\/en\/silver-mask-sachette-35ml\/\">Formato Sachete 35ml.<\/a><\/span><\/strong><\/p>","protected":false},"excerpt":{"rendered":"<p>Hidrataci\u00f3n, reparaci\u00f3n y neutralizaci\u00f3n de tonos amarillos. Con su pigmento violeta, la mascarilla\u00a0<b>SILVER MASK<\/b>\u00a0hidrata y repara, logrando blancos m\u00e1s puros y un cabello brillante.<\/p>\n<p>&nbsp;<\/p>","protected":false},"featured_media":7970,"comment_status":"closed","ping_status":"closed","template":"","meta":{"_et_pb_use_builder":"","_et_pb_old_content":"","_et_gb_content_width":"","inline_featured_image":false},"product_brand":[],"product_cat":[35],"product_tag":[100,101],"class_list":{"0":"post-1005","1":"product","2":"type-product","3":"status-publish","4":"has-post-thumbnail","6":"product_cat-tratamientos","7":"product_tag-professional-choice","8":"product_tag-vegan-friendly","10":"first","11":"instock","12":"shipping-taxable","13":"product-type-simple"},"_links":{"self":[{"href":"https:\/\/longwellprofessional.com\/en\/wp-json\/wp\/v2\/product\/1005","targetHints":{"allow":["GET"]}}],"collection":[{"href":"https:\/\/longwellprofessional.com\/en\/wp-json\/wp\/v2\/product"}],"about":[{"href":"https:\/\/longwellprofessional.com\/en\/wp-json\/wp\/v2\/types\/product"}],"replies":[{"embeddable":true,"href":"https:\/\/longwellprofessional.com\/en\/wp-json\/wp\/v2\/comments?post=1005"}],"wp:featuredmedia":[{"embeddable":true,"href":"https:\/\/longwellprofessional.com\/en\/wp-json\/wp\/v2\/media\/7970"}],"wp:attachment":[{"href":"https:\/\/longwellprofessional.com\/en\/wp-json\/wp\/v2\/media?parent=1005"}],"wp:term":[{"taxonomy":"product_brand","embeddable":true,"href":"https:\/\/longwellprofessional.com\/en\/wp-json\/wp\/v2\/product_brand?post=1005"},{"taxonomy":"product_cat","embeddable":true,"href":"https:\/\/longwellprofessional.com\/en\/wp-json\/wp\/v2\/product_cat?post=1005"},{"taxonomy":"product_tag","embeddable":true,"href":"https:\/\/longwellprofessional.com\/en\/wp-json\/wp\/v2\/product_tag?post=1005"}],"curies":[{"name":"wp","href":"https:\/\/api.w.org\/{rel}","templated":true}]}}