{"id":1003,"date":"2021-03-05T10:02:53","date_gmt":"2021-03-05T10:02:53","guid":{"rendered":"https:\/\/www.longwell.es\/?post_type=product&#038;p=1003"},"modified":"2026-01-09T10:19:07","modified_gmt":"2026-01-09T10:19:07","slug":"silk-protein-shot-serum-150ml","status":"publish","type":"product","link":"https:\/\/longwellprofessional.com\/en\/silk-protein-shot-serum-150ml\/","title":{"rendered":"Silk Protein Shot Serum 150ml"},"content":{"rendered":"<p><span style=\"font-weight: 400;\">Tratamiento Ser\u00fam reparador <strong>SILK PROTEIN SHOT<\/strong> de Longwell, este producto est\u00e1 dise\u00f1ado para ser un aliado esencial en el cuidado del cabello post-tratamiento qu\u00edmico, como la decoloraci\u00f3n, permanentes o tintes. Su f\u00f3rmula ayuda a restaurar la fibra capilar y a mantener la salud y el brillo que los procesos qu\u00edmicos pueden comprometer.<\/span><\/p>\n<p><b>Benefits:\u00a0<\/b><\/p>\n<ul>\n<li style=\"font-weight: 400;\" aria-level=\"1\"><span style=\"font-weight: 400;\">Repairs open ends and brittle hair.<\/span><span style=\"font-weight: 400;\">\u00a0<\/span><\/li>\n<li style=\"font-weight: 400;\" aria-level=\"1\"><span style=\"font-weight: 400;\">Helps repair damaged hair.<\/span><\/li>\n<li style=\"font-weight: 400;\" aria-level=\"1\"><span style=\"font-weight: 400;\">Ideal for treating hair after a chemical process (bleaching, permanent or dyeing).<\/span><\/li>\n<li style=\"font-weight: 400;\" aria-level=\"1\"><span style=\"font-weight: 400;\">For all types of hair and also highly recommended for extensions.<\/span><\/li>\n<\/ul>","protected":false},"excerpt":{"rendered":"<div class=\"woocommerce-product-details__short-description\">\n<p>Contains Silk Protein, Collagen and Provitamin-B<\/p>\n<p>Repair serum for brittle hair and split ends. Formulated with hydrolyzed silk proteins that give hair shine, looseness and silkiness. Facilitates untangling and combing. Ideal after chemical processes such as permanent, bleaching or staining. For all types of hair and also highly recommended for extensions.<\/p>\n<\/div>","protected":false},"featured_media":8185,"comment_status":"closed","ping_status":"closed","template":"","meta":{"_et_pb_use_builder":"","_et_pb_old_content":"","_et_gb_content_width":"","inline_featured_image":false},"product_brand":[],"product_cat":[35],"product_tag":[],"class_list":{"0":"post-1003","1":"product","2":"type-product","3":"status-publish","4":"has-post-thumbnail","6":"product_cat-tratamientos","8":"first","9":"instock","10":"shipping-taxable","11":"product-type-simple"},"_links":{"self":[{"href":"https:\/\/longwellprofessional.com\/en\/wp-json\/wp\/v2\/product\/1003","targetHints":{"allow":["GET"]}}],"collection":[{"href":"https:\/\/longwellprofessional.com\/en\/wp-json\/wp\/v2\/product"}],"about":[{"href":"https:\/\/longwellprofessional.com\/en\/wp-json\/wp\/v2\/types\/product"}],"replies":[{"embeddable":true,"href":"https:\/\/longwellprofessional.com\/en\/wp-json\/wp\/v2\/comments?post=1003"}],"wp:featuredmedia":[{"embeddable":true,"href":"https:\/\/longwellprofessional.com\/en\/wp-json\/wp\/v2\/media\/8185"}],"wp:attachment":[{"href":"https:\/\/longwellprofessional.com\/en\/wp-json\/wp\/v2\/media?parent=1003"}],"wp:term":[{"taxonomy":"product_brand","embeddable":true,"href":"https:\/\/longwellprofessional.com\/en\/wp-json\/wp\/v2\/product_brand?post=1003"},{"taxonomy":"product_cat","embeddable":true,"href":"https:\/\/longwellprofessional.com\/en\/wp-json\/wp\/v2\/product_cat?post=1003"},{"taxonomy":"product_tag","embeddable":true,"href":"https:\/\/longwellprofessional.com\/en\/wp-json\/wp\/v2\/product_tag?post=1003"}],"curies":[{"name":"wp","href":"https:\/\/api.w.org\/{rel}","templated":true}]}}