{"id":1001,"date":"2021-03-05T10:54:51","date_gmt":"2021-03-05T10:54:51","guid":{"rendered":"https:\/\/www.longwell.es\/?post_type=product&#038;p=1001"},"modified":"2025-11-14T13:25:54","modified_gmt":"2025-11-14T13:25:54","slug":"pure-mineral-shot-150ml","status":"publish","type":"product","link":"https:\/\/longwellprofessional.com\/en\/pure-mineral-shot-150ml\/","title":{"rendered":"Pure Mineral Oil 150ml"},"content":{"rendered":"<p>Tratamiento <strong>PURE MINERAL OIL<\/strong> formulado con Aceite de Arg\u00e1n y Camelia y extractos de Piedras Preciosas. Esta conjunci\u00f3n repara el cabello en profundidad desde el exterior hacia el interior. Las prote\u00ednas de las Piedras Preciosas act\u00faan en la estructura capilar rellenado los huecos, fortaleci\u00e9ndola y regener\u00e1ndola. Crean un efecto espejo que maximiza la luz y el brillo, evita el efecto encrespamiento y mejora la calidad del cabello quebradizo. El cabello recupera todo su esplendor, con resultados visibles desde la 1\u00aa aplicaci\u00f3n. Ideal para todo tipo de cabellos.<\/p>\n<p><b>Benefits:\u00a0<\/b><\/p>\n<ul>\n<li aria-level=\"1\">Repairs, hydrates and nourishes in depth.<\/li>\n<li aria-level=\"1\">Provides resistance and strength to the hair.<\/li>\n<li aria-level=\"1\">Strengthens the hair fiber, increasing its anti-breakage capacity.<\/li>\n<li aria-level=\"1\">Slows down the aging processes.<\/li>\n<li aria-level=\"1\">Increases the flexibility and elasticity of the hair.<\/li>\n<li aria-level=\"1\">Provides intense shine.<\/li>\n<\/ul>","protected":false},"excerpt":{"rendered":"<div class=\"woocommerce-product-details__short-description\">\n<p>Tratamiento <strong>PURE MINERAL OIL<\/strong> formulado con Aceite de Arg\u00e1n y Camelia y extractos de Piedras Preciosas. Esta conjunci\u00f3n repara el cabello en profundidad desde el exterior hacia el interior. Las prote\u00ednas de las Piedras Preciosas act\u00faan en la estructura capilar rellenado los huecos, fortaleci\u00e9ndola y regener\u00e1ndola.<\/p>\n<\/div>","protected":false},"featured_media":7718,"comment_status":"closed","ping_status":"closed","template":"","meta":{"_et_pb_use_builder":"","_et_pb_old_content":"","_et_gb_content_width":"","inline_featured_image":false},"product_brand":[],"product_cat":[35],"product_tag":[100],"class_list":{"0":"post-1001","1":"product","2":"type-product","3":"status-publish","4":"has-post-thumbnail","6":"product_cat-tratamientos","7":"product_tag-professional-choice","9":"first","10":"instock","11":"shipping-taxable","12":"product-type-simple"},"_links":{"self":[{"href":"https:\/\/longwellprofessional.com\/en\/wp-json\/wp\/v2\/product\/1001","targetHints":{"allow":["GET"]}}],"collection":[{"href":"https:\/\/longwellprofessional.com\/en\/wp-json\/wp\/v2\/product"}],"about":[{"href":"https:\/\/longwellprofessional.com\/en\/wp-json\/wp\/v2\/types\/product"}],"replies":[{"embeddable":true,"href":"https:\/\/longwellprofessional.com\/en\/wp-json\/wp\/v2\/comments?post=1001"}],"wp:featuredmedia":[{"embeddable":true,"href":"https:\/\/longwellprofessional.com\/en\/wp-json\/wp\/v2\/media\/7718"}],"wp:attachment":[{"href":"https:\/\/longwellprofessional.com\/en\/wp-json\/wp\/v2\/media?parent=1001"}],"wp:term":[{"taxonomy":"product_brand","embeddable":true,"href":"https:\/\/longwellprofessional.com\/en\/wp-json\/wp\/v2\/product_brand?post=1001"},{"taxonomy":"product_cat","embeddable":true,"href":"https:\/\/longwellprofessional.com\/en\/wp-json\/wp\/v2\/product_cat?post=1001"},{"taxonomy":"product_tag","embeddable":true,"href":"https:\/\/longwellprofessional.com\/en\/wp-json\/wp\/v2\/product_tag?post=1001"}],"curies":[{"name":"wp","href":"https:\/\/api.w.org\/{rel}","templated":true}]}}