{"id":522,"date":"2017-05-02T17:41:06","date_gmt":"2017-05-02T17:41:06","guid":{"rendered":"http:\/\/www.longwell.es\/?page_id=522"},"modified":"2025-12-09T13:09:55","modified_gmt":"2025-12-09T13:09:55","slug":"techline","status":"publish","type":"page","link":"https:\/\/longwellprofessional.com\/en\/techline\/","title":{"rendered":"Techline"},"content":{"rendered":"<p>[et_pb_section fb_built=\u00bb1&#8243; fullwidth=\u00bbon\u00bb module_class=\u00bbbanner-container\u00bb _builder_version=\u00bb4.16.0&#8243; _module_preset=\u00bbdefault\u00bb collapsed=\u00bboff\u00bb global_colors_info=\u00bb{}\u00bb][et_pb_fullwidth_image src=\u00bbhttps:\/\/longwellprofessional.com\/wp-content\/uploads\/2022\/06\/Bannrs-Longwell_tecnicos-y-complementos.-Techline.jpg\u00bb alt=\u00bbTechline\u00bb admin_label=\u00bbImagen de anchura completa\u00bb module_class=\u00bbbanner-image\u00bb _builder_version=\u00bb4.17.3&#8243; animation_style=\u00bbfade\u00bb animation_duration=\u00bb500ms\u00bb animation=\u00bbfade_in\u00bb use_border_color=\u00bboff\u00bb border_color=\u00bb#ffffff\u00bb border_style=\u00bbsolid\u00bb global_colors_info=\u00bb{}\u00bb] [\/et_pb_fullwidth_image][et_pb_fullwidth_image src=\u00bbhttps:\/\/longwellprofessional.com\/wp-content\/uploads\/2022\/03\/Imagenes-Longwell_Pagina-de-inicio_ensanchado-whiter.svg\u00bb title_text=\u00bbIm\u00e1genes Longwell_P\u00e1gina de inicio_ensanchado-whiter\u00bb disabled_on=\u00bbon|on|on\u00bb module_class=\u00bbbanner-wave\u00bb _builder_version=\u00bb4.16.0&#8243; _module_preset=\u00bbdefault\u00bb disabled=\u00bbon\u00bb global_colors_info=\u00bb{}\u00bb][\/et_pb_fullwidth_image][\/et_pb_section][et_pb_section fb_built=\u00bb1&#8243; module_class=\u00bbtext-container\u00bb _builder_version=\u00bb4.16.0&#8243; _module_preset=\u00bbdefault\u00bb custom_margin=\u00bb6em|0px|6em|0px|true|true\u00bb custom_padding=\u00bb0px|0px|0px|0px|true|true\u00bb collapsed=\u00bboff\u00bb global_colors_info=\u00bb{}\u00bb][et_pb_row module_class=\u00bbtext-header-row\u00bb _builder_version=\u00bb4.16.0&#8243; _module_preset=\u00bbdefault\u00bb width=\u00bb60%\u00bb width_tablet=\u00bb75%\u00bb width_phone=\u00bb90%\u00bb width_last_edited=\u00bbon|desktop\u00bb max_width=\u00bb2560px\u00bb module_alignment=\u00bbcenter\u00bb custom_margin=\u00bb0px|0px|0px|0px|true|true\u00bb custom_padding=\u00bb0px|0px|0px|0px|true|true\u00bb global_colors_info=\u00bb{}\u00bb][et_pb_column type=\u00bb4_4&#8243; module_class=\u00bbtext-header-col\u00bb _builder_version=\u00bb4.16.0&#8243; _module_preset=\u00bbdefault\u00bb global_colors_info=\u00bb{}\u00bb][et_pb_text module_class=\u00bbtext-header-2&#8243; _builder_version=\u00bb4.17.1&#8243; _module_preset=\u00bbdefault\u00bb header_2_font=\u00bb|700|||||||\u00bb header_2_text_color=\u00bb#101010&#8243; header_2_font_size=\u00bb2.25em\u00bb background_color=\u00bb#D2D2D2&#8243; custom_margin=\u00bb0px|0px|0px|0px|true|true\u00bb custom_padding=\u00bb0.5em|3em|0.5em|3em|true|true\u00bb header_2_font_size_tablet=\u00bb2.25em\u00bb header_2_font_size_phone=\u00bb1.75em\u00bb header_2_font_size_last_edited=\u00bbon|phone\u00bb global_colors_info=\u00bb{}\u00bb]<\/p>\n<h2 style=\"text-align: center;\">TECHLINE<\/h2>\n<p>[\/et_pb_text][et_pb_text module_class=\u00bbtext-header-2&#8243; _builder_version=\u00bb4.17.1&#8243; _module_preset=\u00bbdefault\u00bb header_2_font=\u00bb|700|||||||\u00bb header_2_text_color=\u00bb#F1F1F1&#8243; header_2_font_size=\u00bb2.25em\u00bb background_color=\u00bb#101010&#8243; custom_margin=\u00bb0px|0px|0px|0px|true|true\u00bb custom_padding=\u00bb0.5em|3em|0.5em|3em|true|true\u00bb header_2_font_size_tablet=\u00bb2.25em\u00bb header_2_font_size_phone=\u00bb1.75em\u00bb header_2_font_size_last_edited=\u00bbon|phone\u00bb global_colors_info=\u00bb{}\u00bb]<\/p>\n<h2 style=\"text-align: center;\">TECHNICIANS<\/h2>\n<p>[\/et_pb_text][\/et_pb_column][\/et_pb_row][et_pb_row custom_padding_last_edited=\u00bboff|phone\u00bb module_class=\u00bbtext-body\u00bb _builder_version=\u00bb4.17.1&#8243; _module_preset=\u00bbdefault\u00bb width=\u00bb40%\u00bb width_tablet=\u00bb70%\u00bb width_phone=\u00bb90%\u00bb width_last_edited=\u00bbon|phone\u00bb max_width=\u00bb2560px\u00bb module_alignment=\u00bbcenter\u00bb custom_margin=\u00bb0px|0px|0px|0px|true|true\u00bb custom_padding=\u00bb0em|2em|0em|2em|true|true\u00bb custom_padding_phone=\u00bb|2em||2em|true|true\u00bb global_colors_info=\u00bb{}\u00bb][et_pb_column type=\u00bb4_4&#8243; _builder_version=\u00bb4.16.0&#8243; _module_preset=\u00bbdefault\u00bb global_colors_info=\u00bb{}\u00bb][et_pb_text _builder_version=\u00bb4.16.0&#8243; _module_preset=\u00bbdefault\u00bb header_3_font=\u00bb|700|||||||\u00bb header_3_text_color=\u00bb#101010&#8243; width=\u00bb80%\u00bb module_alignment=\u00bbcenter\u00bb custom_margin=\u00bb3em|0px|3em|0px|true|true\u00bb custom_padding=\u00bb0px|0px|0px|0px|true|true\u00bb global_colors_info=\u00bb{}\u00bb]<\/p>\n<h3 style=\"text-align: center;\">CUTTING-EDGE COSMETIC TECHNOLOGY FOR BEAUTIFUL HAIR<\/h3>\n<p>[\/et_pb_text][et_pb_text _builder_version=\u00bb4.17.3&#8243; _module_preset=\u00bbdefault\u00bb custom_margin=\u00bb0px|0px|4em|0px|false|true\u00bb custom_padding=\u00bb0px|0px|0px|0px|true|true\u00bb global_colors_info=\u00bb{}\u00bb]<\/p>\n<p style=\"text-align: left;\">Las l\u00edneas <strong>Techline <\/strong>Y <strong>Salontech <\/strong>from <strong>Longwell<\/strong> se componen de un grupo de productos concebidos para asegurar \u00f3ptimos resultados en procesos de coloraci\u00f3n y decoloraci\u00f3n capilar. En su conjunto, estos productos aportan seguridad, comodidad y ayuda al profesional y a su cliente a lo largo de los procesos t\u00e9cnicos.<\/p>\n<p>[\/et_pb_text][\/et_pb_column][\/et_pb_row][et_pb_row column_structure=\u00bb1_2,1_2&#8243; make_equal=\u00bbon\u00bb module_class=\u00bbimage-cta-header-row\u00bb _builder_version=\u00bb4.17.3&#8243; _module_preset=\u00bbdefault\u00bb max_width=\u00bb2560px\u00bb module_alignment=\u00bbcenter\u00bb custom_margin=\u00bb2em|0px|2em|0px|true|true\u00bb custom_padding=\u00bb0em|0px|0em|0px|true|true\u00bb hover_enabled=\u00bb0&#8243; global_colors_info=\u00bb{}\u00bb sticky_enabled=\u00bb0&#8243;][et_pb_column type=\u00bb1_2&#8243; module_class=\u00bbimage-cta-header-col\u00bb _builder_version=\u00bb4.17.3&#8243; _module_preset=\u00bbdefault\u00bb custom_padding=\u00bb2em|2em|2em|2em|true|true\u00bb link_option_url=\u00bb\/techline\/hair-colors-techline\/\u00bb global_colors_info=\u00bb{}\u00bb][et_pb_button button_url=\u00bb\/techline\/hair-colors-techline\/\u00bb button_text=\u00bbHAIR COLORS TECHLINE\u00bb button_alignment=\u00bbcenter\u00bb module_class=\u00bbimage-cta-btn\u00bb _builder_version=\u00bb4.17.3&#8243; _module_preset=\u00bbdefault\u00bb custom_button=\u00bbon\u00bb button_text_size=\u00bb14px\u00bb button_text_color=\u00bb#F1F1F1&#8243; button_bg_color=\u00bb#101010&#8243; button_border_width=\u00bb0px\u00bb button_border_color=\u00bbRGBA(255,255,255,0)\u00bb button_border_radius=\u00bb100px\u00bb button_font=\u00bb|600|||||||\u00bb button_use_icon=\u00bboff\u00bb custom_margin=\u00bb0px|0px|3em|0px|false|true\u00bb custom_padding=\u00bb0.25em|1.4em|0.25em|1.4em|true|true\u00bb global_colors_info=\u00bb{}\u00bb][\/et_pb_button][et_pb_image src=\u00bbhttps:\/\/longwellprofessional.com\/wp-content\/uploads\/2017\/04\/Copia-de-Sin-titulo-1500-x-1500-px-10.png\u00bb alt=\u00bbtechline Longwell\u00bb align=\u00bbcenter\u00bb module_class=\u00bbimage-cta-img\u00bb _builder_version=\u00bb4.17.3&#8243; _module_preset=\u00bbdefault\u00bb max_width=\u00bb30%\u00bb max_width_tablet=\u00bb50%\u00bb max_width_phone=\u00bb50%\u00bb max_width_last_edited=\u00bbon|tablet\u00bb module_alignment=\u00bbcenter\u00bb global_colors_info=\u00bb{}\u00bb][\/et_pb_image][\/et_pb_column][et_pb_column type=\u00bb1_2&#8243; module_class=\u00bbimage-cta-header-col\u00bb _builder_version=\u00bb4.17.3&#8243; _module_preset=\u00bbdefault\u00bb custom_padding=\u00bb2em|2em|2em|2em|true|true\u00bb link_option_url=\u00bb\/techline\/salontech\/\u00bb global_colors_info=\u00bb{}\u00bb][et_pb_button button_url=\u00bb\/techline\/salontech\/\u00bb button_text=\u00bbSALONTECH\u00bb button_alignment=\u00bbcenter\u00bb module_class=\u00bbimage-cta-btn\u00bb _builder_version=\u00bb4.17.3&#8243; _module_preset=\u00bbdefault\u00bb custom_button=\u00bbon\u00bb button_text_size=\u00bb14px\u00bb button_text_color=\u00bb#F1F1F1&#8243; button_bg_color=\u00bb#101010&#8243; button_border_width=\u00bb0px\u00bb button_border_color=\u00bbRGBA(255,255,255,0)\u00bb button_border_radius=\u00bb100px\u00bb button_font=\u00bb|600|||||||\u00bb button_use_icon=\u00bboff\u00bb custom_margin=\u00bb0px|0px|3em|0px|false|true\u00bb custom_padding=\u00bb0.25em|1.4em|0.25em|1.4em|true|true\u00bb hover_enabled=\u00bb0&#8243; global_colors_info=\u00bb{}\u00bb sticky_enabled=\u00bb0&#8243;][\/et_pb_button][et_pb_image src=\u00bbhttps:\/\/longwellprofessional.com\/wp-content\/uploads\/2017\/04\/Longwell-Salontech-Bubbly-Botel-1L-20170404.jpg\u00bb alt=\u00bbtechline Longwell\u00bb align=\u00bbcenter\u00bb module_class=\u00bbimage-cta-img\u00bb _builder_version=\u00bb4.17.3&#8243; _module_preset=\u00bbdefault\u00bb max_width=\u00bb30%\u00bb max_width_tablet=\u00bb50%\u00bb max_width_phone=\u00bb50%\u00bb max_width_last_edited=\u00bbon|tablet\u00bb module_alignment=\u00bbcenter\u00bb global_colors_info=\u00bb{}\u00bb][\/et_pb_image][\/et_pb_column][\/et_pb_row][\/et_pb_section]<\/p>","protected":false},"excerpt":{"rendered":"<p>TECHLINET\u00c9CNICOSTECNOLOG\u00cdA COSM\u00c9TICA DE VANGUARDIA PARA UN CABELLO BONITOLas l\u00edneas Techline y Salontech de Longwell se componen de un grupo de productos concebidos para asegurar \u00f3ptimos resultados en procesos de coloraci\u00f3n y decoloraci\u00f3n capilar. En su conjunto, estos productos aportan seguridad, comodidad y ayuda al profesional y a su cliente a lo largo de los procesos [&hellip;]<\/p>","protected":false},"author":9192195,"featured_media":0,"parent":0,"menu_order":0,"comment_status":"closed","ping_status":"closed","template":"","meta":{"_et_pb_use_builder":"on","_et_pb_old_content":"","_et_gb_content_width":"","inline_featured_image":false,"footnotes":""},"class_list":["post-522","page","type-page","status-publish","hentry"],"_links":{"self":[{"href":"https:\/\/longwellprofessional.com\/en\/wp-json\/wp\/v2\/pages\/522","targetHints":{"allow":["GET"]}}],"collection":[{"href":"https:\/\/longwellprofessional.com\/en\/wp-json\/wp\/v2\/pages"}],"about":[{"href":"https:\/\/longwellprofessional.com\/en\/wp-json\/wp\/v2\/types\/page"}],"author":[{"embeddable":true,"href":"https:\/\/longwellprofessional.com\/en\/wp-json\/wp\/v2\/users\/9192195"}],"replies":[{"embeddable":true,"href":"https:\/\/longwellprofessional.com\/en\/wp-json\/wp\/v2\/comments?post=522"}],"version-history":[{"count":20,"href":"https:\/\/longwellprofessional.com\/en\/wp-json\/wp\/v2\/pages\/522\/revisions"}],"predecessor-version":[{"id":8125,"href":"https:\/\/longwellprofessional.com\/en\/wp-json\/wp\/v2\/pages\/522\/revisions\/8125"}],"wp:attachment":[{"href":"https:\/\/longwellprofessional.com\/en\/wp-json\/wp\/v2\/media?parent=522"}],"curies":[{"name":"wp","href":"https:\/\/api.w.org\/{rel}","templated":true}]}}